{"id":24775,"date":"2016-12-06T17:07:11","date_gmt":"2016-12-06T16:07:11","guid":{"rendered":"http:\/\/designeins.web-emotions.com\/?page_id=24775"},"modified":"2026-03-03T13:45:10","modified_gmt":"2026-03-03T12:45:10","slug":"ueber-uns","status":"publish","type":"page","link":"https:\/\/bender-reifen.de\/de\/ueber-uns\/","title":{"rendered":"\u00dcber Uns"},"content":{"rendered":"\t\t<div data-elementor-type=\"wp-page\" data-elementor-id=\"24775\" class=\"elementor elementor-24775\" data-elementor-post-type=\"page\">\n\t\t\t\t\t\t<section class=\"elementor-section elementor-top-section elementor-element elementor-element-6ae2297 elementor-reverse-mobile elementor-section-boxed elementor-section-height-default elementor-section-height-default\" data-id=\"6ae2297\" data-element_type=\"section\" data-e-type=\"section\">\n\t\t\t\t\t\t<div class=\"elementor-container elementor-column-gap-default\">\n\t\t\t\t\t<div class=\"elementor-column elementor-col-100 elementor-top-column elementor-element elementor-element-a713598\" data-id=\"a713598\" data-element_type=\"column\" data-e-type=\"column\">\n\t\t\t<div class=\"elementor-widget-wrap elementor-element-populated\">\n\t\t\t\t\t\t<div class=\"elementor-element elementor-element-42b1dc0 elementor-widget elementor-widget-heading\" data-id=\"42b1dc0\" data-element_type=\"widget\" data-e-type=\"widget\" data-widget_type=\"heading.default\">\n\t\t\t\t<div class=\"elementor-widget-container\">\n\t\t\t\t\t<h2 class=\"elementor-heading-title elementor-size-default\">Bender Reifen Recycling \u2013 die Profis f\u00fcr Altreifen\n<\/h2>\t\t\t\t<\/div>\n\t\t\t\t<\/div>\n\t\t\t\t<div class=\"elementor-element elementor-element-e10e1a5 elementor-widget elementor-widget-text-editor\" data-id=\"e10e1a5\" data-element_type=\"widget\" data-e-type=\"widget\" data-widget_type=\"text-editor.default\">\n\t\t\t\t<div class=\"elementor-widget-container\">\n\t\t\t\t\t\t\t\t\t<p>Seit mehr als 35 Jahren entsorgen wir Altreifen fachgerecht in ganz Deutschland. Wir haben Gummi und <a href=\"https:\/\/bender-reifen.de\/de\/bender-im-rennsport\/\">Benzin im Blut<\/a>\u00a0\u2013 Autofahren ist unsere Leidenschaft und aus \u00dcberzeugung und Leidenschaft k\u00fcmmern wir uns um die umweltfreundliche Entsorgung Ihrer Altreifen.<\/p><p>Besonders stolz sind wir auf unsere langj\u00e4hrigen Kundenbeziehungen. Mit einigen\u00a0<a href=\"https:\/\/bender-reifen.de\/de\/ueber-uns\/kunden-und-partner\/\">Kunden<\/a>\u00a0und Lieferanten arbeiten wir seit Gr\u00fcndung zusammen. Der beste und gr\u00f6\u00dfte Beweis, dass eine Zusammenarbeit f\u00fcr alle beteiligten Partner erfolgreich und zielf\u00fchrend ist.<\/p><p>Wir freuen uns, wenn auch Sie bald dazu geh\u00f6ren.<\/p>\t\t\t\t\t\t\t\t<\/div>\n\t\t\t\t<\/div>\n\t\t\t\t<div class=\"elementor-element elementor-element-1ac47b7 elementor-widget elementor-widget-image\" data-id=\"1ac47b7\" data-element_type=\"widget\" data-e-type=\"widget\" data-widget_type=\"image.default\">\n\t\t\t\t<div class=\"elementor-widget-container\">\n\t\t\t\t\t\t\t\t\t\t\t\t\t\t\t<img fetchpriority=\"high\" decoding=\"async\" width=\"800\" height=\"533\" src=\"https:\/\/bender-reifen.de\/wp-content\/uploads\/2016\/12\/IMG_3287-1024x682.jpg\" class=\"attachment-large size-large wp-image-24806\" alt=\"Bender Reifen Recycling - Profi f\u00fcr Altreifen: Dipl.-Ing. J\u00fcrgen Benderm Gesch\u00e4ftsf\u00fchrer\" srcset=\"https:\/\/bender-reifen.de\/wp-content\/uploads\/2016\/12\/IMG_3287-1024x682.jpg 1024w, https:\/\/bender-reifen.de\/wp-content\/uploads\/2016\/12\/IMG_3287-300x200.jpg 300w, https:\/\/bender-reifen.de\/wp-content\/uploads\/2016\/12\/IMG_3287-768x511.jpg 768w, https:\/\/bender-reifen.de\/wp-content\/uploads\/2016\/12\/IMG_3287-1080x719.jpg 1080w, https:\/\/bender-reifen.de\/wp-content\/uploads\/2016\/12\/IMG_3287.jpg 1500w\" sizes=\"(max-width: 800px) 100vw, 800px\" title=\"Bender Reifen Recycling - Profi f\u00fcr Altreifen: Dipl.-Ing. J\u00fcrgen Benderm Gesch\u00e4ftsf\u00fchrer\" \/>\t\t\t\t\t\t\t\t\t\t\t\t\t\t\t<\/div>\n\t\t\t\t<\/div>\n\t\t\t\t\t<\/div>\n\t\t<\/div>\n\t\t\t\t\t<\/div>\n\t\t<\/section>\n\t\t\t\t<section class=\"elementor-section elementor-top-section elementor-element elementor-element-f765346 elementor-section-boxed elementor-section-height-default elementor-section-height-default\" data-id=\"f765346\" data-element_type=\"section\" data-e-type=\"section\" id=\"karriere\">\n\t\t\t\t\t\t<div class=\"elementor-container elementor-column-gap-default\">\n\t\t\t\t\t<div class=\"elementor-column elementor-col-100 elementor-top-column elementor-element elementor-element-bf1b58a\" data-id=\"bf1b58a\" data-element_type=\"column\" data-e-type=\"column\">\n\t\t\t<div class=\"elementor-widget-wrap elementor-element-populated\">\n\t\t\t\t\t\t<div class=\"elementor-element elementor-element-a79c098 elementor-widget elementor-widget-heading\" data-id=\"a79c098\" data-element_type=\"widget\" data-e-type=\"widget\" data-widget_type=\"heading.default\">\n\t\t\t\t<div class=\"elementor-widget-container\">\n\t\t\t\t\t<h2 class=\"elementor-heading-title elementor-size-default\">Mach Karriere bei uns!<\/h2>\t\t\t\t<\/div>\n\t\t\t\t<\/div>\n\t\t\t\t<div class=\"elementor-element elementor-element-6d6d91a elementor-widget elementor-widget-heading\" data-id=\"6d6d91a\" data-element_type=\"widget\" data-e-type=\"widget\" data-widget_type=\"heading.default\">\n\t\t\t\t<div class=\"elementor-widget-container\">\n\t\t\t\t\t<h3 class=\"elementor-heading-title elementor-size-default\">Mitarbeiter f\u00fcr die Reifensortierung (w,m,d)<\/h3>\t\t\t\t<\/div>\n\t\t\t\t<\/div>\n\t\t\t\t<div class=\"elementor-element elementor-element-49ffa46 elementor-widget elementor-widget-text-editor\" data-id=\"49ffa46\" data-element_type=\"widget\" data-e-type=\"widget\" data-widget_type=\"text-editor.default\">\n\t\t\t\t<div class=\"elementor-widget-container\">\n\t\t\t\t\t\t\t\t\t<ul><li>F\u00fcr unsere Betrieb in Neckarsulm suchen wir t\u00fcchtige\u00a0und zuverl\u00e4ssige Mitarbeiter:innen f\u00fcr die Reifensortierung.<\/li><li>Wenn Sie anpacken k\u00f6nnen, belastbar sind und gerne im\u00a0Freien arbeiten sind Sie bei uns richtig. Vorkenntnisse nicht\u00a0erforderlich. Gerne arbeiten wir Sie ein. F\u00fchrerschein und<\/li><li>Deutschkenntnisse sind von Vorteil.<\/li><li>Wir bieten eine gute Bezahlung, feste Arbeitszeiten und bei\u00a0Eignung eine Festanstellung.<\/li><\/ul>\t\t\t\t\t\t\t\t<\/div>\n\t\t\t\t<\/div>\n\t\t\t\t<div class=\"elementor-element elementor-element-ec0bf5c elementor-icon-list--layout-inline elementor-align-center elementor-list-item-link-full_width elementor-widget elementor-widget-icon-list\" data-id=\"ec0bf5c\" data-element_type=\"widget\" data-e-type=\"widget\" data-widget_type=\"icon-list.default\">\n\t\t\t\t<div class=\"elementor-widget-container\">\n\t\t\t\t\t\t\t<ul class=\"elementor-icon-list-items elementor-inline-items\">\n\t\t\t\t\t\t\t<li class=\"elementor-icon-list-item elementor-inline-item\">\n\t\t\t\t\t\t\t\t\t\t\t<a href=\"tel:004971325927\">\n\n\t\t\t\t\t\t\t\t\t\t\t\t<span class=\"elementor-icon-list-icon\">\n\t\t\t\t\t\t\t<svg aria-hidden=\"true\" class=\"e-font-icon-svg e-fas-phone\" viewBox=\"0 0 512 512\" xmlns=\"http:\/\/www.w3.org\/2000\/svg\"><path d=\"M493.4 24.6l-104-24c-11.3-2.6-22.9 3.3-27.5 13.9l-48 112c-4.2 9.8-1.4 21.3 6.9 28l60.6 49.6c-36 76.7-98.9 140.5-177.2 177.2l-49.6-60.6c-6.8-8.3-18.2-11.1-28-6.9l-112 48C3.9 366.5-2 378.1.6 389.4l24 104C27.1 504.2 36.7 512 48 512c256.1 0 464-207.5 464-464 0-11.2-7.7-20.9-18.6-23.4z\"><\/path><\/svg>\t\t\t\t\t\t<\/span>\n\t\t\t\t\t\t\t\t\t\t<span class=\"elementor-icon-list-text\">07132\/5927<\/span>\n\t\t\t\t\t\t\t\t\t\t\t<\/a>\n\t\t\t\t\t\t\t\t\t<\/li>\n\t\t\t\t\t\t\t\t<li class=\"elementor-icon-list-item elementor-inline-item\">\n\t\t\t\t\t\t\t\t\t\t\t<a href=\"mailto:info@bender-reifen.de\">\n\n\t\t\t\t\t\t\t\t\t\t\t\t<span class=\"elementor-icon-list-icon\">\n\t\t\t\t\t\t\t<svg aria-hidden=\"true\" class=\"e-font-icon-svg e-fas-envelope\" viewBox=\"0 0 512 512\" xmlns=\"http:\/\/www.w3.org\/2000\/svg\"><path d=\"M502.3 190.8c3.9-3.1 9.7-.2 9.7 4.7V400c0 26.5-21.5 48-48 48H48c-26.5 0-48-21.5-48-48V195.6c0-5 5.7-7.8 9.7-4.7 22.4 17.4 52.1 39.5 154.1 113.6 21.1 15.4 56.7 47.8 92.2 47.6 35.7.3 72-32.8 92.3-47.6 102-74.1 131.6-96.3 154-113.7zM256 320c23.2.4 56.6-29.2 73.4-41.4 132.7-96.3 142.8-104.7 173.4-128.7 5.8-4.5 9.2-11.5 9.2-18.9v-19c0-26.5-21.5-48-48-48H48C21.5 64 0 85.5 0 112v19c0 7.4 3.4 14.3 9.2 18.9 30.6 23.9 40.7 32.4 173.4 128.7 16.8 12.2 50.2 41.8 73.4 41.4z\"><\/path><\/svg>\t\t\t\t\t\t<\/span>\n\t\t\t\t\t\t\t\t\t\t<span class=\"elementor-icon-list-text\">info@bender-reifen.de<\/span>\n\t\t\t\t\t\t\t\t\t\t\t<\/a>\n\t\t\t\t\t\t\t\t\t<\/li>\n\t\t\t\t\t\t<\/ul>\n\t\t\t\t\t\t<\/div>\n\t\t\t\t<\/div>\n\t\t\t\t<div class=\"elementor-element elementor-element-3623195 elementor-widget elementor-widget-heading\" data-id=\"3623195\" data-element_type=\"widget\" data-e-type=\"widget\" data-widget_type=\"heading.default\">\n\t\t\t\t<div class=\"elementor-widget-container\">\n\t\t\t\t\t<h3 class=\"elementor-heading-title elementor-size-default\">Lagermitarbeiter (w, m, d)<\/h3>\t\t\t\t<\/div>\n\t\t\t\t<\/div>\n\t\t\t\t<div class=\"elementor-element elementor-element-e3efe27 elementor-widget elementor-widget-text-editor\" data-id=\"e3efe27\" data-element_type=\"widget\" data-e-type=\"widget\" data-widget_type=\"text-editor.default\">\n\t\t\t\t<div class=\"elementor-widget-container\">\n\t\t\t\t\t\t\t\t\t<ul><li>F\u00fcr unseren Reifenhandels- und Recyclingbetrieb suchen wir\u00a0zuverl\u00e4ssige und t\u00fcchtige Mitarbeiter:innen die anpacken k\u00f6nnen.<\/li><li>Sie unterst\u00fctzen uns bei der Lagerung und Sortierung von Reifen.<\/li><li>F\u00fchrerschein und Deutschkenntnisse sind von Vorteil Gerne arbeiten wir Sie ein.<\/li><li>Wir bieten eine gute Bezahlung, feste Arbeitszeiten und bei\u00a0Eignung eine Festanstellung.<\/li><\/ul>\t\t\t\t\t\t\t\t<\/div>\n\t\t\t\t<\/div>\n\t\t\t\t<div class=\"elementor-element elementor-element-cb12ce7 elementor-icon-list--layout-inline elementor-align-center elementor-list-item-link-full_width elementor-widget elementor-widget-icon-list\" data-id=\"cb12ce7\" data-element_type=\"widget\" data-e-type=\"widget\" data-widget_type=\"icon-list.default\">\n\t\t\t\t<div class=\"elementor-widget-container\">\n\t\t\t\t\t\t\t<ul class=\"elementor-icon-list-items elementor-inline-items\">\n\t\t\t\t\t\t\t<li class=\"elementor-icon-list-item elementor-inline-item\">\n\t\t\t\t\t\t\t\t\t\t\t<a href=\"tel:004971325927\">\n\n\t\t\t\t\t\t\t\t\t\t\t\t<span class=\"elementor-icon-list-icon\">\n\t\t\t\t\t\t\t<svg aria-hidden=\"true\" class=\"e-font-icon-svg e-fas-phone\" viewBox=\"0 0 512 512\" xmlns=\"http:\/\/www.w3.org\/2000\/svg\"><path d=\"M493.4 24.6l-104-24c-11.3-2.6-22.9 3.3-27.5 13.9l-48 112c-4.2 9.8-1.4 21.3 6.9 28l60.6 49.6c-36 76.7-98.9 140.5-177.2 177.2l-49.6-60.6c-6.8-8.3-18.2-11.1-28-6.9l-112 48C3.9 366.5-2 378.1.6 389.4l24 104C27.1 504.2 36.7 512 48 512c256.1 0 464-207.5 464-464 0-11.2-7.7-20.9-18.6-23.4z\"><\/path><\/svg>\t\t\t\t\t\t<\/span>\n\t\t\t\t\t\t\t\t\t\t<span class=\"elementor-icon-list-text\">07132\/5927<\/span>\n\t\t\t\t\t\t\t\t\t\t\t<\/a>\n\t\t\t\t\t\t\t\t\t<\/li>\n\t\t\t\t\t\t\t\t<li class=\"elementor-icon-list-item elementor-inline-item\">\n\t\t\t\t\t\t\t\t\t\t\t<a href=\"mailto:info@bender-reifen.de\">\n\n\t\t\t\t\t\t\t\t\t\t\t\t<span class=\"elementor-icon-list-icon\">\n\t\t\t\t\t\t\t<svg aria-hidden=\"true\" class=\"e-font-icon-svg e-fas-envelope\" viewBox=\"0 0 512 512\" xmlns=\"http:\/\/www.w3.org\/2000\/svg\"><path d=\"M502.3 190.8c3.9-3.1 9.7-.2 9.7 4.7V400c0 26.5-21.5 48-48 48H48c-26.5 0-48-21.5-48-48V195.6c0-5 5.7-7.8 9.7-4.7 22.4 17.4 52.1 39.5 154.1 113.6 21.1 15.4 56.7 47.8 92.2 47.6 35.7.3 72-32.8 92.3-47.6 102-74.1 131.6-96.3 154-113.7zM256 320c23.2.4 56.6-29.2 73.4-41.4 132.7-96.3 142.8-104.7 173.4-128.7 5.8-4.5 9.2-11.5 9.2-18.9v-19c0-26.5-21.5-48-48-48H48C21.5 64 0 85.5 0 112v19c0 7.4 3.4 14.3 9.2 18.9 30.6 23.9 40.7 32.4 173.4 128.7 16.8 12.2 50.2 41.8 73.4 41.4z\"><\/path><\/svg>\t\t\t\t\t\t<\/span>\n\t\t\t\t\t\t\t\t\t\t<span class=\"elementor-icon-list-text\">info@bender-reifen.de<\/span>\n\t\t\t\t\t\t\t\t\t\t\t<\/a>\n\t\t\t\t\t\t\t\t\t<\/li>\n\t\t\t\t\t\t<\/ul>\n\t\t\t\t\t\t<\/div>\n\t\t\t\t<\/div>\n\t\t\t\t\t<\/div>\n\t\t<\/div>\n\t\t\t\t\t<\/div>\n\t\t<\/section>\n\t\t\t\t<\/div>\n\t\t","protected":false},"excerpt":{"rendered":"<p>Bender Reifen Recycling \u2013 die Profis f\u00fcr Altreifen Seit mehr als 35 Jahren entsorgen wir Altreifen fachgerecht in ganz Deutschland. Wir haben Gummi und Benzin im Blut\u00a0\u2013 Autofahren ist unsere Leidenschaft und aus \u00dcberzeugung und Leidenschaft k\u00fcmmern wir uns um die umweltfreundliche Entsorgung Ihrer Altreifen. Besonders stolz sind wir auf unsere langj\u00e4hrigen Kundenbeziehungen. Mit einigen\u00a0Kunden\u00a0und [&hellip;]<\/p>\n","protected":false},"author":2,"featured_media":0,"parent":0,"menu_order":0,"comment_status":"closed","ping_status":"closed","template":"","meta":{"footnotes":""},"class_list":["post-24775","page","type-page","status-publish","hentry"],"yoast_head":"<!-- This site is optimized with the Yoast SEO plugin v27.2 - https:\/\/yoast.com\/product\/yoast-seo-wordpress\/ -->\n<title>\u00dcber Uns - Bender Reifen Recycling<\/title>\n<meta name=\"description\" content=\"Bender Reifen Recycling \u2013 die Altreifenprofis. Seit mehr als 25 Jahren entsorgen wir Altreifen fachgerecht in ganz Deutschland.\" \/>\n<meta name=\"robots\" content=\"index, follow, max-snippet:-1, max-image-preview:large, max-video-preview:-1\" \/>\n<link rel=\"canonical\" href=\"https:\/\/bender-reifen.de\/de\/ueber-uns\/\" \/>\n<meta property=\"og:locale\" content=\"de_DE\" \/>\n<meta property=\"og:type\" content=\"article\" \/>\n<meta property=\"og:title\" content=\"\u00dcber Uns - Bender Reifen Recycling\" \/>\n<meta property=\"og:description\" content=\"Bender Reifen Recycling \u2013 die Altreifenprofis. Seit mehr als 25 Jahren entsorgen wir Altreifen fachgerecht in ganz Deutschland.\" \/>\n<meta property=\"og:url\" content=\"https:\/\/bender-reifen.de\/de\/ueber-uns\/\" \/>\n<meta property=\"og:site_name\" content=\"Bender Reifen Recycling\" \/>\n<meta property=\"article:modified_time\" content=\"2026-03-03T12:45:10+00:00\" \/>\n<meta property=\"og:image\" content=\"https:\/\/bender-reifen.de\/wp-content\/uploads\/2016\/12\/IMG_3287.jpg\" \/>\n\t<meta property=\"og:image:width\" content=\"1500\" \/>\n\t<meta property=\"og:image:height\" content=\"999\" \/>\n\t<meta property=\"og:image:type\" content=\"image\/jpeg\" \/>\n<meta name=\"twitter:card\" content=\"summary_large_image\" \/>\n<meta name=\"twitter:label1\" content=\"Gesch\u00e4tzte Lesezeit\" \/>\n\t<meta name=\"twitter:data1\" content=\"2\u00a0Minuten\" \/>\n<script type=\"application\/ld+json\" class=\"yoast-schema-graph\">{\"@context\":\"https:\/\/schema.org\",\"@graph\":[{\"@type\":\"WebPage\",\"@id\":\"https:\/\/bender-reifen.de\/de\/ueber-uns\/\",\"url\":\"https:\/\/bender-reifen.de\/de\/ueber-uns\/\",\"name\":\"\u00dcber Uns - Bender Reifen Recycling\",\"isPartOf\":{\"@id\":\"https:\/\/bender-reifen.de\/de\/#website\"},\"primaryImageOfPage\":{\"@id\":\"https:\/\/bender-reifen.de\/de\/ueber-uns\/#primaryimage\"},\"image\":{\"@id\":\"https:\/\/bender-reifen.de\/de\/ueber-uns\/#primaryimage\"},\"thumbnailUrl\":\"https:\/\/bender-reifen.de\/wp-content\/uploads\/2016\/12\/IMG_3287-1024x682.jpg\",\"datePublished\":\"2016-12-06T16:07:11+00:00\",\"dateModified\":\"2026-03-03T12:45:10+00:00\",\"description\":\"Bender Reifen Recycling \u2013 die Altreifenprofis. Seit mehr als 25 Jahren entsorgen wir Altreifen fachgerecht in ganz Deutschland.\",\"breadcrumb\":{\"@id\":\"https:\/\/bender-reifen.de\/de\/ueber-uns\/#breadcrumb\"},\"inLanguage\":\"de\",\"potentialAction\":[{\"@type\":\"ReadAction\",\"target\":[\"https:\/\/bender-reifen.de\/de\/ueber-uns\/\"]}]},{\"@type\":\"ImageObject\",\"inLanguage\":\"de\",\"@id\":\"https:\/\/bender-reifen.de\/de\/ueber-uns\/#primaryimage\",\"url\":\"https:\/\/bender-reifen.de\/wp-content\/uploads\/2016\/12\/IMG_3287-1024x682.jpg\",\"contentUrl\":\"https:\/\/bender-reifen.de\/wp-content\/uploads\/2016\/12\/IMG_3287-1024x682.jpg\"},{\"@type\":\"BreadcrumbList\",\"@id\":\"https:\/\/bender-reifen.de\/de\/ueber-uns\/#breadcrumb\",\"itemListElement\":[{\"@type\":\"ListItem\",\"position\":1,\"name\":\"Startseite\",\"item\":\"https:\/\/bender-reifen.de\/de\/\"},{\"@type\":\"ListItem\",\"position\":2,\"name\":\"\u00dcber Uns\"}]},{\"@type\":\"WebSite\",\"@id\":\"https:\/\/bender-reifen.de\/de\/#website\",\"url\":\"https:\/\/bender-reifen.de\/de\/\",\"name\":\"Bender Reifen Recycling\",\"description\":\"Ihr Partner, wenn es um Reifen geht.\",\"potentialAction\":[{\"@type\":\"SearchAction\",\"target\":{\"@type\":\"EntryPoint\",\"urlTemplate\":\"https:\/\/bender-reifen.de\/de\/?s={search_term_string}\"},\"query-input\":{\"@type\":\"PropertyValueSpecification\",\"valueRequired\":true,\"valueName\":\"search_term_string\"}}],\"inLanguage\":\"de\"}]}<\/script>\n<!-- \/ Yoast SEO plugin. -->","yoast_head_json":{"title":"\u00dcber Uns - Bender Reifen Recycling","description":"Bender Reifen Recycling \u2013 die Altreifenprofis. Seit mehr als 25 Jahren entsorgen wir Altreifen fachgerecht in ganz Deutschland.","robots":{"index":"index","follow":"follow","max-snippet":"max-snippet:-1","max-image-preview":"max-image-preview:large","max-video-preview":"max-video-preview:-1"},"canonical":"https:\/\/bender-reifen.de\/de\/ueber-uns\/","og_locale":"de_DE","og_type":"article","og_title":"\u00dcber Uns - Bender Reifen Recycling","og_description":"Bender Reifen Recycling \u2013 die Altreifenprofis. Seit mehr als 25 Jahren entsorgen wir Altreifen fachgerecht in ganz Deutschland.","og_url":"https:\/\/bender-reifen.de\/de\/ueber-uns\/","og_site_name":"Bender Reifen Recycling","article_modified_time":"2026-03-03T12:45:10+00:00","og_image":[{"width":1500,"height":999,"url":"https:\/\/bender-reifen.de\/wp-content\/uploads\/2016\/12\/IMG_3287.jpg","type":"image\/jpeg"}],"twitter_card":"summary_large_image","twitter_misc":{"Gesch\u00e4tzte Lesezeit":"2\u00a0Minuten"},"schema":{"@context":"https:\/\/schema.org","@graph":[{"@type":"WebPage","@id":"https:\/\/bender-reifen.de\/de\/ueber-uns\/","url":"https:\/\/bender-reifen.de\/de\/ueber-uns\/","name":"\u00dcber Uns - Bender Reifen Recycling","isPartOf":{"@id":"https:\/\/bender-reifen.de\/de\/#website"},"primaryImageOfPage":{"@id":"https:\/\/bender-reifen.de\/de\/ueber-uns\/#primaryimage"},"image":{"@id":"https:\/\/bender-reifen.de\/de\/ueber-uns\/#primaryimage"},"thumbnailUrl":"https:\/\/bender-reifen.de\/wp-content\/uploads\/2016\/12\/IMG_3287-1024x682.jpg","datePublished":"2016-12-06T16:07:11+00:00","dateModified":"2026-03-03T12:45:10+00:00","description":"Bender Reifen Recycling \u2013 die Altreifenprofis. Seit mehr als 25 Jahren entsorgen wir Altreifen fachgerecht in ganz Deutschland.","breadcrumb":{"@id":"https:\/\/bender-reifen.de\/de\/ueber-uns\/#breadcrumb"},"inLanguage":"de","potentialAction":[{"@type":"ReadAction","target":["https:\/\/bender-reifen.de\/de\/ueber-uns\/"]}]},{"@type":"ImageObject","inLanguage":"de","@id":"https:\/\/bender-reifen.de\/de\/ueber-uns\/#primaryimage","url":"https:\/\/bender-reifen.de\/wp-content\/uploads\/2016\/12\/IMG_3287-1024x682.jpg","contentUrl":"https:\/\/bender-reifen.de\/wp-content\/uploads\/2016\/12\/IMG_3287-1024x682.jpg"},{"@type":"BreadcrumbList","@id":"https:\/\/bender-reifen.de\/de\/ueber-uns\/#breadcrumb","itemListElement":[{"@type":"ListItem","position":1,"name":"Startseite","item":"https:\/\/bender-reifen.de\/de\/"},{"@type":"ListItem","position":2,"name":"\u00dcber Uns"}]},{"@type":"WebSite","@id":"https:\/\/bender-reifen.de\/de\/#website","url":"https:\/\/bender-reifen.de\/de\/","name":"Bender Reifen Recycling","description":"Ihr Partner, wenn es um Reifen geht.","potentialAction":[{"@type":"SearchAction","target":{"@type":"EntryPoint","urlTemplate":"https:\/\/bender-reifen.de\/de\/?s={search_term_string}"},"query-input":{"@type":"PropertyValueSpecification","valueRequired":true,"valueName":"search_term_string"}}],"inLanguage":"de"}]}},"_links":{"self":[{"href":"https:\/\/bender-reifen.de\/de\/wp-json\/wp\/v2\/pages\/24775","targetHints":{"allow":["GET"]}}],"collection":[{"href":"https:\/\/bender-reifen.de\/de\/wp-json\/wp\/v2\/pages"}],"about":[{"href":"https:\/\/bender-reifen.de\/de\/wp-json\/wp\/v2\/types\/page"}],"author":[{"embeddable":true,"href":"https:\/\/bender-reifen.de\/de\/wp-json\/wp\/v2\/users\/2"}],"replies":[{"embeddable":true,"href":"https:\/\/bender-reifen.de\/de\/wp-json\/wp\/v2\/comments?post=24775"}],"version-history":[{"count":3,"href":"https:\/\/bender-reifen.de\/de\/wp-json\/wp\/v2\/pages\/24775\/revisions"}],"predecessor-version":[{"id":43232,"href":"https:\/\/bender-reifen.de\/de\/wp-json\/wp\/v2\/pages\/24775\/revisions\/43232"}],"wp:attachment":[{"href":"https:\/\/bender-reifen.de\/de\/wp-json\/wp\/v2\/media?parent=24775"}],"curies":[{"name":"wp","href":"https:\/\/api.w.org\/{rel}","templated":true}]}}