{"id":24962,"date":"2018-08-01T12:41:47","date_gmt":"2018-08-01T10:41:47","guid":{"rendered":"https:\/\/bender-reifen.de\/?page_id=24962"},"modified":"2026-03-03T12:53:45","modified_gmt":"2026-03-03T11:53:45","slug":"service","status":"publish","type":"page","link":"https:\/\/bender-reifen.de\/de\/altreifen-recycling\/service\/","title":{"rendered":"Service"},"content":{"rendered":"\t\t<div data-elementor-type=\"wp-post\" data-elementor-id=\"24962\" class=\"elementor elementor-24962\" data-elementor-post-type=\"page\">\n\t\t\t\t\t\t<section class=\"elementor-section elementor-top-section elementor-element elementor-element-33f53fae elementor-section-boxed elementor-section-height-default elementor-section-height-default\" data-id=\"33f53fae\" data-element_type=\"section\" data-e-type=\"section\">\n\t\t\t\t\t\t<div class=\"elementor-container elementor-column-gap-default\">\n\t\t\t\t\t<div class=\"elementor-column elementor-col-100 elementor-top-column elementor-element elementor-element-190a4b6c\" data-id=\"190a4b6c\" data-element_type=\"column\" data-e-type=\"column\">\n\t\t\t<div class=\"elementor-widget-wrap elementor-element-populated\">\n\t\t\t\t\t\t<div class=\"elementor-element elementor-element-47ae1233 elementor-widget elementor-widget-text-editor\" data-id=\"47ae1233\" data-element_type=\"widget\" data-e-type=\"widget\" data-widget_type=\"text-editor.default\">\n\t\t\t\t<div class=\"elementor-widget-container\">\n\t\t\t\t\t\t\t\t\t<h2>Wir k\u00fcmmern uns darum!<\/h2><p>Sie haben <strong>Altreifen<\/strong>? Unser Service k\u00fcmmert sich darum! Egal, welche Altreifen bei Ihnen anfallen, ob Pkw-, Motorrad-, Nutzfahrzeugreifen oder Vollgummi-Reifen \u2013 mit uns haben Sie einen zuverl\u00e4ssigen Partner, der Ihre <strong>Altreifen<\/strong> abnimmt und garantiert nachhaltig und umweltfreundlich weiterverwertet.<\/p>\t\t\t\t\t\t\t\t<\/div>\n\t\t\t\t<\/div>\n\t\t\t\t<div class=\"elementor-element elementor-element-fc4f321 elementor-align-center elementor-widget elementor-widget-button\" data-id=\"fc4f321\" data-element_type=\"widget\" data-e-type=\"widget\" data-widget_type=\"button.default\">\n\t\t\t\t<div class=\"elementor-widget-container\">\n\t\t\t\t\t\t\t\t\t<div class=\"elementor-button-wrapper\">\n\t\t\t\t\t<a class=\"elementor-button elementor-button-link elementor-size-lg\" href=\"https:\/\/bender-reifen.de\/de\/kontakt\/\">\n\t\t\t\t\t\t<span class=\"elementor-button-content-wrapper\">\n\t\t\t\t\t\t<span class=\"elementor-button-icon\">\n\t\t\t\t<svg aria-hidden=\"true\" class=\"e-font-icon-svg e-fas-envelope\" viewBox=\"0 0 512 512\" xmlns=\"http:\/\/www.w3.org\/2000\/svg\"><path d=\"M502.3 190.8c3.9-3.1 9.7-.2 9.7 4.7V400c0 26.5-21.5 48-48 48H48c-26.5 0-48-21.5-48-48V195.6c0-5 5.7-7.8 9.7-4.7 22.4 17.4 52.1 39.5 154.1 113.6 21.1 15.4 56.7 47.8 92.2 47.6 35.7.3 72-32.8 92.3-47.6 102-74.1 131.6-96.3 154-113.7zM256 320c23.2.4 56.6-29.2 73.4-41.4 132.7-96.3 142.8-104.7 173.4-128.7 5.8-4.5 9.2-11.5 9.2-18.9v-19c0-26.5-21.5-48-48-48H48C21.5 64 0 85.5 0 112v19c0 7.4 3.4 14.3 9.2 18.9 30.6 23.9 40.7 32.4 173.4 128.7 16.8 12.2 50.2 41.8 73.4 41.4z\"><\/path><\/svg>\t\t\t<\/span>\n\t\t\t\t\t\t\t\t\t<span class=\"elementor-button-text\">Fragen Sie jetzt Ihren konkreten Bedarf an<\/span>\n\t\t\t\t\t<\/span>\n\t\t\t\t\t<\/a>\n\t\t\t\t<\/div>\n\t\t\t\t\t\t\t\t<\/div>\n\t\t\t\t<\/div>\n\t\t\t\t\t<\/div>\n\t\t<\/div>\n\t\t\t\t\t<\/div>\n\t\t<\/section>\n\t\t\t\t<section class=\"elementor-section elementor-top-section elementor-element elementor-element-357e271 elementor-section-boxed elementor-section-height-default elementor-section-height-default\" data-id=\"357e271\" data-element_type=\"section\" data-e-type=\"section\">\n\t\t\t\t\t\t<div class=\"elementor-container elementor-column-gap-default\">\n\t\t\t\t\t<div class=\"elementor-column elementor-col-100 elementor-top-column elementor-element elementor-element-6a1a793\" data-id=\"6a1a793\" data-element_type=\"column\" data-e-type=\"column\">\n\t\t\t<div class=\"elementor-widget-wrap elementor-element-populated\">\n\t\t\t\t\t\t<div class=\"elementor-element elementor-element-ae4ba7e elementor-widget elementor-widget-heading\" data-id=\"ae4ba7e\" data-element_type=\"widget\" data-e-type=\"widget\" data-widget_type=\"heading.default\">\n\t\t\t\t<div class=\"elementor-widget-container\">\n\t\t\t\t\t<h2 class=\"elementor-heading-title elementor-size-default\">Unser Service im \u00dcberblick\n<\/h2>\t\t\t\t<\/div>\n\t\t\t\t<\/div>\n\t\t\t\t\t<\/div>\n\t\t<\/div>\n\t\t\t\t\t<\/div>\n\t\t<\/section>\n\t\t\t\t<section class=\"elementor-section elementor-top-section elementor-element elementor-element-7507716 elementor-section-boxed elementor-section-height-default elementor-section-height-default\" data-id=\"7507716\" data-element_type=\"section\" data-e-type=\"section\">\n\t\t\t\t\t\t<div class=\"elementor-container elementor-column-gap-default\">\n\t\t\t\t\t<div class=\"elementor-column elementor-col-50 elementor-top-column elementor-element elementor-element-c16c403\" data-id=\"c16c403\" data-element_type=\"column\" data-e-type=\"column\">\n\t\t\t<div class=\"elementor-widget-wrap elementor-element-populated\">\n\t\t\t\t\t\t<div class=\"elementor-element elementor-element-5f3f017 elementor-cta--skin-classic elementor-animated-content elementor-bg-transform elementor-bg-transform-zoom-in elementor-widget elementor-widget-call-to-action\" data-id=\"5f3f017\" data-element_type=\"widget\" data-e-type=\"widget\" data-widget_type=\"call-to-action.default\">\n\t\t\t\t<div class=\"elementor-widget-container\">\n\t\t\t\t\t\t\t<div class=\"elementor-cta\">\n\t\t\t\t\t\t\t<div class=\"elementor-cta__content\">\n\t\t\t\t\t\t\t\t\t<div class=\"elementor-content-item elementor-cta__content-item elementor-icon-wrapper elementor-cta__icon elementor-view-default\">\n\t\t\t\t\t\t<div class=\"elementor-icon\">\n\t\t\t\t\t\t\t<svg aria-hidden=\"true\" class=\"e-font-icon-svg e-fas-trash-alt\" viewBox=\"0 0 448 512\" xmlns=\"http:\/\/www.w3.org\/2000\/svg\"><path d=\"M32 464a48 48 0 0 0 48 48h288a48 48 0 0 0 48-48V128H32zm272-256a16 16 0 0 1 32 0v224a16 16 0 0 1-32 0zm-96 0a16 16 0 0 1 32 0v224a16 16 0 0 1-32 0zm-96 0a16 16 0 0 1 32 0v224a16 16 0 0 1-32 0zM432 32H312l-9.4-18.7A24 24 0 0 0 281.1 0H166.8a23.72 23.72 0 0 0-21.4 13.3L136 32H16A16 16 0 0 0 0 48v32a16 16 0 0 0 16 16h416a16 16 0 0 0 16-16V48a16 16 0 0 0-16-16z\"><\/path><\/svg>\t\t\t\t\t\t<\/div>\n\t\t\t\t\t<\/div>\n\t\t\t\t\n\t\t\t\t\t\t\t\t\t<h3 class=\"elementor-cta__title elementor-cta__content-item elementor-content-item\">\n\t\t\t\t\t\tAltreifenentsorgung\t\t\t\t\t<\/h3>\n\t\t\t\t\n\t\t\t\t\t\t\t\t\t<div class=\"elementor-cta__description elementor-cta__content-item elementor-content-item\">\n\t\t\t\t\t\t<strong>Altreifenentsorgung.<\/strong> Wir holen die Reifen so ab, wie es f\u00fcr Sie am besten ist. Gerne stellen wir Ihnen einen Container f\u00fcr Ihre Altreifen auf und holen diesen ab, sobald er voll ist \u2013 bei uns werden die Reifen dann einzeln gepr\u00fcft und entsprechend ihrem Zustand weiterverwertet.\t\t\t\t\t<\/div>\n\t\t\t\t\n\t\t\t\t\t\t\t<\/div>\n\t\t\t\t\t\t<\/div>\n\t\t\t\t\t\t<\/div>\n\t\t\t\t<\/div>\n\t\t\t\t<div class=\"elementor-element elementor-element-793b70c elementor-cta--skin-classic elementor-animated-content elementor-bg-transform elementor-bg-transform-zoom-in elementor-widget elementor-widget-call-to-action\" data-id=\"793b70c\" data-element_type=\"widget\" data-e-type=\"widget\" data-widget_type=\"call-to-action.default\">\n\t\t\t\t<div class=\"elementor-widget-container\">\n\t\t\t\t\t\t\t<div class=\"elementor-cta\">\n\t\t\t\t\t\t\t<div class=\"elementor-cta__content\">\n\t\t\t\t\t\t\t\t\t<div class=\"elementor-content-item elementor-cta__content-item elementor-icon-wrapper elementor-cta__icon elementor-view-default\">\n\t\t\t\t\t\t<div class=\"elementor-icon\">\n\t\t\t\t\t\t\t<svg aria-hidden=\"true\" class=\"e-font-icon-svg e-fas-tools\" viewBox=\"0 0 512 512\" xmlns=\"http:\/\/www.w3.org\/2000\/svg\"><path d=\"M501.1 395.7L384 278.6c-23.1-23.1-57.6-27.6-85.4-13.9L192 158.1V96L64 0 0 64l96 128h62.1l106.6 106.6c-13.6 27.8-9.2 62.3 13.9 85.4l117.1 117.1c14.6 14.6 38.2 14.6 52.7 0l52.7-52.7c14.5-14.6 14.5-38.2 0-52.7zM331.7 225c28.3 0 54.9 11 74.9 31l19.4 19.4c15.8-6.9 30.8-16.5 43.8-29.5 37.1-37.1 49.7-89.3 37.9-136.7-2.2-9-13.5-12.1-20.1-5.5l-74.4 74.4-67.9-11.3L334 98.9l74.4-74.4c6.6-6.6 3.4-17.9-5.7-20.2-47.4-11.7-99.6.9-136.6 37.9-28.5 28.5-41.9 66.1-41.2 103.6l82.1 82.1c8.1-1.9 16.5-2.9 24.7-2.9zm-103.9 82l-56.7-56.7L18.7 402.8c-25 25-25 65.5 0 90.5s65.5 25 90.5 0l123.6-123.6c-7.6-19.9-9.9-41.6-5-62.7zM64 472c-13.2 0-24-10.8-24-24 0-13.3 10.7-24 24-24s24 10.7 24 24c0 13.2-10.7 24-24 24z\"><\/path><\/svg>\t\t\t\t\t\t<\/div>\n\t\t\t\t\t<\/div>\n\t\t\t\t\n\t\t\t\t\t\t\t\t\t<h3 class=\"elementor-cta__title elementor-cta__content-item elementor-content-item\">\n\t\t\t\t\t\tReifenmontage\t\t\t\t\t<\/h3>\n\t\t\t\t\n\t\t\t\t\t\t\t\t\t<div class=\"elementor-cta__description elementor-cta__content-item elementor-content-item\">\n\t\t\t\t\t\tWir sind Spezialisten, wenn es um Reifen geht. Deswegen sind wir auch der richtige Ansprechpartner, wenn Sie Ihre Reifen montieren lassen m\u00f6chten. \n<br \/>\nLesen Sie mehr zu unserer Reifenmontage und senden Sie uns einfach eine Anfrage.\t\t\t\t\t<\/div>\n\t\t\t\t\n\t\t\t\t\t\t\t<\/div>\n\t\t\t\t\t\t<\/div>\n\t\t\t\t\t\t<\/div>\n\t\t\t\t<\/div>\n\t\t\t\t\t<\/div>\n\t\t<\/div>\n\t\t\t\t<div class=\"elementor-column elementor-col-50 elementor-top-column elementor-element elementor-element-2208412\" data-id=\"2208412\" data-element_type=\"column\" data-e-type=\"column\">\n\t\t\t<div class=\"elementor-widget-wrap elementor-element-populated\">\n\t\t\t\t\t\t<div class=\"elementor-element elementor-element-48a9b55 elementor-cta--skin-classic elementor-animated-content elementor-bg-transform elementor-bg-transform-zoom-in elementor-widget elementor-widget-call-to-action\" data-id=\"48a9b55\" data-element_type=\"widget\" data-e-type=\"widget\" data-widget_type=\"call-to-action.default\">\n\t\t\t\t<div class=\"elementor-widget-container\">\n\t\t\t\t\t\t\t<div class=\"elementor-cta\">\n\t\t\t\t\t\t\t<div class=\"elementor-cta__content\">\n\t\t\t\t\t\t\t\t\t<div class=\"elementor-content-item elementor-cta__content-item elementor-icon-wrapper elementor-cta__icon elementor-view-default\">\n\t\t\t\t\t\t<div class=\"elementor-icon\">\n\t\t\t\t\t\t\t<svg aria-hidden=\"true\" class=\"e-font-icon-svg e-fas-ring\" viewBox=\"0 0 512 512\" xmlns=\"http:\/\/www.w3.org\/2000\/svg\"><path d=\"M256 64C110.06 64 0 125.91 0 208v98.13C0 384.48 114.62 448 256 448s256-63.52 256-141.87V208c0-82.09-110.06-144-256-144zm0 64c106.04 0 192 35.82 192 80 0 9.26-3.97 18.12-10.91 26.39C392.15 208.21 328.23 192 256 192s-136.15 16.21-181.09 42.39C67.97 226.12 64 217.26 64 208c0-44.18 85.96-80 192-80zM120.43 264.64C155.04 249.93 201.64 240 256 240s100.96 9.93 135.57 24.64C356.84 279.07 308.93 288 256 288s-100.84-8.93-135.57-23.36z\"><\/path><\/svg>\t\t\t\t\t\t<\/div>\n\t\t\t\t\t<\/div>\n\t\t\t\t\n\t\t\t\t\t\t\t\t\t<h3 class=\"elementor-cta__title elementor-cta__content-item elementor-content-item\">\n\t\t\t\t\t\tGebrauchtreifen Verkauf - Altreifen Verkauf.\t\t\t\t\t<\/h3>\n\t\t\t\t\n\t\t\t\t\t\t\t\t\t<div class=\"elementor-cta__description elementor-cta__content-item elementor-content-item\">\n\t\t\t\t\t\t<strong>Altreifen Verkauf.<\/strong> Sie sind auf der Suche nach Gebrauchtreifen in einem guten Zustand? Dann sind Sie bei uns richtig. Gerne bieten wir Ihnen Gebrauchtreifen in dem von Ihnen gew\u00fcnschten Zustand an. \nSchicken Sie uns einfach eine Anfrage.\t\t\t\t\t<\/div>\n\t\t\t\t\n\t\t\t\t\t\t\t<\/div>\n\t\t\t\t\t\t<\/div>\n\t\t\t\t\t\t<\/div>\n\t\t\t\t<\/div>\n\t\t\t\t<div class=\"elementor-element elementor-element-31252a3 elementor-cta--skin-classic elementor-animated-content elementor-bg-transform elementor-bg-transform-zoom-in elementor-widget elementor-widget-call-to-action\" data-id=\"31252a3\" data-element_type=\"widget\" data-e-type=\"widget\" data-widget_type=\"call-to-action.default\">\n\t\t\t\t<div class=\"elementor-widget-container\">\n\t\t\t\t\t\t\t<div class=\"elementor-cta\">\n\t\t\t\t\t\t\t<div class=\"elementor-cta__content\">\n\t\t\t\t\t\t\t\t\t<div class=\"elementor-content-item elementor-cta__content-item elementor-icon-wrapper elementor-cta__icon elementor-view-default\">\n\t\t\t\t\t\t<div class=\"elementor-icon\">\n\t\t\t\t\t\t\t<svg aria-hidden=\"true\" class=\"e-font-icon-svg e-fas-truck-moving\" viewBox=\"0 0 640 512\" xmlns=\"http:\/\/www.w3.org\/2000\/svg\"><path d=\"M621.3 237.3l-58.5-58.5c-12-12-28.3-18.7-45.3-18.7H480V64c0-17.7-14.3-32-32-32H32C14.3 32 0 46.3 0 64v336c0 44.2 35.8 80 80 80 26.3 0 49.4-12.9 64-32.4 14.6 19.6 37.7 32.4 64 32.4 44.2 0 80-35.8 80-80 0-5.5-.6-10.8-1.6-16h163.2c-1.1 5.2-1.6 10.5-1.6 16 0 44.2 35.8 80 80 80s80-35.8 80-80c0-5.5-.6-10.8-1.6-16H624c8.8 0 16-7.2 16-16v-85.5c0-17-6.7-33.2-18.7-45.2zM80 432c-17.6 0-32-14.4-32-32s14.4-32 32-32 32 14.4 32 32-14.4 32-32 32zm128 0c-17.6 0-32-14.4-32-32s14.4-32 32-32 32 14.4 32 32-14.4 32-32 32zm272-224h37.5c4.3 0 8.3 1.7 11.3 4.7l43.3 43.3H480v-48zm48 224c-17.6 0-32-14.4-32-32s14.4-32 32-32 32 14.4 32 32-14.4 32-32 32z\"><\/path><\/svg>\t\t\t\t\t\t<\/div>\n\t\t\t\t\t<\/div>\n\t\t\t\t\n\t\t\t\t\t\t\t\t\t<h3 class=\"elementor-cta__title elementor-cta__content-item elementor-content-item\">\n\t\t\t\t\t\tReifenexport\t\t\t\t\t<\/h3>\n\t\t\t\t\n\t\t\t\t\t\t\t\t\t<div class=\"elementor-cta__description elementor-cta__content-item elementor-content-item\">\n\t\t\t\t\t\tSie m\u00f6chten gr\u00f6\u00dfere Mengen Reifen in Deutschland kaufen und in ein anderen Land exportieren? Wir kennen uns aus. Gerne bieten wir Ihnen die entsprechenden Produkte an und unterst\u00fctzen Sie mit unserer Erfahrung und unserem Know-How.\t\t\t\t\t<\/div>\n\t\t\t\t\n\t\t\t\t\t\t\t<\/div>\n\t\t\t\t\t\t<\/div>\n\t\t\t\t\t\t<\/div>\n\t\t\t\t<\/div>\n\t\t\t\t\t<\/div>\n\t\t<\/div>\n\t\t\t\t\t<\/div>\n\t\t<\/section>\n\t\t\t\t<\/div>\n\t\t","protected":false},"excerpt":{"rendered":"<p>Wir k\u00fcmmern uns darum! Sie haben Altreifen? Unser Service k\u00fcmmert sich darum! Egal, welche Altreifen bei Ihnen anfallen, ob Pkw-, Motorrad-, Nutzfahrzeugreifen oder Vollgummi-Reifen \u2013 mit uns haben Sie einen zuverl\u00e4ssigen Partner, der Ihre Altreifen abnimmt und garantiert nachhaltig und umweltfreundlich weiterverwertet. Fragen Sie jetzt Ihren konkreten Bedarf an Unser Service im \u00dcberblick Altreifenentsorgung Altreifenentsorgung. [&hellip;]<\/p>\n","protected":false},"author":2,"featured_media":25288,"parent":24960,"menu_order":0,"comment_status":"closed","ping_status":"closed","template":"","meta":{"footnotes":""},"class_list":["post-24962","page","type-page","status-publish","has-post-thumbnail","hentry"],"yoast_head":"<!-- This site is optimized with the Yoast SEO plugin v27.3 - https:\/\/yoast.com\/product\/yoast-seo-wordpress\/ -->\n<title>Unser Altreifen Service im \u00dcberblick - Bender Reifen Recycling<\/title>\n<meta name=\"description\" content=\"Sie haben Altreifen? Unser Service k\u00fcmmert sich darum! Egal, welche Altreifen bei Ihnen anfallen \u2013 mit uns haben Sie einen zuverl\u00e4ssigen Partner.\" \/>\n<meta name=\"robots\" content=\"index, follow, max-snippet:-1, max-image-preview:large, max-video-preview:-1\" \/>\n<link rel=\"canonical\" href=\"https:\/\/bender-reifen.de\/de\/altreifen-recycling\/service\/\" \/>\n<meta property=\"og:locale\" content=\"de_DE\" \/>\n<meta property=\"og:type\" content=\"article\" \/>\n<meta property=\"og:title\" content=\"Unser Altreifen Service im \u00dcberblick - Bender Reifen Recycling\" \/>\n<meta property=\"og:description\" content=\"Sie haben Altreifen? Unser Service k\u00fcmmert sich darum! Egal, welche Altreifen bei Ihnen anfallen \u2013 mit uns haben Sie einen zuverl\u00e4ssigen Partner.\" \/>\n<meta property=\"og:url\" content=\"https:\/\/bender-reifen.de\/de\/altreifen-recycling\/service\/\" \/>\n<meta property=\"og:site_name\" content=\"Bender Reifen Recycling\" \/>\n<meta property=\"article:modified_time\" content=\"2026-03-03T11:53:45+00:00\" \/>\n<meta property=\"og:image\" content=\"https:\/\/bender-reifen.de\/wp-content\/uploads\/bender_reifen_-_service.jpg\" \/>\n\t<meta property=\"og:image:width\" content=\"1200\" \/>\n\t<meta property=\"og:image:height\" content=\"600\" \/>\n\t<meta property=\"og:image:type\" content=\"image\/jpeg\" \/>\n<meta name=\"twitter:card\" content=\"summary_large_image\" \/>\n<meta name=\"twitter:label1\" content=\"Gesch\u00e4tzte Lesezeit\" \/>\n\t<meta name=\"twitter:data1\" content=\"2\u00a0Minuten\" \/>\n<script type=\"application\/ld+json\" class=\"yoast-schema-graph\">{\"@context\":\"https:\\\/\\\/schema.org\",\"@graph\":[{\"@type\":\"WebPage\",\"@id\":\"https:\\\/\\\/bender-reifen.de\\\/de\\\/altreifen-recycling\\\/service\\\/\",\"url\":\"https:\\\/\\\/bender-reifen.de\\\/de\\\/altreifen-recycling\\\/service\\\/\",\"name\":\"Unser Altreifen Service im \u00dcberblick - Bender Reifen Recycling\",\"isPartOf\":{\"@id\":\"https:\\\/\\\/bender-reifen.de\\\/de\\\/#website\"},\"primaryImageOfPage\":{\"@id\":\"https:\\\/\\\/bender-reifen.de\\\/de\\\/altreifen-recycling\\\/service\\\/#primaryimage\"},\"image\":{\"@id\":\"https:\\\/\\\/bender-reifen.de\\\/de\\\/altreifen-recycling\\\/service\\\/#primaryimage\"},\"thumbnailUrl\":\"https:\\\/\\\/bender-reifen.de\\\/wp-content\\\/uploads\\\/bender_reifen_-_service.jpg\",\"datePublished\":\"2018-08-01T10:41:47+00:00\",\"dateModified\":\"2026-03-03T11:53:45+00:00\",\"description\":\"Sie haben Altreifen? Unser Service k\u00fcmmert sich darum! Egal, welche Altreifen bei Ihnen anfallen \u2013 mit uns haben Sie einen zuverl\u00e4ssigen Partner.\",\"breadcrumb\":{\"@id\":\"https:\\\/\\\/bender-reifen.de\\\/de\\\/altreifen-recycling\\\/service\\\/#breadcrumb\"},\"inLanguage\":\"de\",\"potentialAction\":[{\"@type\":\"ReadAction\",\"target\":[\"https:\\\/\\\/bender-reifen.de\\\/de\\\/altreifen-recycling\\\/service\\\/\"]}]},{\"@type\":\"ImageObject\",\"inLanguage\":\"de\",\"@id\":\"https:\\\/\\\/bender-reifen.de\\\/de\\\/altreifen-recycling\\\/service\\\/#primaryimage\",\"url\":\"https:\\\/\\\/bender-reifen.de\\\/wp-content\\\/uploads\\\/bender_reifen_-_service.jpg\",\"contentUrl\":\"https:\\\/\\\/bender-reifen.de\\\/wp-content\\\/uploads\\\/bender_reifen_-_service.jpg\",\"width\":1200,\"height\":600,\"caption\":\"Bender Reifen Recycling - Service\"},{\"@type\":\"BreadcrumbList\",\"@id\":\"https:\\\/\\\/bender-reifen.de\\\/de\\\/altreifen-recycling\\\/service\\\/#breadcrumb\",\"itemListElement\":[{\"@type\":\"ListItem\",\"position\":1,\"name\":\"Startseite\",\"item\":\"https:\\\/\\\/bender-reifen.de\\\/de\\\/\"},{\"@type\":\"ListItem\",\"position\":2,\"name\":\"Altreifen Recycling\",\"item\":\"https:\\\/\\\/bender-reifen.de\\\/de\\\/altreifen-recycling\\\/\"},{\"@type\":\"ListItem\",\"position\":3,\"name\":\"Service\"}]},{\"@type\":\"WebSite\",\"@id\":\"https:\\\/\\\/bender-reifen.de\\\/de\\\/#website\",\"url\":\"https:\\\/\\\/bender-reifen.de\\\/de\\\/\",\"name\":\"Bender Reifen Recycling\",\"description\":\"Ihr Partner, wenn es um Reifen geht.\",\"potentialAction\":[{\"@type\":\"SearchAction\",\"target\":{\"@type\":\"EntryPoint\",\"urlTemplate\":\"https:\\\/\\\/bender-reifen.de\\\/de\\\/?s={search_term_string}\"},\"query-input\":{\"@type\":\"PropertyValueSpecification\",\"valueRequired\":true,\"valueName\":\"search_term_string\"}}],\"inLanguage\":\"de\"}]}<\/script>\n<!-- \/ Yoast SEO plugin. -->","yoast_head_json":{"title":"Unser Altreifen Service im \u00dcberblick - Bender Reifen Recycling","description":"Sie haben Altreifen? Unser Service k\u00fcmmert sich darum! Egal, welche Altreifen bei Ihnen anfallen \u2013 mit uns haben Sie einen zuverl\u00e4ssigen Partner.","robots":{"index":"index","follow":"follow","max-snippet":"max-snippet:-1","max-image-preview":"max-image-preview:large","max-video-preview":"max-video-preview:-1"},"canonical":"https:\/\/bender-reifen.de\/de\/altreifen-recycling\/service\/","og_locale":"de_DE","og_type":"article","og_title":"Unser Altreifen Service im \u00dcberblick - Bender Reifen Recycling","og_description":"Sie haben Altreifen? Unser Service k\u00fcmmert sich darum! Egal, welche Altreifen bei Ihnen anfallen \u2013 mit uns haben Sie einen zuverl\u00e4ssigen Partner.","og_url":"https:\/\/bender-reifen.de\/de\/altreifen-recycling\/service\/","og_site_name":"Bender Reifen Recycling","article_modified_time":"2026-03-03T11:53:45+00:00","og_image":[{"width":1200,"height":600,"url":"https:\/\/bender-reifen.de\/wp-content\/uploads\/bender_reifen_-_service.jpg","type":"image\/jpeg"}],"twitter_card":"summary_large_image","twitter_misc":{"Gesch\u00e4tzte Lesezeit":"2\u00a0Minuten"},"schema":{"@context":"https:\/\/schema.org","@graph":[{"@type":"WebPage","@id":"https:\/\/bender-reifen.de\/de\/altreifen-recycling\/service\/","url":"https:\/\/bender-reifen.de\/de\/altreifen-recycling\/service\/","name":"Unser Altreifen Service im \u00dcberblick - Bender Reifen Recycling","isPartOf":{"@id":"https:\/\/bender-reifen.de\/de\/#website"},"primaryImageOfPage":{"@id":"https:\/\/bender-reifen.de\/de\/altreifen-recycling\/service\/#primaryimage"},"image":{"@id":"https:\/\/bender-reifen.de\/de\/altreifen-recycling\/service\/#primaryimage"},"thumbnailUrl":"https:\/\/bender-reifen.de\/wp-content\/uploads\/bender_reifen_-_service.jpg","datePublished":"2018-08-01T10:41:47+00:00","dateModified":"2026-03-03T11:53:45+00:00","description":"Sie haben Altreifen? Unser Service k\u00fcmmert sich darum! Egal, welche Altreifen bei Ihnen anfallen \u2013 mit uns haben Sie einen zuverl\u00e4ssigen Partner.","breadcrumb":{"@id":"https:\/\/bender-reifen.de\/de\/altreifen-recycling\/service\/#breadcrumb"},"inLanguage":"de","potentialAction":[{"@type":"ReadAction","target":["https:\/\/bender-reifen.de\/de\/altreifen-recycling\/service\/"]}]},{"@type":"ImageObject","inLanguage":"de","@id":"https:\/\/bender-reifen.de\/de\/altreifen-recycling\/service\/#primaryimage","url":"https:\/\/bender-reifen.de\/wp-content\/uploads\/bender_reifen_-_service.jpg","contentUrl":"https:\/\/bender-reifen.de\/wp-content\/uploads\/bender_reifen_-_service.jpg","width":1200,"height":600,"caption":"Bender Reifen Recycling - Service"},{"@type":"BreadcrumbList","@id":"https:\/\/bender-reifen.de\/de\/altreifen-recycling\/service\/#breadcrumb","itemListElement":[{"@type":"ListItem","position":1,"name":"Startseite","item":"https:\/\/bender-reifen.de\/de\/"},{"@type":"ListItem","position":2,"name":"Altreifen Recycling","item":"https:\/\/bender-reifen.de\/de\/altreifen-recycling\/"},{"@type":"ListItem","position":3,"name":"Service"}]},{"@type":"WebSite","@id":"https:\/\/bender-reifen.de\/de\/#website","url":"https:\/\/bender-reifen.de\/de\/","name":"Bender Reifen Recycling","description":"Ihr Partner, wenn es um Reifen geht.","potentialAction":[{"@type":"SearchAction","target":{"@type":"EntryPoint","urlTemplate":"https:\/\/bender-reifen.de\/de\/?s={search_term_string}"},"query-input":{"@type":"PropertyValueSpecification","valueRequired":true,"valueName":"search_term_string"}}],"inLanguage":"de"}]}},"_links":{"self":[{"href":"https:\/\/bender-reifen.de\/de\/wp-json\/wp\/v2\/pages\/24962","targetHints":{"allow":["GET"]}}],"collection":[{"href":"https:\/\/bender-reifen.de\/de\/wp-json\/wp\/v2\/pages"}],"about":[{"href":"https:\/\/bender-reifen.de\/de\/wp-json\/wp\/v2\/types\/page"}],"author":[{"embeddable":true,"href":"https:\/\/bender-reifen.de\/de\/wp-json\/wp\/v2\/users\/2"}],"replies":[{"embeddable":true,"href":"https:\/\/bender-reifen.de\/de\/wp-json\/wp\/v2\/comments?post=24962"}],"version-history":[{"count":12,"href":"https:\/\/bender-reifen.de\/de\/wp-json\/wp\/v2\/pages\/24962\/revisions"}],"predecessor-version":[{"id":43218,"href":"https:\/\/bender-reifen.de\/de\/wp-json\/wp\/v2\/pages\/24962\/revisions\/43218"}],"up":[{"embeddable":true,"href":"https:\/\/bender-reifen.de\/de\/wp-json\/wp\/v2\/pages\/24960"}],"wp:featuredmedia":[{"embeddable":true,"href":"https:\/\/bender-reifen.de\/de\/wp-json\/wp\/v2\/media\/25288"}],"wp:attachment":[{"href":"https:\/\/bender-reifen.de\/de\/wp-json\/wp\/v2\/media?parent=24962"}],"curies":[{"name":"wp","href":"https:\/\/api.w.org\/{rel}","templated":true}]}}