{"id":24964,"date":"2018-08-01T12:42:59","date_gmt":"2018-08-01T10:42:59","guid":{"rendered":"https:\/\/bender-reifen.de\/?page_id=24964"},"modified":"2020-11-16T13:06:16","modified_gmt":"2020-11-16T12:06:16","slug":"verfahren","status":"publish","type":"page","link":"https:\/\/bender-reifen.de\/de\/altreifen-recycling\/verfahren\/","title":{"rendered":"Verfahren"},"content":{"rendered":"\t\t<div data-elementor-type=\"wp-page\" data-elementor-id=\"24964\" class=\"elementor elementor-24964\" data-elementor-post-type=\"page\">\n\t\t\t\t\t\t<section class=\"elementor-section elementor-top-section elementor-element elementor-element-13c01154 elementor-section-boxed elementor-section-height-default elementor-section-height-default\" data-id=\"13c01154\" data-element_type=\"section\" data-e-type=\"section\">\n\t\t\t\t\t\t<div class=\"elementor-container elementor-column-gap-default\">\n\t\t\t\t\t<div class=\"elementor-column elementor-col-100 elementor-top-column elementor-element elementor-element-5087a1d4\" data-id=\"5087a1d4\" data-element_type=\"column\" data-e-type=\"column\">\n\t\t\t<div class=\"elementor-widget-wrap elementor-element-populated\">\n\t\t\t\t\t\t<div class=\"elementor-element elementor-element-c8185a2 elementor-widget elementor-widget-heading\" data-id=\"c8185a2\" data-element_type=\"widget\" data-e-type=\"widget\" data-widget_type=\"heading.default\">\n\t\t\t\t<div class=\"elementor-widget-container\">\n\t\t\t\t\t<h2 class=\"elementor-heading-title elementor-size-default\">Altreifen sind nicht gleich Altreifen!\n<\/h2>\t\t\t\t<\/div>\n\t\t\t\t<\/div>\n\t\t\t\t\t<\/div>\n\t\t<\/div>\n\t\t\t\t\t<\/div>\n\t\t<\/section>\n\t\t\t\t<section class=\"elementor-section elementor-top-section elementor-element elementor-element-7098d5f elementor-section-boxed elementor-section-height-default elementor-section-height-default\" data-id=\"7098d5f\" data-element_type=\"section\" data-e-type=\"section\">\n\t\t\t\t\t\t<div class=\"elementor-container elementor-column-gap-default\">\n\t\t\t\t\t<div class=\"elementor-column elementor-col-100 elementor-top-column elementor-element elementor-element-df4d5a6\" data-id=\"df4d5a6\" data-element_type=\"column\" data-e-type=\"column\">\n\t\t\t<div class=\"elementor-widget-wrap elementor-element-populated\">\n\t\t\t\t\t\t<div class=\"elementor-element elementor-element-6f2bd78 elementor-widget elementor-widget-heading\" data-id=\"6f2bd78\" data-element_type=\"widget\" data-e-type=\"widget\" data-widget_type=\"heading.default\">\n\t\t\t\t<div class=\"elementor-widget-container\">\n\t\t\t\t\t<span class=\"elementor-heading-title elementor-size-default\">Haben Sie sich schon einmal gefragt, ...<\/span>\t\t\t\t<\/div>\n\t\t\t\t<\/div>\n\t\t\t\t<div class=\"elementor-element elementor-element-3947af9 elementor-icon-list--layout-traditional elementor-list-item-link-full_width elementor-widget elementor-widget-icon-list\" data-id=\"3947af9\" data-element_type=\"widget\" data-e-type=\"widget\" data-widget_type=\"icon-list.default\">\n\t\t\t\t<div class=\"elementor-widget-container\">\n\t\t\t\t\t\t\t<ul class=\"elementor-icon-list-items\">\n\t\t\t\t\t\t\t<li class=\"elementor-icon-list-item\">\n\t\t\t\t\t\t\t\t\t\t\t<span class=\"elementor-icon-list-icon\">\n\t\t\t\t\t\t\t<svg aria-hidden=\"true\" class=\"e-font-icon-svg e-fas-question-circle\" viewBox=\"0 0 512 512\" xmlns=\"http:\/\/www.w3.org\/2000\/svg\"><path d=\"M504 256c0 136.997-111.043 248-248 248S8 392.997 8 256C8 119.083 119.043 8 256 8s248 111.083 248 248zM262.655 90c-54.497 0-89.255 22.957-116.549 63.758-3.536 5.286-2.353 12.415 2.715 16.258l34.699 26.31c5.205 3.947 12.621 3.008 16.665-2.122 17.864-22.658 30.113-35.797 57.303-35.797 20.429 0 45.698 13.148 45.698 32.958 0 14.976-12.363 22.667-32.534 33.976C247.128 238.528 216 254.941 216 296v4c0 6.627 5.373 12 12 12h56c6.627 0 12-5.373 12-12v-1.333c0-28.462 83.186-29.647 83.186-106.667 0-58.002-60.165-102-116.531-102zM256 338c-25.365 0-46 20.635-46 46 0 25.364 20.635 46 46 46s46-20.636 46-46c0-25.365-20.635-46-46-46z\"><\/path><\/svg>\t\t\t\t\t\t<\/span>\n\t\t\t\t\t\t\t\t\t\t<span class=\"elementor-icon-list-text\">\u2026 aus welchem Material die Gummi-Sportpl\u00e4tze sind, auf denen Fu\u00dfball gespielt wird?<\/span>\n\t\t\t\t\t\t\t\t\t<\/li>\n\t\t\t\t\t\t\t\t<li class=\"elementor-icon-list-item\">\n\t\t\t\t\t\t\t\t\t\t\t<span class=\"elementor-icon-list-icon\">\n\t\t\t\t\t\t\t<svg aria-hidden=\"true\" class=\"e-font-icon-svg e-fas-question-circle\" viewBox=\"0 0 512 512\" xmlns=\"http:\/\/www.w3.org\/2000\/svg\"><path d=\"M504 256c0 136.997-111.043 248-248 248S8 392.997 8 256C8 119.083 119.043 8 256 8s248 111.083 248 248zM262.655 90c-54.497 0-89.255 22.957-116.549 63.758-3.536 5.286-2.353 12.415 2.715 16.258l34.699 26.31c5.205 3.947 12.621 3.008 16.665-2.122 17.864-22.658 30.113-35.797 57.303-35.797 20.429 0 45.698 13.148 45.698 32.958 0 14.976-12.363 22.667-32.534 33.976C247.128 238.528 216 254.941 216 296v4c0 6.627 5.373 12 12 12h56c6.627 0 12-5.373 12-12v-1.333c0-28.462 83.186-29.647 83.186-106.667 0-58.002-60.165-102-116.531-102zM256 338c-25.365 0-46 20.635-46 46 0 25.364 20.635 46 46 46s46-20.636 46-46c0-25.365-20.635-46-46-46z\"><\/path><\/svg>\t\t\t\t\t\t<\/span>\n\t\t\t\t\t\t\t\t\t\t<span class=\"elementor-icon-list-text\">\u2026 was den Fl\u00fcsterasphalt so leise macht?<\/span>\n\t\t\t\t\t\t\t\t\t<\/li>\n\t\t\t\t\t\t\t\t<li class=\"elementor-icon-list-item\">\n\t\t\t\t\t\t\t\t\t\t\t<span class=\"elementor-icon-list-icon\">\n\t\t\t\t\t\t\t<svg aria-hidden=\"true\" class=\"e-font-icon-svg e-fas-question-circle\" viewBox=\"0 0 512 512\" xmlns=\"http:\/\/www.w3.org\/2000\/svg\"><path d=\"M504 256c0 136.997-111.043 248-248 248S8 392.997 8 256C8 119.083 119.043 8 256 8s248 111.083 248 248zM262.655 90c-54.497 0-89.255 22.957-116.549 63.758-3.536 5.286-2.353 12.415 2.715 16.258l34.699 26.31c5.205 3.947 12.621 3.008 16.665-2.122 17.864-22.658 30.113-35.797 57.303-35.797 20.429 0 45.698 13.148 45.698 32.958 0 14.976-12.363 22.667-32.534 33.976C247.128 238.528 216 254.941 216 296v4c0 6.627 5.373 12 12 12h56c6.627 0 12-5.373 12-12v-1.333c0-28.462 83.186-29.647 83.186-106.667 0-58.002-60.165-102-116.531-102zM256 338c-25.365 0-46 20.635-46 46 0 25.364 20.635 46 46 46s46-20.636 46-46c0-25.365-20.635-46-46-46z\"><\/path><\/svg>\t\t\t\t\t\t<\/span>\n\t\t\t\t\t\t\t\t\t\t<span class=\"elementor-icon-list-text\">\u2026 wieso Kinder auf Kinderspielpl\u00e4tzen mit Gummiboden so weich fallen?<\/span>\n\t\t\t\t\t\t\t\t\t<\/li>\n\t\t\t\t\t\t<\/ul>\n\t\t\t\t\t\t<\/div>\n\t\t\t\t<\/div>\n\t\t\t\t<div class=\"elementor-element elementor-element-949e7db elementor-widget elementor-widget-text-editor\" data-id=\"949e7db\" data-element_type=\"widget\" data-e-type=\"widget\" data-widget_type=\"text-editor.default\">\n\t\t\t\t<div class=\"elementor-widget-container\">\n\t\t\t\t\t\t\t\t\t<p>Die Antwort ist auf alle Fragen dieselbe:\u00a0<strong>Altreifen sind das Geheimnis<\/strong>.<\/p><p>Altreifen sind ein wertvoller Rohstoff, der in zahlreichen Produkten durch spezielle Verfahren angewendet werden kann, damit die nat\u00fcrlichen Ressourcen optimal eingesetzt werden.<\/p><p><\/p>\t\t\t\t\t\t\t\t<\/div>\n\t\t\t\t<\/div>\n\t\t\t\t\t<\/div>\n\t\t<\/div>\n\t\t\t\t\t<\/div>\n\t\t<\/section>\n\t\t\t\t<section class=\"elementor-section elementor-top-section elementor-element elementor-element-4a82c1f elementor-section-boxed elementor-section-height-default elementor-section-height-default\" data-id=\"4a82c1f\" data-element_type=\"section\" data-e-type=\"section\">\n\t\t\t\t\t\t<div class=\"elementor-container elementor-column-gap-default\">\n\t\t\t\t\t<div class=\"elementor-column elementor-col-100 elementor-top-column elementor-element elementor-element-29adade\" data-id=\"29adade\" data-element_type=\"column\" data-e-type=\"column\">\n\t\t\t<div class=\"elementor-widget-wrap elementor-element-populated\">\n\t\t\t\t\t\t<div class=\"elementor-element elementor-element-b66e0ba elementor-widget elementor-widget-heading\" data-id=\"b66e0ba\" data-element_type=\"widget\" data-e-type=\"widget\" data-widget_type=\"heading.default\">\n\t\t\t\t<div class=\"elementor-widget-container\">\n\t\t\t\t\t<h2 class=\"elementor-heading-title elementor-size-default\">Ein zweites Leben\n<\/h2>\t\t\t\t<\/div>\n\t\t\t\t<\/div>\n\t\t\t\t<div class=\"elementor-element elementor-element-9d68620 elementor-widget elementor-widget-text-editor\" data-id=\"9d68620\" data-element_type=\"widget\" data-e-type=\"widget\" data-widget_type=\"text-editor.default\">\n\t\t\t\t<div class=\"elementor-widget-container\">\n\t\t\t\t\t\t\t\t\t<p>Wenn m\u00f6glich und sinnvoll schenken wir Altreifen ein zweites Leben. F\u00fcr Lkw- und Busreifen bedeutet das eine Runderneuerung. Grundlage daf\u00fcr ist eine einwandfreie Karkassen-Qualit\u00e4t. Ist die Karkasse ohne Besch\u00e4digungen, kann ein Nutzfahrzeugreifen bis zu dreimal runderneuert werden. Der Vorteil: Bei der Runderneuerung werden deutlich weniger Ressourcen eingesetzt als bei der Produktion eines Neureifens. So sind runderneuerte Nutzfahrzeugreifen gut f\u00fcr die Umwelt und den Geldbeutel.<\/p><p>\u00dcbrigens: Grunds\u00e4tzlich gilt, dass Nutzfahrzeugreifen, die qualitativ hochwertig runderneuert wurden, qualitativ mit Neureifen mithalten k\u00f6nnen. Bei Pkw-Reifen lohnt sich eine Runderneuerung nicht mehr. Sofern die Altreifen aber noch gut in Schuss und nicht besch\u00e4digt sind, verbringen sie ihr zweites Leben im Ausland.<\/p><p>Hauptl\u00e4nder f\u00fcr den Export von Altreifen sind L\u00e4nder in Osteuropa (oft werden dort gerne gebrauchte Winterreifen aus Deutschland abgenommen, die dann noch einmal gespiket werden) und afrikanische L\u00e4nder. In den meisten afrikanischen L\u00e4ndern k\u00f6nnen auf Grund des Zustandes der Stra\u00dfen nur geringe Geschwindigkeiten gefahren werden, so dass ein deutscher Sommerreifen, der noch \u00fcber 2,5 mm Profil verf\u00fcgt, dort sicher eingesetzt werden kann.<\/p><p><\/p>\t\t\t\t\t\t\t\t<\/div>\n\t\t\t\t<\/div>\n\t\t\t\t\t<\/div>\n\t\t<\/div>\n\t\t\t\t\t<\/div>\n\t\t<\/section>\n\t\t\t\t<section class=\"elementor-section elementor-top-section elementor-element elementor-element-a475ab8 elementor-section-boxed elementor-section-height-default elementor-section-height-default\" data-id=\"a475ab8\" data-element_type=\"section\" data-e-type=\"section\">\n\t\t\t\t\t\t<div class=\"elementor-container elementor-column-gap-default\">\n\t\t\t\t\t<div class=\"elementor-column elementor-col-50 elementor-top-column elementor-element elementor-element-a191d39\" data-id=\"a191d39\" data-element_type=\"column\" data-e-type=\"column\">\n\t\t\t<div class=\"elementor-widget-wrap elementor-element-populated\">\n\t\t\t\t\t\t<div class=\"elementor-element elementor-element-6b60991 elementor-flip-box--effect-fade elementor-widget elementor-widget-flip-box\" data-id=\"6b60991\" data-element_type=\"widget\" data-e-type=\"widget\" data-widget_type=\"flip-box.default\">\n\t\t\t\t<div class=\"elementor-widget-container\">\n\t\t\t\t\t\t\t<div class=\"elementor-flip-box\" tabindex=\"0\">\n\t\t\t<div class=\"elementor-flip-box__layer elementor-flip-box__front\">\n\t\t\t\t<div class=\"elementor-flip-box__layer__overlay\">\n\t\t\t\t\t<div class=\"elementor-flip-box__layer__inner\">\n\t\t\t\t\t\t\t\t\t\t\t\t\t<div class=\"elementor-icon-wrapper elementor-view-default\">\n\t\t\t\t\t\t\t\t<div class=\"elementor-icon\">\n\t\t\t\t\t\t\t\t\t<svg aria-hidden=\"true\" class=\"e-font-icon-svg e-fas-recycle\" viewBox=\"0 0 512 512\" xmlns=\"http:\/\/www.w3.org\/2000\/svg\"><path d=\"M184.561 261.903c3.232 13.997-12.123 24.635-24.068 17.168l-40.736-25.455-50.867 81.402C55.606 356.273 70.96 384 96.012 384H148c6.627 0 12 5.373 12 12v40c0 6.627-5.373 12-12 12H96.115c-75.334 0-121.302-83.048-81.408-146.88l50.822-81.388-40.725-25.448c-12.081-7.547-8.966-25.961 4.879-29.158l110.237-25.45c8.611-1.988 17.201 3.381 19.189 11.99l25.452 110.237zm98.561-182.915l41.289 66.076-40.74 25.457c-12.051 7.528-9 25.953 4.879 29.158l110.237 25.45c8.672 1.999 17.215-3.438 19.189-11.99l25.45-110.237c3.197-13.844-11.99-24.719-24.068-17.168l-40.687 25.424-41.263-66.082c-37.521-60.033-125.209-60.171-162.816 0l-17.963 28.766c-3.51 5.62-1.8 13.021 3.82 16.533l33.919 21.195c5.62 3.512 13.024 1.803 16.536-3.817l17.961-28.743c12.712-20.341 41.973-19.676 54.257-.022zM497.288 301.12l-27.515-44.065c-3.511-5.623-10.916-7.334-16.538-3.821l-33.861 21.159c-5.62 3.512-7.33 10.915-3.818 16.536l27.564 44.112c13.257 21.211-2.057 48.96-27.136 48.96H320V336.02c0-14.213-17.242-21.383-27.313-11.313l-80 79.981c-6.249 6.248-6.249 16.379 0 22.627l80 79.989C302.689 517.308 320 510.3 320 495.989V448h95.88c75.274 0 121.335-82.997 81.408-146.88z\"><\/path><\/svg>\t\t\t\t\t\t\t\t<\/div>\n\t\t\t\t\t\t\t<\/div>\n\t\t\t\t\t\t\n\t\t\t\t\t\t\t\t\t\t\t\t\t<h3 class=\"elementor-flip-box__layer__title\">\n\t\t\t\t\t\t\t\t<h3 style=\"color:#ffffff;font-size:22px\">Stoffliche Verwertung<\/h3>\t\t\t\t\t\t\t<\/h3>\n\t\t\t\t\t\t\n\t\t\t\t\t\t\t\t\t\t\t<\/div>\n\t\t\t\t<\/div>\n\t\t\t<\/div>\n\t\t\t<div class=\"elementor-flip-box__layer elementor-flip-box__back\">\n\t\t\t<div class=\"elementor-flip-box__layer__overlay\">\n\t\t\t\t<div class=\"elementor-flip-box__layer__inner\">\n\t\t\t\t\t\n\t\t\t\t\t\t\t\t\t\t\t<div class=\"elementor-flip-box__layer__description\">\n\t\t\t\t\t\t\tDie stoffliche Verwertung ist unsere zweite Wahl. Bei der stofflichen Verwertung wird der Kautschuk als wertvoller Rohstoff wiederverwendet. Basis der stofflichen Verwertung ist die Granulierung. In einer modernen mechanischen Schredderanlage zerkleinern wir die Altreifen in etwa handtellergro\u00dfe Gummist\u00fccke. Diese werden dann zu Gummigranulat geh\u00e4ckselt.\n<br><br>\nGummigranulat ist das Basismaterial f\u00fcr viele unterschiedliche Gummiprodukte wie zum Beispiel Sportpl\u00e4tze oder Kunstrasen. Wenn das Granulat zu feinem Gummimehl weiterverarbeitet wird, kann es sogar dem so genannten Fl\u00fcsterasphalt beigemischt werden, um den gew\u00fcnschten Effekt zu erzielen.\t\t\t\t\t\t<\/div>\n\t\t\t\t\t\n\t\t\t\t\t\t\t\t<\/div>\n\t\t<\/div>\n\t\t<\/div>\n\t\t<\/div>\n\t\t\t\t\t\t<\/div>\n\t\t\t\t<\/div>\n\t\t\t\t\t<\/div>\n\t\t<\/div>\n\t\t\t\t<div class=\"elementor-column elementor-col-50 elementor-top-column elementor-element elementor-element-44a6788\" data-id=\"44a6788\" data-element_type=\"column\" data-e-type=\"column\">\n\t\t\t<div class=\"elementor-widget-wrap elementor-element-populated\">\n\t\t\t\t\t\t<div class=\"elementor-element elementor-element-b06ddd2 elementor-flip-box--effect-fade elementor-widget elementor-widget-flip-box\" data-id=\"b06ddd2\" data-element_type=\"widget\" data-e-type=\"widget\" data-widget_type=\"flip-box.default\">\n\t\t\t\t<div class=\"elementor-widget-container\">\n\t\t\t\t\t\t\t<div class=\"elementor-flip-box\" tabindex=\"0\">\n\t\t\t<div class=\"elementor-flip-box__layer elementor-flip-box__front\">\n\t\t\t\t<div class=\"elementor-flip-box__layer__overlay\">\n\t\t\t\t\t<div class=\"elementor-flip-box__layer__inner\">\n\t\t\t\t\t\t\t\t\t\t\t\t\t<div class=\"elementor-icon-wrapper elementor-view-default\">\n\t\t\t\t\t\t\t\t<div class=\"elementor-icon\">\n\t\t\t\t\t\t\t\t\t<svg aria-hidden=\"true\" class=\"e-font-icon-svg e-fas-industry\" viewBox=\"0 0 512 512\" xmlns=\"http:\/\/www.w3.org\/2000\/svg\"><path d=\"M475.115 163.781L336 252.309v-68.28c0-18.916-20.931-30.399-36.885-20.248L160 252.309V56c0-13.255-10.745-24-24-24H24C10.745 32 0 42.745 0 56v400c0 13.255 10.745 24 24 24h464c13.255 0 24-10.745 24-24V184.029c0-18.917-20.931-30.399-36.885-20.248z\"><\/path><\/svg>\t\t\t\t\t\t\t\t<\/div>\n\t\t\t\t\t\t\t<\/div>\n\t\t\t\t\t\t\n\t\t\t\t\t\t\t\t\t\t\t\t\t<h3 class=\"elementor-flip-box__layer__title\">\n\t\t\t\t\t\t\t\t<h3 style=\"color:#ffffff;font-size:22px\">Thermische Verwertung<\/h3>\t\t\t\t\t\t\t<\/h3>\n\t\t\t\t\t\t\n\t\t\t\t\t\t\t\t\t\t\t<\/div>\n\t\t\t\t<\/div>\n\t\t\t<\/div>\n\t\t\t<div class=\"elementor-flip-box__layer elementor-flip-box__back\">\n\t\t\t<div class=\"elementor-flip-box__layer__overlay\">\n\t\t\t\t<div class=\"elementor-flip-box__layer__inner\">\n\t\t\t\t\t\n\t\t\t\t\t\t\t\t\t\t\t<div class=\"elementor-flip-box__layer__description\">\n\t\t\t\t\t\t\tEignen sich die Altreifen auch f\u00fcr die stoffliche Verwertung nicht, gibt es die M\u00f6glichkeit sie thermisch zu verwerten. Als thermischer Energietr\u00e4ger werden sie dann in gro\u00dfen Anlagen, z. B. in Zementwerken, als besonders leistungsstarker Brennstoff eingesetzt.\n<br><br>\nGut f\u00fcr die Umwelt, denn so werden fossile Brennstoffe eingespart.\t\t\t\t\t\t<\/div>\n\t\t\t\t\t\n\t\t\t\t\t\t\t\t<\/div>\n\t\t<\/div>\n\t\t<\/div>\n\t\t<\/div>\n\t\t\t\t\t\t<\/div>\n\t\t\t\t<\/div>\n\t\t\t\t\t<\/div>\n\t\t<\/div>\n\t\t\t\t\t<\/div>\n\t\t<\/section>\n\t\t\t\t<\/div>\n\t\t","protected":false},"excerpt":{"rendered":"<p>Altreifen sind nicht gleich Altreifen! Haben Sie sich schon einmal gefragt, &#8230; \u2026 aus welchem Material die Gummi-Sportpl\u00e4tze sind, auf denen Fu\u00dfball gespielt wird? \u2026 was den Fl\u00fcsterasphalt so leise macht? \u2026 wieso Kinder auf Kinderspielpl\u00e4tzen mit Gummiboden so weich fallen? Die Antwort ist auf alle Fragen dieselbe:\u00a0Altreifen sind das Geheimnis. Altreifen sind ein wertvoller [&hellip;]<\/p>\n","protected":false},"author":2,"featured_media":25293,"parent":24960,"menu_order":0,"comment_status":"closed","ping_status":"closed","template":"","meta":{"footnotes":""},"class_list":["post-24964","page","type-page","status-publish","has-post-thumbnail","hentry"],"yoast_head":"<!-- This site is optimized with the Yoast SEO plugin v27.2 - https:\/\/yoast.com\/product\/yoast-seo-wordpress\/ -->\n<title>Verfahren - Bender Reifen Recycling<\/title>\n<meta name=\"description\" content=\"Altreifen sind ein wertvoller Rohstoff, der durch zahlreiche Verfahren wiederverwerter werden kann, damit die nat\u00fcrlichen Ressourcen optimal genutzt werden.\" \/>\n<meta name=\"robots\" content=\"index, follow, max-snippet:-1, max-image-preview:large, max-video-preview:-1\" \/>\n<link rel=\"canonical\" href=\"https:\/\/bender-reifen.de\/de\/altreifen-recycling\/verfahren\/\" \/>\n<meta property=\"og:locale\" content=\"de_DE\" \/>\n<meta property=\"og:type\" content=\"article\" \/>\n<meta property=\"og:title\" content=\"Verfahren - Bender Reifen Recycling\" \/>\n<meta property=\"og:description\" content=\"Altreifen sind ein wertvoller Rohstoff, der durch zahlreiche Verfahren wiederverwerter werden kann, damit die nat\u00fcrlichen Ressourcen optimal genutzt werden.\" \/>\n<meta property=\"og:url\" content=\"https:\/\/bender-reifen.de\/de\/altreifen-recycling\/verfahren\/\" \/>\n<meta property=\"og:site_name\" content=\"Bender Reifen Recycling\" \/>\n<meta property=\"article:modified_time\" content=\"2020-11-16T12:06:16+00:00\" \/>\n<meta property=\"og:image\" content=\"https:\/\/bender-reifen.de\/wp-content\/uploads\/bender_reifen_-_verfahren.jpg\" \/>\n\t<meta property=\"og:image:width\" content=\"1200\" \/>\n\t<meta property=\"og:image:height\" content=\"600\" \/>\n\t<meta property=\"og:image:type\" content=\"image\/jpeg\" \/>\n<meta name=\"twitter:card\" content=\"summary_large_image\" \/>\n<meta name=\"twitter:label1\" content=\"Gesch\u00e4tzte Lesezeit\" \/>\n\t<meta name=\"twitter:data1\" content=\"2\u00a0Minuten\" \/>\n<script type=\"application\/ld+json\" class=\"yoast-schema-graph\">{\"@context\":\"https:\/\/schema.org\",\"@graph\":[{\"@type\":\"WebPage\",\"@id\":\"https:\/\/bender-reifen.de\/de\/altreifen-recycling\/verfahren\/\",\"url\":\"https:\/\/bender-reifen.de\/de\/altreifen-recycling\/verfahren\/\",\"name\":\"Verfahren - Bender Reifen Recycling\",\"isPartOf\":{\"@id\":\"https:\/\/bender-reifen.de\/de\/#website\"},\"primaryImageOfPage\":{\"@id\":\"https:\/\/bender-reifen.de\/de\/altreifen-recycling\/verfahren\/#primaryimage\"},\"image\":{\"@id\":\"https:\/\/bender-reifen.de\/de\/altreifen-recycling\/verfahren\/#primaryimage\"},\"thumbnailUrl\":\"https:\/\/bender-reifen.de\/wp-content\/uploads\/bender_reifen_-_verfahren.jpg\",\"datePublished\":\"2018-08-01T10:42:59+00:00\",\"dateModified\":\"2020-11-16T12:06:16+00:00\",\"description\":\"Altreifen sind ein wertvoller Rohstoff, der durch zahlreiche Verfahren wiederverwerter werden kann, damit die nat\u00fcrlichen Ressourcen optimal genutzt werden.\",\"breadcrumb\":{\"@id\":\"https:\/\/bender-reifen.de\/de\/altreifen-recycling\/verfahren\/#breadcrumb\"},\"inLanguage\":\"de\",\"potentialAction\":[{\"@type\":\"ReadAction\",\"target\":[\"https:\/\/bender-reifen.de\/de\/altreifen-recycling\/verfahren\/\"]}]},{\"@type\":\"ImageObject\",\"inLanguage\":\"de\",\"@id\":\"https:\/\/bender-reifen.de\/de\/altreifen-recycling\/verfahren\/#primaryimage\",\"url\":\"https:\/\/bender-reifen.de\/wp-content\/uploads\/bender_reifen_-_verfahren.jpg\",\"contentUrl\":\"https:\/\/bender-reifen.de\/wp-content\/uploads\/bender_reifen_-_verfahren.jpg\",\"width\":1200,\"height\":600,\"caption\":\"Bender Reifen Recycling - Verfahren\"},{\"@type\":\"BreadcrumbList\",\"@id\":\"https:\/\/bender-reifen.de\/de\/altreifen-recycling\/verfahren\/#breadcrumb\",\"itemListElement\":[{\"@type\":\"ListItem\",\"position\":1,\"name\":\"Startseite\",\"item\":\"https:\/\/bender-reifen.de\/de\/\"},{\"@type\":\"ListItem\",\"position\":2,\"name\":\"Altreifen Recycling\",\"item\":\"https:\/\/bender-reifen.de\/de\/altreifen-recycling\/\"},{\"@type\":\"ListItem\",\"position\":3,\"name\":\"Verfahren\"}]},{\"@type\":\"WebSite\",\"@id\":\"https:\/\/bender-reifen.de\/de\/#website\",\"url\":\"https:\/\/bender-reifen.de\/de\/\",\"name\":\"Bender Reifen Recycling\",\"description\":\"Ihr Partner, wenn es um Reifen geht.\",\"potentialAction\":[{\"@type\":\"SearchAction\",\"target\":{\"@type\":\"EntryPoint\",\"urlTemplate\":\"https:\/\/bender-reifen.de\/de\/?s={search_term_string}\"},\"query-input\":{\"@type\":\"PropertyValueSpecification\",\"valueRequired\":true,\"valueName\":\"search_term_string\"}}],\"inLanguage\":\"de\"}]}<\/script>\n<!-- \/ Yoast SEO plugin. -->","yoast_head_json":{"title":"Verfahren - Bender Reifen Recycling","description":"Altreifen sind ein wertvoller Rohstoff, der durch zahlreiche Verfahren wiederverwerter werden kann, damit die nat\u00fcrlichen Ressourcen optimal genutzt werden.","robots":{"index":"index","follow":"follow","max-snippet":"max-snippet:-1","max-image-preview":"max-image-preview:large","max-video-preview":"max-video-preview:-1"},"canonical":"https:\/\/bender-reifen.de\/de\/altreifen-recycling\/verfahren\/","og_locale":"de_DE","og_type":"article","og_title":"Verfahren - Bender Reifen Recycling","og_description":"Altreifen sind ein wertvoller Rohstoff, der durch zahlreiche Verfahren wiederverwerter werden kann, damit die nat\u00fcrlichen Ressourcen optimal genutzt werden.","og_url":"https:\/\/bender-reifen.de\/de\/altreifen-recycling\/verfahren\/","og_site_name":"Bender Reifen Recycling","article_modified_time":"2020-11-16T12:06:16+00:00","og_image":[{"width":1200,"height":600,"url":"https:\/\/bender-reifen.de\/wp-content\/uploads\/bender_reifen_-_verfahren.jpg","type":"image\/jpeg"}],"twitter_card":"summary_large_image","twitter_misc":{"Gesch\u00e4tzte Lesezeit":"2\u00a0Minuten"},"schema":{"@context":"https:\/\/schema.org","@graph":[{"@type":"WebPage","@id":"https:\/\/bender-reifen.de\/de\/altreifen-recycling\/verfahren\/","url":"https:\/\/bender-reifen.de\/de\/altreifen-recycling\/verfahren\/","name":"Verfahren - Bender Reifen Recycling","isPartOf":{"@id":"https:\/\/bender-reifen.de\/de\/#website"},"primaryImageOfPage":{"@id":"https:\/\/bender-reifen.de\/de\/altreifen-recycling\/verfahren\/#primaryimage"},"image":{"@id":"https:\/\/bender-reifen.de\/de\/altreifen-recycling\/verfahren\/#primaryimage"},"thumbnailUrl":"https:\/\/bender-reifen.de\/wp-content\/uploads\/bender_reifen_-_verfahren.jpg","datePublished":"2018-08-01T10:42:59+00:00","dateModified":"2020-11-16T12:06:16+00:00","description":"Altreifen sind ein wertvoller Rohstoff, der durch zahlreiche Verfahren wiederverwerter werden kann, damit die nat\u00fcrlichen Ressourcen optimal genutzt werden.","breadcrumb":{"@id":"https:\/\/bender-reifen.de\/de\/altreifen-recycling\/verfahren\/#breadcrumb"},"inLanguage":"de","potentialAction":[{"@type":"ReadAction","target":["https:\/\/bender-reifen.de\/de\/altreifen-recycling\/verfahren\/"]}]},{"@type":"ImageObject","inLanguage":"de","@id":"https:\/\/bender-reifen.de\/de\/altreifen-recycling\/verfahren\/#primaryimage","url":"https:\/\/bender-reifen.de\/wp-content\/uploads\/bender_reifen_-_verfahren.jpg","contentUrl":"https:\/\/bender-reifen.de\/wp-content\/uploads\/bender_reifen_-_verfahren.jpg","width":1200,"height":600,"caption":"Bender Reifen Recycling - Verfahren"},{"@type":"BreadcrumbList","@id":"https:\/\/bender-reifen.de\/de\/altreifen-recycling\/verfahren\/#breadcrumb","itemListElement":[{"@type":"ListItem","position":1,"name":"Startseite","item":"https:\/\/bender-reifen.de\/de\/"},{"@type":"ListItem","position":2,"name":"Altreifen Recycling","item":"https:\/\/bender-reifen.de\/de\/altreifen-recycling\/"},{"@type":"ListItem","position":3,"name":"Verfahren"}]},{"@type":"WebSite","@id":"https:\/\/bender-reifen.de\/de\/#website","url":"https:\/\/bender-reifen.de\/de\/","name":"Bender Reifen Recycling","description":"Ihr Partner, wenn es um Reifen geht.","potentialAction":[{"@type":"SearchAction","target":{"@type":"EntryPoint","urlTemplate":"https:\/\/bender-reifen.de\/de\/?s={search_term_string}"},"query-input":{"@type":"PropertyValueSpecification","valueRequired":true,"valueName":"search_term_string"}}],"inLanguage":"de"}]}},"_links":{"self":[{"href":"https:\/\/bender-reifen.de\/de\/wp-json\/wp\/v2\/pages\/24964","targetHints":{"allow":["GET"]}}],"collection":[{"href":"https:\/\/bender-reifen.de\/de\/wp-json\/wp\/v2\/pages"}],"about":[{"href":"https:\/\/bender-reifen.de\/de\/wp-json\/wp\/v2\/types\/page"}],"author":[{"embeddable":true,"href":"https:\/\/bender-reifen.de\/de\/wp-json\/wp\/v2\/users\/2"}],"replies":[{"embeddable":true,"href":"https:\/\/bender-reifen.de\/de\/wp-json\/wp\/v2\/comments?post=24964"}],"version-history":[{"count":0,"href":"https:\/\/bender-reifen.de\/de\/wp-json\/wp\/v2\/pages\/24964\/revisions"}],"up":[{"embeddable":true,"href":"https:\/\/bender-reifen.de\/de\/wp-json\/wp\/v2\/pages\/24960"}],"wp:featuredmedia":[{"embeddable":true,"href":"https:\/\/bender-reifen.de\/de\/wp-json\/wp\/v2\/media\/25293"}],"wp:attachment":[{"href":"https:\/\/bender-reifen.de\/de\/wp-json\/wp\/v2\/media?parent=24964"}],"curies":[{"name":"wp","href":"https:\/\/api.w.org\/{rel}","templated":true}]}}