{"id":24966,"date":"2018-08-01T12:42:17","date_gmt":"2018-08-01T10:42:17","guid":{"rendered":"https:\/\/bender-reifen.de\/?page_id=24966"},"modified":"2020-11-16T11:05:50","modified_gmt":"2020-11-16T10:05:50","slug":"umwelt","status":"publish","type":"page","link":"https:\/\/bender-reifen.de\/de\/altreifen-recycling\/umwelt\/","title":{"rendered":"Umwelt"},"content":{"rendered":"\t\t<div data-elementor-type=\"wp-page\" data-elementor-id=\"24966\" class=\"elementor elementor-24966\" data-elementor-post-type=\"page\">\n\t\t\t\t\t\t<section class=\"elementor-section elementor-top-section elementor-element elementor-element-f9bdf98 elementor-section-boxed elementor-section-height-default elementor-section-height-default\" data-id=\"f9bdf98\" data-element_type=\"section\" data-e-type=\"section\">\n\t\t\t\t\t\t<div class=\"elementor-container elementor-column-gap-default\">\n\t\t\t\t\t<div class=\"elementor-column elementor-col-100 elementor-top-column elementor-element elementor-element-607962e\" data-id=\"607962e\" data-element_type=\"column\" data-e-type=\"column\">\n\t\t\t<div class=\"elementor-widget-wrap elementor-element-populated\">\n\t\t\t\t\t\t<div class=\"elementor-element elementor-element-4bf425a elementor-widget elementor-widget-heading\" data-id=\"4bf425a\" data-element_type=\"widget\" data-e-type=\"widget\" data-widget_type=\"heading.default\">\n\t\t\t\t<div class=\"elementor-widget-container\">\n\t\t\t\t\t<h2 class=\"elementor-heading-title elementor-size-default\">Unserer Umwelt zuliebe\n<\/h2>\t\t\t\t<\/div>\n\t\t\t\t<\/div>\n\t\t\t\t<div class=\"elementor-element elementor-element-b5dc673 elementor-widget elementor-widget-text-editor\" data-id=\"b5dc673\" data-element_type=\"widget\" data-e-type=\"widget\" data-widget_type=\"text-editor.default\">\n\t\t\t\t<div class=\"elementor-widget-container\">\n\t\t\t\t\t\t\t\t\t<p>Wir sind uns unserer Verantwortung in Bezug auf die Altreifenverwertung und der damit einhergehenden Umwelt bewusst. Altreifen bestehen im Wesentlichen aus nat\u00fcrlichen Rohstoffen, die im Interesse aller sinnvoll\u00a0<a href=\"https:\/\/bender-reifen.de\/de\/recycling\/\">recycelt<\/a>\u00a0werden sollten. 2016 sind wir deshalb der Initiative ZARE beigetreten \u2013 die zertifizierten Altreifenentsorger haben sich zusammengeschlossen, um kenntlich zu machen, welche Betriebe Ihre Altreifen verantwortungsbewusst und sinnvoll verwerten.<\/p><p>Zudem ist unser Ziel, dass wir in der \u00d6ffentlichkeit das Bewusstsein f\u00fcr fachgerechte Altreifenentsorgung steigern, um illegal abgeladene Reifen, z. B. in Waldst\u00fccken, zu verhindern. Insgesamt 12 Mitglieder, die im Bundesverband Reifenhandel und Vulkaniseur-Handwerk e.V. organisiert sind, engagieren sich f\u00fcr den nachhaltigen Umgang mit Altreifen.<\/p><p><\/p>\t\t\t\t\t\t\t\t<\/div>\n\t\t\t\t<\/div>\n\t\t\t\t<div class=\"elementor-element elementor-element-fd44ce5 elementor-widget elementor-widget-heading\" data-id=\"fd44ce5\" data-element_type=\"widget\" data-e-type=\"widget\" data-widget_type=\"heading.default\">\n\t\t\t\t<div class=\"elementor-widget-container\">\n\t\t\t\t\t<h3 class=\"elementor-heading-title elementor-size-default\">Dokumentation \u2013 damit Sie sicher sein k\u00f6nnen\n<\/h3>\t\t\t\t<\/div>\n\t\t\t\t<\/div>\n\t\t\t\t<div class=\"elementor-element elementor-element-99fab30 elementor-widget elementor-widget-text-editor\" data-id=\"99fab30\" data-element_type=\"widget\" data-e-type=\"widget\" data-widget_type=\"text-editor.default\">\n\t\t\t\t<div class=\"elementor-widget-container\">\n\t\t\t\t\t\t\t\t\t<p>Neben der sinnvollen Verwertung der Altreifen geh\u00f6rt eine l\u00fcckenlose und transparente Dokumentation zur umweltfreundlichen Entsorgung von Altreifen. Jeder Reifen kann im Detail nachverfolgt werden. Wir wissen wo unsere Altreifen herkommen und wo sie landen.<\/p><p><\/p>\t\t\t\t\t\t\t\t<\/div>\n\t\t\t\t<\/div>\n\t\t\t\t\t<\/div>\n\t\t<\/div>\n\t\t\t\t\t<\/div>\n\t\t<\/section>\n\t\t\t\t<\/div>\n\t\t","protected":false},"excerpt":{"rendered":"<p>Unserer Umwelt zuliebe Wir sind uns unserer Verantwortung in Bezug auf die Altreifenverwertung und der damit einhergehenden Umwelt bewusst. Altreifen bestehen im Wesentlichen aus nat\u00fcrlichen Rohstoffen, die im Interesse aller sinnvoll\u00a0recycelt\u00a0werden sollten. 2016 sind wir deshalb der Initiative ZARE beigetreten \u2013 die zertifizierten Altreifenentsorger haben sich zusammengeschlossen, um kenntlich zu machen, welche Betriebe Ihre Altreifen [&hellip;]<\/p>\n","protected":false},"author":2,"featured_media":25291,"parent":24960,"menu_order":0,"comment_status":"closed","ping_status":"closed","template":"","meta":{"footnotes":""},"class_list":["post-24966","page","type-page","status-publish","has-post-thumbnail","hentry"],"yoast_head":"<!-- This site is optimized with the Yoast SEO plugin v27.3 - https:\/\/yoast.com\/product\/yoast-seo-wordpress\/ -->\n<title>Umwelt - Bender Reifen Recycling<\/title>\n<meta name=\"description\" content=\"Wir sind uns unserer Verantwortung in Bezug auf die Umwelt bewusst. Altreifen bestehen aus nat\u00fcrlichen Rohstoffen, die sinnvoll recycelt werden sollten.\" \/>\n<meta name=\"robots\" content=\"index, follow, max-snippet:-1, max-image-preview:large, max-video-preview:-1\" \/>\n<link rel=\"canonical\" href=\"https:\/\/bender-reifen.de\/de\/altreifen-recycling\/umwelt\/\" \/>\n<meta property=\"og:locale\" content=\"de_DE\" \/>\n<meta property=\"og:type\" content=\"article\" \/>\n<meta property=\"og:title\" content=\"Umwelt - Bender Reifen Recycling\" \/>\n<meta property=\"og:description\" content=\"Wir sind uns unserer Verantwortung in Bezug auf die Umwelt bewusst. Altreifen bestehen aus nat\u00fcrlichen Rohstoffen, die sinnvoll recycelt werden sollten.\" \/>\n<meta property=\"og:url\" content=\"https:\/\/bender-reifen.de\/de\/altreifen-recycling\/umwelt\/\" \/>\n<meta property=\"og:site_name\" content=\"Bender Reifen Recycling\" \/>\n<meta property=\"article:modified_time\" content=\"2020-11-16T10:05:50+00:00\" \/>\n<meta property=\"og:image\" content=\"https:\/\/bender-reifen.de\/wp-content\/uploads\/bender_reifen_-_umwelt.jpg\" \/>\n\t<meta property=\"og:image:width\" content=\"1200\" \/>\n\t<meta property=\"og:image:height\" content=\"600\" \/>\n\t<meta property=\"og:image:type\" content=\"image\/jpeg\" \/>\n<meta name=\"twitter:card\" content=\"summary_large_image\" \/>\n<meta name=\"twitter:label1\" content=\"Gesch\u00e4tzte Lesezeit\" \/>\n\t<meta name=\"twitter:data1\" content=\"1\u00a0Minute\" \/>\n<script type=\"application\/ld+json\" class=\"yoast-schema-graph\">{\"@context\":\"https:\\\/\\\/schema.org\",\"@graph\":[{\"@type\":\"WebPage\",\"@id\":\"https:\\\/\\\/bender-reifen.de\\\/de\\\/altreifen-recycling\\\/umwelt\\\/\",\"url\":\"https:\\\/\\\/bender-reifen.de\\\/de\\\/altreifen-recycling\\\/umwelt\\\/\",\"name\":\"Umwelt - Bender Reifen Recycling\",\"isPartOf\":{\"@id\":\"https:\\\/\\\/bender-reifen.de\\\/de\\\/#website\"},\"primaryImageOfPage\":{\"@id\":\"https:\\\/\\\/bender-reifen.de\\\/de\\\/altreifen-recycling\\\/umwelt\\\/#primaryimage\"},\"image\":{\"@id\":\"https:\\\/\\\/bender-reifen.de\\\/de\\\/altreifen-recycling\\\/umwelt\\\/#primaryimage\"},\"thumbnailUrl\":\"https:\\\/\\\/bender-reifen.de\\\/wp-content\\\/uploads\\\/bender_reifen_-_umwelt.jpg\",\"datePublished\":\"2018-08-01T10:42:17+00:00\",\"dateModified\":\"2020-11-16T10:05:50+00:00\",\"description\":\"Wir sind uns unserer Verantwortung in Bezug auf die Umwelt bewusst. Altreifen bestehen aus nat\u00fcrlichen Rohstoffen, die sinnvoll recycelt werden sollten.\",\"breadcrumb\":{\"@id\":\"https:\\\/\\\/bender-reifen.de\\\/de\\\/altreifen-recycling\\\/umwelt\\\/#breadcrumb\"},\"inLanguage\":\"de\",\"potentialAction\":[{\"@type\":\"ReadAction\",\"target\":[\"https:\\\/\\\/bender-reifen.de\\\/de\\\/altreifen-recycling\\\/umwelt\\\/\"]}]},{\"@type\":\"ImageObject\",\"inLanguage\":\"de\",\"@id\":\"https:\\\/\\\/bender-reifen.de\\\/de\\\/altreifen-recycling\\\/umwelt\\\/#primaryimage\",\"url\":\"https:\\\/\\\/bender-reifen.de\\\/wp-content\\\/uploads\\\/bender_reifen_-_umwelt.jpg\",\"contentUrl\":\"https:\\\/\\\/bender-reifen.de\\\/wp-content\\\/uploads\\\/bender_reifen_-_umwelt.jpg\",\"width\":1200,\"height\":600,\"caption\":\"Bender Reifen Recycling - Umwelt\"},{\"@type\":\"BreadcrumbList\",\"@id\":\"https:\\\/\\\/bender-reifen.de\\\/de\\\/altreifen-recycling\\\/umwelt\\\/#breadcrumb\",\"itemListElement\":[{\"@type\":\"ListItem\",\"position\":1,\"name\":\"Startseite\",\"item\":\"https:\\\/\\\/bender-reifen.de\\\/de\\\/\"},{\"@type\":\"ListItem\",\"position\":2,\"name\":\"Altreifen Recycling\",\"item\":\"https:\\\/\\\/bender-reifen.de\\\/de\\\/altreifen-recycling\\\/\"},{\"@type\":\"ListItem\",\"position\":3,\"name\":\"Umwelt\"}]},{\"@type\":\"WebSite\",\"@id\":\"https:\\\/\\\/bender-reifen.de\\\/de\\\/#website\",\"url\":\"https:\\\/\\\/bender-reifen.de\\\/de\\\/\",\"name\":\"Bender Reifen Recycling\",\"description\":\"Ihr Partner, wenn es um Reifen geht.\",\"potentialAction\":[{\"@type\":\"SearchAction\",\"target\":{\"@type\":\"EntryPoint\",\"urlTemplate\":\"https:\\\/\\\/bender-reifen.de\\\/de\\\/?s={search_term_string}\"},\"query-input\":{\"@type\":\"PropertyValueSpecification\",\"valueRequired\":true,\"valueName\":\"search_term_string\"}}],\"inLanguage\":\"de\"}]}<\/script>\n<!-- \/ Yoast SEO plugin. -->","yoast_head_json":{"title":"Umwelt - Bender Reifen Recycling","description":"Wir sind uns unserer Verantwortung in Bezug auf die Umwelt bewusst. Altreifen bestehen aus nat\u00fcrlichen Rohstoffen, die sinnvoll recycelt werden sollten.","robots":{"index":"index","follow":"follow","max-snippet":"max-snippet:-1","max-image-preview":"max-image-preview:large","max-video-preview":"max-video-preview:-1"},"canonical":"https:\/\/bender-reifen.de\/de\/altreifen-recycling\/umwelt\/","og_locale":"de_DE","og_type":"article","og_title":"Umwelt - Bender Reifen Recycling","og_description":"Wir sind uns unserer Verantwortung in Bezug auf die Umwelt bewusst. Altreifen bestehen aus nat\u00fcrlichen Rohstoffen, die sinnvoll recycelt werden sollten.","og_url":"https:\/\/bender-reifen.de\/de\/altreifen-recycling\/umwelt\/","og_site_name":"Bender Reifen Recycling","article_modified_time":"2020-11-16T10:05:50+00:00","og_image":[{"width":1200,"height":600,"url":"https:\/\/bender-reifen.de\/wp-content\/uploads\/bender_reifen_-_umwelt.jpg","type":"image\/jpeg"}],"twitter_card":"summary_large_image","twitter_misc":{"Gesch\u00e4tzte Lesezeit":"1\u00a0Minute"},"schema":{"@context":"https:\/\/schema.org","@graph":[{"@type":"WebPage","@id":"https:\/\/bender-reifen.de\/de\/altreifen-recycling\/umwelt\/","url":"https:\/\/bender-reifen.de\/de\/altreifen-recycling\/umwelt\/","name":"Umwelt - Bender Reifen Recycling","isPartOf":{"@id":"https:\/\/bender-reifen.de\/de\/#website"},"primaryImageOfPage":{"@id":"https:\/\/bender-reifen.de\/de\/altreifen-recycling\/umwelt\/#primaryimage"},"image":{"@id":"https:\/\/bender-reifen.de\/de\/altreifen-recycling\/umwelt\/#primaryimage"},"thumbnailUrl":"https:\/\/bender-reifen.de\/wp-content\/uploads\/bender_reifen_-_umwelt.jpg","datePublished":"2018-08-01T10:42:17+00:00","dateModified":"2020-11-16T10:05:50+00:00","description":"Wir sind uns unserer Verantwortung in Bezug auf die Umwelt bewusst. Altreifen bestehen aus nat\u00fcrlichen Rohstoffen, die sinnvoll recycelt werden sollten.","breadcrumb":{"@id":"https:\/\/bender-reifen.de\/de\/altreifen-recycling\/umwelt\/#breadcrumb"},"inLanguage":"de","potentialAction":[{"@type":"ReadAction","target":["https:\/\/bender-reifen.de\/de\/altreifen-recycling\/umwelt\/"]}]},{"@type":"ImageObject","inLanguage":"de","@id":"https:\/\/bender-reifen.de\/de\/altreifen-recycling\/umwelt\/#primaryimage","url":"https:\/\/bender-reifen.de\/wp-content\/uploads\/bender_reifen_-_umwelt.jpg","contentUrl":"https:\/\/bender-reifen.de\/wp-content\/uploads\/bender_reifen_-_umwelt.jpg","width":1200,"height":600,"caption":"Bender Reifen Recycling - Umwelt"},{"@type":"BreadcrumbList","@id":"https:\/\/bender-reifen.de\/de\/altreifen-recycling\/umwelt\/#breadcrumb","itemListElement":[{"@type":"ListItem","position":1,"name":"Startseite","item":"https:\/\/bender-reifen.de\/de\/"},{"@type":"ListItem","position":2,"name":"Altreifen Recycling","item":"https:\/\/bender-reifen.de\/de\/altreifen-recycling\/"},{"@type":"ListItem","position":3,"name":"Umwelt"}]},{"@type":"WebSite","@id":"https:\/\/bender-reifen.de\/de\/#website","url":"https:\/\/bender-reifen.de\/de\/","name":"Bender Reifen Recycling","description":"Ihr Partner, wenn es um Reifen geht.","potentialAction":[{"@type":"SearchAction","target":{"@type":"EntryPoint","urlTemplate":"https:\/\/bender-reifen.de\/de\/?s={search_term_string}"},"query-input":{"@type":"PropertyValueSpecification","valueRequired":true,"valueName":"search_term_string"}}],"inLanguage":"de"}]}},"_links":{"self":[{"href":"https:\/\/bender-reifen.de\/de\/wp-json\/wp\/v2\/pages\/24966","targetHints":{"allow":["GET"]}}],"collection":[{"href":"https:\/\/bender-reifen.de\/de\/wp-json\/wp\/v2\/pages"}],"about":[{"href":"https:\/\/bender-reifen.de\/de\/wp-json\/wp\/v2\/types\/page"}],"author":[{"embeddable":true,"href":"https:\/\/bender-reifen.de\/de\/wp-json\/wp\/v2\/users\/2"}],"replies":[{"embeddable":true,"href":"https:\/\/bender-reifen.de\/de\/wp-json\/wp\/v2\/comments?post=24966"}],"version-history":[{"count":0,"href":"https:\/\/bender-reifen.de\/de\/wp-json\/wp\/v2\/pages\/24966\/revisions"}],"up":[{"embeddable":true,"href":"https:\/\/bender-reifen.de\/de\/wp-json\/wp\/v2\/pages\/24960"}],"wp:featuredmedia":[{"embeddable":true,"href":"https:\/\/bender-reifen.de\/de\/wp-json\/wp\/v2\/media\/25291"}],"wp:attachment":[{"href":"https:\/\/bender-reifen.de\/de\/wp-json\/wp\/v2\/media?parent=24966"}],"curies":[{"name":"wp","href":"https:\/\/api.w.org\/{rel}","templated":true}]}}