{"id":24968,"date":"2018-08-01T12:43:59","date_gmt":"2018-08-01T10:43:59","guid":{"rendered":"https:\/\/bender-reifen.de\/?page_id=24968"},"modified":"2026-03-03T13:32:53","modified_gmt":"2026-03-03T12:32:53","slug":"staplerreifenrecycling","status":"publish","type":"page","link":"https:\/\/bender-reifen.de\/de\/staplerreifenrecycling\/","title":{"rendered":"Staplerreifenrecycling"},"content":{"rendered":"\t\t<div data-elementor-type=\"wp-post\" data-elementor-id=\"24968\" class=\"elementor elementor-24968\" data-elementor-post-type=\"page\">\n\t\t\t\t\t\t<section class=\"elementor-section elementor-top-section elementor-element elementor-element-2b1a3552 elementor-section-boxed elementor-section-height-default elementor-section-height-default\" data-id=\"2b1a3552\" data-element_type=\"section\" data-e-type=\"section\">\n\t\t\t\t\t\t<div class=\"elementor-container elementor-column-gap-default\">\n\t\t\t\t\t<div class=\"elementor-column elementor-col-100 elementor-top-column elementor-element elementor-element-5633395a\" data-id=\"5633395a\" data-element_type=\"column\" data-e-type=\"column\">\n\t\t\t<div class=\"elementor-widget-wrap elementor-element-populated\">\n\t\t\t\t\t\t<div class=\"elementor-element elementor-element-7b132046 elementor-widget elementor-widget-text-editor\" data-id=\"7b132046\" data-element_type=\"widget\" data-e-type=\"widget\" data-widget_type=\"text-editor.default\">\n\t\t\t\t<div class=\"elementor-widget-container\">\n\t\t\t\t\t\t\t\t\t<h2>Machen Sie das Beste aus Ihren alten Vollgummireifen &#8211; Recyclingexpertise<\/h2><p>Nahezu alle Gabelstapler oder Flurf\u00f6rderfahrzeuge werden mit Vollgummireifen ausger\u00fcstet, denn diese haben eine dreimal l\u00e4ngere Lebensdauer als normale Luftreifen. Doch auch diese lange Lebensdauer der Staplerreifen hat irgendwann ein Ende. Doch das muss nicht gleich das Aus sein: Dank Staplerreifenrecycling!<\/p>\t\t\t\t\t\t\t\t<\/div>\n\t\t\t\t<\/div>\n\t\t\t\t\t<\/div>\n\t\t<\/div>\n\t\t\t\t\t<\/div>\n\t\t<\/section>\n\t\t\t\t<section class=\"elementor-section elementor-top-section elementor-element elementor-element-0083891 elementor-section-boxed elementor-section-height-default elementor-section-height-default\" data-id=\"0083891\" data-element_type=\"section\" data-e-type=\"section\">\n\t\t\t\t\t\t<div class=\"elementor-container elementor-column-gap-default\">\n\t\t\t\t\t<div class=\"elementor-column elementor-col-66 elementor-top-column elementor-element elementor-element-035b830\" data-id=\"035b830\" data-element_type=\"column\" data-e-type=\"column\">\n\t\t\t<div class=\"elementor-widget-wrap elementor-element-populated\">\n\t\t\t\t\t\t<div class=\"elementor-element elementor-element-bddc5c0 elementor-widget elementor-widget-text-editor\" data-id=\"bddc5c0\" data-element_type=\"widget\" data-e-type=\"widget\" data-widget_type=\"text-editor.default\">\n\t\t\t\t<div class=\"elementor-widget-container\">\n\t\t\t\t\t\t\t\t\t<p><strong>Recyclingexpertise<\/strong>: Alte Gabelstaplerreifen bestehen aus unterschiedlichen Materialien wie Gummi, Textilien und Stahl und m\u00fcssen speziell recycelt werden. Wir haben uns auf die Vollgummi-Altreifen-Verwertung spezialisiert. Abgefahrene oder besch\u00e4digte Stapler-Altreifen mit oder ohne Felge nehmen wir entgegen und entsorgen sie fachgerecht. Die Altreifen werden zun\u00e4chst sortiert und je nach Zustand weiter verarbeitet.<\/p><p>Der Gro\u00dfteil der abgefahrenen Vollgummi-Reifen oder Bandagen wird stofflich verwertet und \u00a0landet in einem Schredder, der die Reifen in handtellergro\u00dfe St\u00fccke zerkleinert. Dieses geschredderte Material wird dann granuliert oder vermahlen.<\/p>\t\t\t\t\t\t\t\t<\/div>\n\t\t\t\t<\/div>\n\t\t\t\t\t<\/div>\n\t\t<\/div>\n\t\t\t\t<div class=\"elementor-column elementor-col-33 elementor-top-column elementor-element elementor-element-7a1d022\" data-id=\"7a1d022\" data-element_type=\"column\" data-e-type=\"column\" data-settings=\"{&quot;background_background&quot;:&quot;classic&quot;}\">\n\t\t\t<div class=\"elementor-widget-wrap elementor-element-populated\">\n\t\t\t\t\t\t<div class=\"elementor-element elementor-element-bab5dd7 elementor-widget elementor-widget-heading\" data-id=\"bab5dd7\" data-element_type=\"widget\" data-e-type=\"widget\" data-widget_type=\"heading.default\">\n\t\t\t\t<div class=\"elementor-widget-container\">\n\t\t\t\t\t<h3 class=\"elementor-heading-title elementor-size-default\">Unsere Recyclingexpertise<\/h3>\t\t\t\t<\/div>\n\t\t\t\t<\/div>\n\t\t\t\t<div class=\"elementor-element elementor-element-e0f458b elementor-icon-list--layout-traditional elementor-list-item-link-full_width elementor-widget elementor-widget-icon-list\" data-id=\"e0f458b\" data-element_type=\"widget\" data-e-type=\"widget\" data-widget_type=\"icon-list.default\">\n\t\t\t\t<div class=\"elementor-widget-container\">\n\t\t\t\t\t\t\t<ul class=\"elementor-icon-list-items\">\n\t\t\t\t\t\t\t<li class=\"elementor-icon-list-item\">\n\t\t\t\t\t\t\t\t\t\t\t<span class=\"elementor-icon-list-icon\">\n\t\t\t\t\t\t\t<svg aria-hidden=\"true\" class=\"e-font-icon-svg e-fas-check\" viewBox=\"0 0 512 512\" xmlns=\"http:\/\/www.w3.org\/2000\/svg\"><path d=\"M173.898 439.404l-166.4-166.4c-9.997-9.997-9.997-26.206 0-36.204l36.203-36.204c9.997-9.998 26.207-9.998 36.204 0L192 312.69 432.095 72.596c9.997-9.997 26.207-9.997 36.204 0l36.203 36.204c9.997 9.997 9.997 26.206 0 36.204l-294.4 294.401c-9.998 9.997-26.207 9.997-36.204-.001z\"><\/path><\/svg>\t\t\t\t\t\t<\/span>\n\t\t\t\t\t\t\t\t\t\t<span class=\"elementor-icon-list-text\">Vollgummireifen<\/span>\n\t\t\t\t\t\t\t\t\t<\/li>\n\t\t\t\t\t\t\t\t<li class=\"elementor-icon-list-item\">\n\t\t\t\t\t\t\t\t\t\t\t<span class=\"elementor-icon-list-icon\">\n\t\t\t\t\t\t\t<svg aria-hidden=\"true\" class=\"e-font-icon-svg e-fas-check\" viewBox=\"0 0 512 512\" xmlns=\"http:\/\/www.w3.org\/2000\/svg\"><path d=\"M173.898 439.404l-166.4-166.4c-9.997-9.997-9.997-26.206 0-36.204l36.203-36.204c9.997-9.998 26.207-9.998 36.204 0L192 312.69 432.095 72.596c9.997-9.997 26.207-9.997 36.204 0l36.203 36.204c9.997 9.997 9.997 26.206 0 36.204l-294.4 294.401c-9.998 9.997-26.207 9.997-36.204-.001z\"><\/path><\/svg>\t\t\t\t\t\t<\/span>\n\t\t\t\t\t\t\t\t\t\t<span class=\"elementor-icon-list-text\">Vollgummibandagen<\/span>\n\t\t\t\t\t\t\t\t\t<\/li>\n\t\t\t\t\t\t\t\t<li class=\"elementor-icon-list-item\">\n\t\t\t\t\t\t\t\t\t\t\t<span class=\"elementor-icon-list-icon\">\n\t\t\t\t\t\t\t<svg aria-hidden=\"true\" class=\"e-font-icon-svg e-fas-check\" viewBox=\"0 0 512 512\" xmlns=\"http:\/\/www.w3.org\/2000\/svg\"><path d=\"M173.898 439.404l-166.4-166.4c-9.997-9.997-9.997-26.206 0-36.204l36.203-36.204c9.997-9.998 26.207-9.998 36.204 0L192 312.69 432.095 72.596c9.997-9.997 26.207-9.997 36.204 0l36.203 36.204c9.997 9.997 9.997 26.206 0 36.204l-294.4 294.401c-9.998 9.997-26.207 9.997-36.204-.001z\"><\/path><\/svg>\t\t\t\t\t\t<\/span>\n\t\t\t\t\t\t\t\t\t\t<span class=\"elementor-icon-list-text\">Bandagen<\/span>\n\t\t\t\t\t\t\t\t\t<\/li>\n\t\t\t\t\t\t\t\t<li class=\"elementor-icon-list-item\">\n\t\t\t\t\t\t\t\t\t\t\t<span class=\"elementor-icon-list-icon\">\n\t\t\t\t\t\t\t<svg aria-hidden=\"true\" class=\"e-font-icon-svg e-fas-check\" viewBox=\"0 0 512 512\" xmlns=\"http:\/\/www.w3.org\/2000\/svg\"><path d=\"M173.898 439.404l-166.4-166.4c-9.997-9.997-9.997-26.206 0-36.204l36.203-36.204c9.997-9.998 26.207-9.998 36.204 0L192 312.69 432.095 72.596c9.997-9.997 26.207-9.997 36.204 0l36.203 36.204c9.997 9.997 9.997 26.206 0 36.204l-294.4 294.401c-9.998 9.997-26.207 9.997-36.204-.001z\"><\/path><\/svg>\t\t\t\t\t\t<\/span>\n\t\t\t\t\t\t\t\t\t\t<span class=\"elementor-icon-list-text\">Staplerreifen mit Felge<\/span>\n\t\t\t\t\t\t\t\t\t<\/li>\n\t\t\t\t\t\t\t\t<li class=\"elementor-icon-list-item\">\n\t\t\t\t\t\t\t\t\t\t\t<span class=\"elementor-icon-list-icon\">\n\t\t\t\t\t\t\t<svg aria-hidden=\"true\" class=\"e-font-icon-svg e-fas-check\" viewBox=\"0 0 512 512\" xmlns=\"http:\/\/www.w3.org\/2000\/svg\"><path d=\"M173.898 439.404l-166.4-166.4c-9.997-9.997-9.997-26.206 0-36.204l36.203-36.204c9.997-9.998 26.207-9.998 36.204 0L192 312.69 432.095 72.596c9.997-9.997 26.207-9.997 36.204 0l36.203 36.204c9.997 9.997 9.997 26.206 0 36.204l-294.4 294.401c-9.998 9.997-26.207 9.997-36.204-.001z\"><\/path><\/svg>\t\t\t\t\t\t<\/span>\n\t\t\t\t\t\t\t\t\t\t<span class=\"elementor-icon-list-text\">Staplerreifen ohne Felge<\/span>\n\t\t\t\t\t\t\t\t\t<\/li>\n\t\t\t\t\t\t\t\t<li class=\"elementor-icon-list-item\">\n\t\t\t\t\t\t\t\t\t\t\t<span class=\"elementor-icon-list-icon\">\n\t\t\t\t\t\t\t<svg aria-hidden=\"true\" class=\"e-font-icon-svg e-fas-check\" viewBox=\"0 0 512 512\" xmlns=\"http:\/\/www.w3.org\/2000\/svg\"><path d=\"M173.898 439.404l-166.4-166.4c-9.997-9.997-9.997-26.206 0-36.204l36.203-36.204c9.997-9.998 26.207-9.998 36.204 0L192 312.69 432.095 72.596c9.997-9.997 26.207-9.997 36.204 0l36.203 36.204c9.997 9.997 9.997 26.206 0 36.204l-294.4 294.401c-9.998 9.997-26.207 9.997-36.204-.001z\"><\/path><\/svg>\t\t\t\t\t\t<\/span>\n\t\t\t\t\t\t\t\t\t\t<span class=\"elementor-icon-list-text\">Vollgummiprodukte<\/span>\n\t\t\t\t\t\t\t\t\t<\/li>\n\t\t\t\t\t\t\t\t<li class=\"elementor-icon-list-item\">\n\t\t\t\t\t\t\t\t\t\t\t<span class=\"elementor-icon-list-icon\">\n\t\t\t\t\t\t\t<svg aria-hidden=\"true\" class=\"e-font-icon-svg e-fas-check\" viewBox=\"0 0 512 512\" xmlns=\"http:\/\/www.w3.org\/2000\/svg\"><path d=\"M173.898 439.404l-166.4-166.4c-9.997-9.997-9.997-26.206 0-36.204l36.203-36.204c9.997-9.998 26.207-9.998 36.204 0L192 312.69 432.095 72.596c9.997-9.997 26.207-9.997 36.204 0l36.203 36.204c9.997 9.997 9.997 26.206 0 36.204l-294.4 294.401c-9.998 9.997-26.207 9.997-36.204-.001z\"><\/path><\/svg>\t\t\t\t\t\t<\/span>\n\t\t\t\t\t\t\t\t\t\t<span class=\"elementor-icon-list-text\">Fallschutzpl\u00e4tze<\/span>\n\t\t\t\t\t\t\t\t\t<\/li>\n\t\t\t\t\t\t\t\t<li class=\"elementor-icon-list-item\">\n\t\t\t\t\t\t\t\t\t\t\t<span class=\"elementor-icon-list-icon\">\n\t\t\t\t\t\t\t<svg aria-hidden=\"true\" class=\"e-font-icon-svg e-fas-check\" viewBox=\"0 0 512 512\" xmlns=\"http:\/\/www.w3.org\/2000\/svg\"><path d=\"M173.898 439.404l-166.4-166.4c-9.997-9.997-9.997-26.206 0-36.204l36.203-36.204c9.997-9.998 26.207-9.998 36.204 0L192 312.69 432.095 72.596c9.997-9.997 26.207-9.997 36.204 0l36.203 36.204c9.997 9.997 9.997 26.206 0 36.204l-294.4 294.401c-9.998 9.997-26.207 9.997-36.204-.001z\"><\/path><\/svg>\t\t\t\t\t\t<\/span>\n\t\t\t\t\t\t\t\t\t\t<span class=\"elementor-icon-list-text\">Gummi von Bahn\u00fcberg\u00e4ngen<\/span>\n\t\t\t\t\t\t\t\t\t<\/li>\n\t\t\t\t\t\t<\/ul>\n\t\t\t\t\t\t<\/div>\n\t\t\t\t<\/div>\n\t\t\t\t\t<\/div>\n\t\t<\/div>\n\t\t\t\t\t<\/div>\n\t\t<\/section>\n\t\t\t\t<section class=\"elementor-section elementor-top-section elementor-element elementor-element-c3ce439 elementor-section-boxed elementor-section-height-default elementor-section-height-default\" data-id=\"c3ce439\" data-element_type=\"section\" data-e-type=\"section\">\n\t\t\t\t\t\t<div class=\"elementor-container elementor-column-gap-default\">\n\t\t\t\t\t<div class=\"elementor-column elementor-col-100 elementor-top-column elementor-element elementor-element-5e7d4e5\" data-id=\"5e7d4e5\" data-element_type=\"column\" data-e-type=\"column\">\n\t\t\t<div class=\"elementor-widget-wrap elementor-element-populated\">\n\t\t\t\t\t\t<div class=\"elementor-element elementor-element-df24d9c elementor-widget elementor-widget-heading\" data-id=\"df24d9c\" data-element_type=\"widget\" data-e-type=\"widget\" data-widget_type=\"heading.default\">\n\t\t\t\t<div class=\"elementor-widget-container\">\n\t\t\t\t\t<h3 class=\"elementor-heading-title elementor-size-default\">Staplerreifenrecycling durch Granulat<\/h3>\t\t\t\t<\/div>\n\t\t\t\t<\/div>\n\t\t\t\t<div class=\"elementor-element elementor-element-f74380d elementor-widget elementor-widget-text-editor\" data-id=\"f74380d\" data-element_type=\"widget\" data-e-type=\"widget\" data-widget_type=\"text-editor.default\">\n\t\t\t\t<div class=\"elementor-widget-container\">\n\t\t\t\t\t\t\t\t\t<p>Das Granulat aus Altreifen ist ein wertvoller Sekund\u00e4rrohstoff, der in zahlreichen Produkten angewendet werden kann. Die nat\u00fcrlichen Ressourcen werden dabei geschont. Das Gummigranulat oder Gummimehl von\u00a0 alten Staplerreifens findet Anwendung in\u00a0 Kunstrasen, Fallschutzmatten, T\u00fcrdichtungen, Stra\u00dfenbelag, oder Dichtungsmaterialien.<\/p><p>Wir recyceln nicht nur Gabelstaplerreifen mit und ohne Felgen, sondern auch Vollgummireifen, Vollgummibandagen und weitere Vollgummiprodukte von Bahn\u00fcberg\u00e4ngen und z.B. von Fallschutzplatten<\/p><p>Melden Sie sich gerne, wenn bei Ihnen \u2013 regelm\u00e4\u00dfig oder unregelm\u00e4\u00dfig \u2013 alte Staplerreifen anfallen.<\/p><p>Auf Wunsch holen wir Ihre alten Staplerreifen ab. Vereinbaren Sie einen Termin mit uns und wir garantieren Ihnen eine p\u00fcnktliche und verbindliche Abholung. Gerne stellen wir Ihnen auch einen Sammel-Container zur Verf\u00fcgung. Sie f\u00fcllen ihn mit Altreifen und wir holen ihn ab, sobald er voll ist. Die alten Gabelstaplerreifen werden einzeln gepr\u00fcft und entsprechend ihrem Zustand umweltfreundlich recycelt.<\/p>\t\t\t\t\t\t\t\t<\/div>\n\t\t\t\t<\/div>\n\t\t\t\t<div class=\"elementor-element elementor-element-fa8bd1e elementor-align-center elementor-widget elementor-widget-button\" data-id=\"fa8bd1e\" data-element_type=\"widget\" data-e-type=\"widget\" data-widget_type=\"button.default\">\n\t\t\t\t<div class=\"elementor-widget-container\">\n\t\t\t\t\t\t\t\t\t<div class=\"elementor-button-wrapper\">\n\t\t\t\t\t<a class=\"elementor-button elementor-button-link elementor-size-lg\" href=\"https:\/\/bender-reifen.de\/de\/staplerreifenrecycling\/auftrag-zur-altreifenabholung\/\">\n\t\t\t\t\t\t<span class=\"elementor-button-content-wrapper\">\n\t\t\t\t\t\t<span class=\"elementor-button-icon\">\n\t\t\t\t<svg aria-hidden=\"true\" class=\"e-font-icon-svg e-fas-truck\" viewBox=\"0 0 640 512\" xmlns=\"http:\/\/www.w3.org\/2000\/svg\"><path d=\"M624 352h-16V243.9c0-12.7-5.1-24.9-14.1-33.9L494 110.1c-9-9-21.2-14.1-33.9-14.1H416V48c0-26.5-21.5-48-48-48H48C21.5 0 0 21.5 0 48v320c0 26.5 21.5 48 48 48h16c0 53 43 96 96 96s96-43 96-96h128c0 53 43 96 96 96s96-43 96-96h48c8.8 0 16-7.2 16-16v-32c0-8.8-7.2-16-16-16zM160 464c-26.5 0-48-21.5-48-48s21.5-48 48-48 48 21.5 48 48-21.5 48-48 48zm320 0c-26.5 0-48-21.5-48-48s21.5-48 48-48 48 21.5 48 48-21.5 48-48 48zm80-208H416V144h44.1l99.9 99.9V256z\"><\/path><\/svg>\t\t\t<\/span>\n\t\t\t\t\t\t\t\t\t<span class=\"elementor-button-text\">Jetzt Auftrag zur Altreifenabholung ausf\u00fcllen<\/span>\n\t\t\t\t\t<\/span>\n\t\t\t\t\t<\/a>\n\t\t\t\t<\/div>\n\t\t\t\t\t\t\t\t<\/div>\n\t\t\t\t<\/div>\n\t\t\t\t\t<\/div>\n\t\t<\/div>\n\t\t\t\t\t<\/div>\n\t\t<\/section>\n\t\t\t\t<\/div>\n\t\t","protected":false},"excerpt":{"rendered":"<p>Machen Sie das Beste aus Ihren alten Vollgummireifen &#8211; Recyclingexpertise Nahezu alle Gabelstapler oder Flurf\u00f6rderfahrzeuge werden mit Vollgummireifen ausger\u00fcstet, denn diese haben eine dreimal l\u00e4ngere Lebensdauer als normale Luftreifen. Doch auch diese lange Lebensdauer der Staplerreifen hat irgendwann ein Ende. Doch das muss nicht gleich das Aus sein: Dank Staplerreifenrecycling! Recyclingexpertise: Alte Gabelstaplerreifen bestehen aus [&hellip;]<\/p>\n","protected":false},"author":2,"featured_media":25300,"parent":0,"menu_order":0,"comment_status":"closed","ping_status":"closed","template":"","meta":{"footnotes":""},"class_list":["post-24968","page","type-page","status-publish","has-post-thumbnail","hentry"],"yoast_head":"<!-- This site is optimized with the Yoast SEO plugin v27.3 - https:\/\/yoast.com\/product\/yoast-seo-wordpress\/ -->\n<title>Staplerreifenrecycling - Bender Reifen Recycling<\/title>\n<meta name=\"description\" content=\"Gabelstapler werden mit Vollgummireifen ausger\u00fcstet, denn diese halten l\u00e4nger als normale Reifen. Und wir verl\u00e4ngern diese durch Staplerreifenrecycling.\" \/>\n<meta name=\"robots\" content=\"index, follow, max-snippet:-1, max-image-preview:large, max-video-preview:-1\" \/>\n<link rel=\"canonical\" href=\"https:\/\/bender-reifen.de\/de\/staplerreifenrecycling\/\" \/>\n<meta property=\"og:locale\" content=\"de_DE\" \/>\n<meta property=\"og:type\" content=\"article\" \/>\n<meta property=\"og:title\" content=\"Staplerreifenrecycling - Bender Reifen Recycling\" \/>\n<meta property=\"og:description\" content=\"Gabelstapler werden mit Vollgummireifen ausger\u00fcstet, denn diese halten l\u00e4nger als normale Reifen. Und wir verl\u00e4ngern diese durch Staplerreifenrecycling.\" \/>\n<meta property=\"og:url\" content=\"https:\/\/bender-reifen.de\/de\/staplerreifenrecycling\/\" \/>\n<meta property=\"og:site_name\" content=\"Bender Reifen Recycling\" \/>\n<meta property=\"article:modified_time\" content=\"2026-03-03T12:32:53+00:00\" \/>\n<meta property=\"og:image\" content=\"https:\/\/bender-reifen.de\/wp-content\/uploads\/bender_reifen_-_staplerreifenrecycling.jpg\" \/>\n\t<meta property=\"og:image:width\" content=\"1200\" \/>\n\t<meta property=\"og:image:height\" content=\"600\" \/>\n\t<meta property=\"og:image:type\" content=\"image\/jpeg\" \/>\n<meta name=\"twitter:card\" content=\"summary_large_image\" \/>\n<meta name=\"twitter:label1\" content=\"Gesch\u00e4tzte Lesezeit\" \/>\n\t<meta name=\"twitter:data1\" content=\"2\u00a0Minuten\" \/>\n<script type=\"application\/ld+json\" class=\"yoast-schema-graph\">{\"@context\":\"https:\\\/\\\/schema.org\",\"@graph\":[{\"@type\":\"WebPage\",\"@id\":\"https:\\\/\\\/bender-reifen.de\\\/de\\\/staplerreifenrecycling\\\/\",\"url\":\"https:\\\/\\\/bender-reifen.de\\\/de\\\/staplerreifenrecycling\\\/\",\"name\":\"Staplerreifenrecycling - Bender Reifen Recycling\",\"isPartOf\":{\"@id\":\"https:\\\/\\\/bender-reifen.de\\\/de\\\/#website\"},\"primaryImageOfPage\":{\"@id\":\"https:\\\/\\\/bender-reifen.de\\\/de\\\/staplerreifenrecycling\\\/#primaryimage\"},\"image\":{\"@id\":\"https:\\\/\\\/bender-reifen.de\\\/de\\\/staplerreifenrecycling\\\/#primaryimage\"},\"thumbnailUrl\":\"https:\\\/\\\/bender-reifen.de\\\/wp-content\\\/uploads\\\/bender_reifen_-_staplerreifenrecycling.jpg\",\"datePublished\":\"2018-08-01T10:43:59+00:00\",\"dateModified\":\"2026-03-03T12:32:53+00:00\",\"description\":\"Gabelstapler werden mit Vollgummireifen ausger\u00fcstet, denn diese halten l\u00e4nger als normale Reifen. Und wir verl\u00e4ngern diese durch Staplerreifenrecycling.\",\"breadcrumb\":{\"@id\":\"https:\\\/\\\/bender-reifen.de\\\/de\\\/staplerreifenrecycling\\\/#breadcrumb\"},\"inLanguage\":\"de\",\"potentialAction\":[{\"@type\":\"ReadAction\",\"target\":[\"https:\\\/\\\/bender-reifen.de\\\/de\\\/staplerreifenrecycling\\\/\"]}]},{\"@type\":\"ImageObject\",\"inLanguage\":\"de\",\"@id\":\"https:\\\/\\\/bender-reifen.de\\\/de\\\/staplerreifenrecycling\\\/#primaryimage\",\"url\":\"https:\\\/\\\/bender-reifen.de\\\/wp-content\\\/uploads\\\/bender_reifen_-_staplerreifenrecycling.jpg\",\"contentUrl\":\"https:\\\/\\\/bender-reifen.de\\\/wp-content\\\/uploads\\\/bender_reifen_-_staplerreifenrecycling.jpg\",\"width\":1200,\"height\":600,\"caption\":\"Bender Reifen Recycling - Staplerreifenrecycling\"},{\"@type\":\"BreadcrumbList\",\"@id\":\"https:\\\/\\\/bender-reifen.de\\\/de\\\/staplerreifenrecycling\\\/#breadcrumb\",\"itemListElement\":[{\"@type\":\"ListItem\",\"position\":1,\"name\":\"Startseite\",\"item\":\"https:\\\/\\\/bender-reifen.de\\\/de\\\/\"},{\"@type\":\"ListItem\",\"position\":2,\"name\":\"Staplerreifenrecycling\"}]},{\"@type\":\"WebSite\",\"@id\":\"https:\\\/\\\/bender-reifen.de\\\/de\\\/#website\",\"url\":\"https:\\\/\\\/bender-reifen.de\\\/de\\\/\",\"name\":\"Bender Reifen Recycling\",\"description\":\"Ihr Partner, wenn es um Reifen geht.\",\"potentialAction\":[{\"@type\":\"SearchAction\",\"target\":{\"@type\":\"EntryPoint\",\"urlTemplate\":\"https:\\\/\\\/bender-reifen.de\\\/de\\\/?s={search_term_string}\"},\"query-input\":{\"@type\":\"PropertyValueSpecification\",\"valueRequired\":true,\"valueName\":\"search_term_string\"}}],\"inLanguage\":\"de\"}]}<\/script>\n<!-- \/ Yoast SEO plugin. -->","yoast_head_json":{"title":"Staplerreifenrecycling - Bender Reifen Recycling","description":"Gabelstapler werden mit Vollgummireifen ausger\u00fcstet, denn diese halten l\u00e4nger als normale Reifen. Und wir verl\u00e4ngern diese durch Staplerreifenrecycling.","robots":{"index":"index","follow":"follow","max-snippet":"max-snippet:-1","max-image-preview":"max-image-preview:large","max-video-preview":"max-video-preview:-1"},"canonical":"https:\/\/bender-reifen.de\/de\/staplerreifenrecycling\/","og_locale":"de_DE","og_type":"article","og_title":"Staplerreifenrecycling - Bender Reifen Recycling","og_description":"Gabelstapler werden mit Vollgummireifen ausger\u00fcstet, denn diese halten l\u00e4nger als normale Reifen. Und wir verl\u00e4ngern diese durch Staplerreifenrecycling.","og_url":"https:\/\/bender-reifen.de\/de\/staplerreifenrecycling\/","og_site_name":"Bender Reifen Recycling","article_modified_time":"2026-03-03T12:32:53+00:00","og_image":[{"width":1200,"height":600,"url":"https:\/\/bender-reifen.de\/wp-content\/uploads\/bender_reifen_-_staplerreifenrecycling.jpg","type":"image\/jpeg"}],"twitter_card":"summary_large_image","twitter_misc":{"Gesch\u00e4tzte Lesezeit":"2\u00a0Minuten"},"schema":{"@context":"https:\/\/schema.org","@graph":[{"@type":"WebPage","@id":"https:\/\/bender-reifen.de\/de\/staplerreifenrecycling\/","url":"https:\/\/bender-reifen.de\/de\/staplerreifenrecycling\/","name":"Staplerreifenrecycling - Bender Reifen Recycling","isPartOf":{"@id":"https:\/\/bender-reifen.de\/de\/#website"},"primaryImageOfPage":{"@id":"https:\/\/bender-reifen.de\/de\/staplerreifenrecycling\/#primaryimage"},"image":{"@id":"https:\/\/bender-reifen.de\/de\/staplerreifenrecycling\/#primaryimage"},"thumbnailUrl":"https:\/\/bender-reifen.de\/wp-content\/uploads\/bender_reifen_-_staplerreifenrecycling.jpg","datePublished":"2018-08-01T10:43:59+00:00","dateModified":"2026-03-03T12:32:53+00:00","description":"Gabelstapler werden mit Vollgummireifen ausger\u00fcstet, denn diese halten l\u00e4nger als normale Reifen. Und wir verl\u00e4ngern diese durch Staplerreifenrecycling.","breadcrumb":{"@id":"https:\/\/bender-reifen.de\/de\/staplerreifenrecycling\/#breadcrumb"},"inLanguage":"de","potentialAction":[{"@type":"ReadAction","target":["https:\/\/bender-reifen.de\/de\/staplerreifenrecycling\/"]}]},{"@type":"ImageObject","inLanguage":"de","@id":"https:\/\/bender-reifen.de\/de\/staplerreifenrecycling\/#primaryimage","url":"https:\/\/bender-reifen.de\/wp-content\/uploads\/bender_reifen_-_staplerreifenrecycling.jpg","contentUrl":"https:\/\/bender-reifen.de\/wp-content\/uploads\/bender_reifen_-_staplerreifenrecycling.jpg","width":1200,"height":600,"caption":"Bender Reifen Recycling - Staplerreifenrecycling"},{"@type":"BreadcrumbList","@id":"https:\/\/bender-reifen.de\/de\/staplerreifenrecycling\/#breadcrumb","itemListElement":[{"@type":"ListItem","position":1,"name":"Startseite","item":"https:\/\/bender-reifen.de\/de\/"},{"@type":"ListItem","position":2,"name":"Staplerreifenrecycling"}]},{"@type":"WebSite","@id":"https:\/\/bender-reifen.de\/de\/#website","url":"https:\/\/bender-reifen.de\/de\/","name":"Bender Reifen Recycling","description":"Ihr Partner, wenn es um Reifen geht.","potentialAction":[{"@type":"SearchAction","target":{"@type":"EntryPoint","urlTemplate":"https:\/\/bender-reifen.de\/de\/?s={search_term_string}"},"query-input":{"@type":"PropertyValueSpecification","valueRequired":true,"valueName":"search_term_string"}}],"inLanguage":"de"}]}},"_links":{"self":[{"href":"https:\/\/bender-reifen.de\/de\/wp-json\/wp\/v2\/pages\/24968","targetHints":{"allow":["GET"]}}],"collection":[{"href":"https:\/\/bender-reifen.de\/de\/wp-json\/wp\/v2\/pages"}],"about":[{"href":"https:\/\/bender-reifen.de\/de\/wp-json\/wp\/v2\/types\/page"}],"author":[{"embeddable":true,"href":"https:\/\/bender-reifen.de\/de\/wp-json\/wp\/v2\/users\/2"}],"replies":[{"embeddable":true,"href":"https:\/\/bender-reifen.de\/de\/wp-json\/wp\/v2\/comments?post=24968"}],"version-history":[{"count":3,"href":"https:\/\/bender-reifen.de\/de\/wp-json\/wp\/v2\/pages\/24968\/revisions"}],"predecessor-version":[{"id":43221,"href":"https:\/\/bender-reifen.de\/de\/wp-json\/wp\/v2\/pages\/24968\/revisions\/43221"}],"wp:featuredmedia":[{"embeddable":true,"href":"https:\/\/bender-reifen.de\/de\/wp-json\/wp\/v2\/media\/25300"}],"wp:attachment":[{"href":"https:\/\/bender-reifen.de\/de\/wp-json\/wp\/v2\/media?parent=24968"}],"curies":[{"name":"wp","href":"https:\/\/api.w.org\/{rel}","templated":true}]}}