{"id":24974,"date":"2018-08-01T12:45:02","date_gmt":"2018-08-01T10:45:02","guid":{"rendered":"https:\/\/bender-reifen.de\/?page_id=24974"},"modified":"2020-11-16T12:23:58","modified_gmt":"2020-11-16T11:23:58","slug":"geschichte","status":"publish","type":"page","link":"https:\/\/bender-reifen.de\/de\/ueber-uns\/geschichte\/","title":{"rendered":"Geschichte"},"content":{"rendered":"\t\t<div data-elementor-type=\"wp-page\" data-elementor-id=\"24974\" class=\"elementor elementor-24974\" data-elementor-post-type=\"page\">\n\t\t\t\t\t\t<section class=\"elementor-section elementor-top-section elementor-element elementor-element-9f5a531 elementor-section-boxed elementor-section-height-default elementor-section-height-default\" data-id=\"9f5a531\" data-element_type=\"section\" data-e-type=\"section\">\n\t\t\t\t\t\t<div class=\"elementor-container elementor-column-gap-default\">\n\t\t\t\t\t<div class=\"elementor-column elementor-col-100 elementor-top-column elementor-element elementor-element-2cff66c\" data-id=\"2cff66c\" data-element_type=\"column\" data-e-type=\"column\">\n\t\t\t<div class=\"elementor-widget-wrap elementor-element-populated\">\n\t\t\t\t\t\t<div class=\"elementor-element elementor-element-9c5be85 elementor-widget elementor-widget-heading\" data-id=\"9c5be85\" data-element_type=\"widget\" data-e-type=\"widget\" data-widget_type=\"heading.default\">\n\t\t\t\t<div class=\"elementor-widget-container\">\n\t\t\t\t\t<h2 class=\"elementor-heading-title elementor-size-default\">70 Jahre Gummi\n<\/h2>\t\t\t\t<\/div>\n\t\t\t\t<\/div>\n\t\t\t\t<div class=\"elementor-element elementor-element-0edd8f4 elementor-widget elementor-widget-heading\" data-id=\"0edd8f4\" data-element_type=\"widget\" data-e-type=\"widget\" data-widget_type=\"heading.default\">\n\t\t\t\t<div class=\"elementor-widget-container\">\n\t\t\t\t\t<h3 class=\"elementor-heading-title elementor-size-default\">Begonnen hat alles im Jahr 1948<\/h3>\t\t\t\t<\/div>\n\t\t\t\t<\/div>\n\t\t\t\t<div class=\"elementor-element elementor-element-7174929 elementor-widget elementor-widget-text-editor\" data-id=\"7174929\" data-element_type=\"widget\" data-e-type=\"widget\" data-widget_type=\"text-editor.default\">\n\t\t\t\t<div class=\"elementor-widget-container\">\n\t\t\t\t\t\t\t\t\t<p>Nach einer Ausbildung im Labor der renommierten Neckarsulmer Motorrad- und Automobilfirma NSU war es Hans Bender, der am 1. Juni 1948 den Reifendienst und Vulkanisierbetrieb Bender in einer zerbombten Waschk\u00fcche gr\u00fcndete.<\/p><p>In der Nachkriegszeit hatte besonders die US-Army gro\u00dfen Bedarf an schnellen und unkomplizierten Reifenreparaturen. Doch schnell verlangte auch die wachsende Wirtschaft in der Region nach qualifizierten Anbietern. Immer mehr Menschen konnten sich privat ein Motorrad oder einen Pkw leisten. Auch das Angebot an neuen Reifengr\u00f6\u00dfen nahm stetig zu. Kein Wunder also, dass auch die Firma Reifen-Bender-Neckarsulm sehr schnell expandierte.<\/p><p>F\u00fcr die Vulkanisierung, das Ausbessern der Oberfl\u00e4chensch\u00e4den sowie f\u00fcr das allgemeine Flicken von Schl\u00e4uchen waren bei der Firma Bender kontinuierlich mehrere Fachkr\u00e4fte besch\u00e4ftigt. Um den hohen Anforderungen und dem Wachstum der Branche Stand zu halten, ging Firmengr\u00fcnder Hans Bender ein hohes, finanzielles Risiko ein. Er investierte stetig in die modernsten Maschinen und fortschrittlichsten Techniken. Durch den stetigen Ausbau und die durchgehende Weiterentwicklung wuchs der Reifendienst und Vulkanisierbetrieb Bender. Heute z\u00e4hlt er zu einem der f\u00fchrenden Betriebe f\u00fcr die Altreifenentsorgung.<\/p><p>Das Basisgesch\u00e4ft der Firma Bender entwickelte sich \u00fcber die Jahre hinweg stetig weiter, so dass sich der j\u00fcngste der Bender S\u00f6hne, Dipl.-Ing. J\u00fcrgen Bender, auf die von ihm selbst gegr\u00fcndete\u00a0<a href=\"https:\/\/bender-reifen.de\/de\/recycling\/\">Recycling Technologie<\/a>\u00a0fokussieren konnte und sich als Bender Reifen Recycling GmbH selbstst\u00e4ndig machte.<\/p><p><\/p>\t\t\t\t\t\t\t\t<\/div>\n\t\t\t\t<\/div>\n\t\t\t\t\t<\/div>\n\t\t<\/div>\n\t\t\t\t\t<\/div>\n\t\t<\/section>\n\t\t\t\t<\/div>\n\t\t","protected":false},"excerpt":{"rendered":"<p>70 Jahre Gummi Begonnen hat alles im Jahr 1948 Nach einer Ausbildung im Labor der renommierten Neckarsulmer Motorrad- und Automobilfirma NSU war es Hans Bender, der am 1. Juni 1948 den Reifendienst und Vulkanisierbetrieb Bender in einer zerbombten Waschk\u00fcche gr\u00fcndete. In der Nachkriegszeit hatte besonders die US-Army gro\u00dfen Bedarf an schnellen und unkomplizierten Reifenreparaturen. Doch [&hellip;]<\/p>\n","protected":false},"author":2,"featured_media":25304,"parent":24775,"menu_order":0,"comment_status":"closed","ping_status":"closed","template":"","meta":{"footnotes":""},"class_list":["post-24974","page","type-page","status-publish","has-post-thumbnail","hentry"],"yoast_head":"<!-- This site is optimized with the Yoast SEO plugin v27.3 - https:\/\/yoast.com\/product\/yoast-seo-wordpress\/ -->\n<title>Geschichte - Bender Reifen Recycling<\/title>\n<meta name=\"description\" content=\"Nach einer Ausbildung im Labor war es Hans Bender, der den Reifendienst und Vulkanisierbetrieb Bender in einer zerbombten Waschk\u00fcche gr\u00fcndete.\" \/>\n<meta name=\"robots\" content=\"index, follow, max-snippet:-1, max-image-preview:large, max-video-preview:-1\" \/>\n<link rel=\"canonical\" href=\"https:\/\/bender-reifen.de\/de\/ueber-uns\/geschichte\/\" \/>\n<meta property=\"og:locale\" content=\"de_DE\" \/>\n<meta property=\"og:type\" content=\"article\" \/>\n<meta property=\"og:title\" content=\"Geschichte - Bender Reifen Recycling\" \/>\n<meta property=\"og:description\" content=\"Nach einer Ausbildung im Labor war es Hans Bender, der den Reifendienst und Vulkanisierbetrieb Bender in einer zerbombten Waschk\u00fcche gr\u00fcndete.\" \/>\n<meta property=\"og:url\" content=\"https:\/\/bender-reifen.de\/de\/ueber-uns\/geschichte\/\" \/>\n<meta property=\"og:site_name\" content=\"Bender Reifen Recycling\" \/>\n<meta property=\"article:modified_time\" content=\"2020-11-16T11:23:58+00:00\" \/>\n<meta property=\"og:image\" content=\"https:\/\/bender-reifen.de\/wp-content\/uploads\/bender_reifen_-_geschichte.jpg\" \/>\n\t<meta property=\"og:image:width\" content=\"1200\" \/>\n\t<meta property=\"og:image:height\" content=\"600\" \/>\n\t<meta property=\"og:image:type\" content=\"image\/jpeg\" \/>\n<meta name=\"twitter:card\" content=\"summary_large_image\" \/>\n<meta name=\"twitter:label1\" content=\"Gesch\u00e4tzte Lesezeit\" \/>\n\t<meta name=\"twitter:data1\" content=\"1\u00a0Minute\" \/>\n<script type=\"application\/ld+json\" class=\"yoast-schema-graph\">{\"@context\":\"https:\\\/\\\/schema.org\",\"@graph\":[{\"@type\":\"WebPage\",\"@id\":\"https:\\\/\\\/bender-reifen.de\\\/de\\\/ueber-uns\\\/geschichte\\\/\",\"url\":\"https:\\\/\\\/bender-reifen.de\\\/de\\\/ueber-uns\\\/geschichte\\\/\",\"name\":\"Geschichte - Bender Reifen Recycling\",\"isPartOf\":{\"@id\":\"https:\\\/\\\/bender-reifen.de\\\/de\\\/#website\"},\"primaryImageOfPage\":{\"@id\":\"https:\\\/\\\/bender-reifen.de\\\/de\\\/ueber-uns\\\/geschichte\\\/#primaryimage\"},\"image\":{\"@id\":\"https:\\\/\\\/bender-reifen.de\\\/de\\\/ueber-uns\\\/geschichte\\\/#primaryimage\"},\"thumbnailUrl\":\"https:\\\/\\\/bender-reifen.de\\\/wp-content\\\/uploads\\\/bender_reifen_-_geschichte.jpg\",\"datePublished\":\"2018-08-01T10:45:02+00:00\",\"dateModified\":\"2020-11-16T11:23:58+00:00\",\"description\":\"Nach einer Ausbildung im Labor war es Hans Bender, der den Reifendienst und Vulkanisierbetrieb Bender in einer zerbombten Waschk\u00fcche gr\u00fcndete.\",\"breadcrumb\":{\"@id\":\"https:\\\/\\\/bender-reifen.de\\\/de\\\/ueber-uns\\\/geschichte\\\/#breadcrumb\"},\"inLanguage\":\"de\",\"potentialAction\":[{\"@type\":\"ReadAction\",\"target\":[\"https:\\\/\\\/bender-reifen.de\\\/de\\\/ueber-uns\\\/geschichte\\\/\"]}]},{\"@type\":\"ImageObject\",\"inLanguage\":\"de\",\"@id\":\"https:\\\/\\\/bender-reifen.de\\\/de\\\/ueber-uns\\\/geschichte\\\/#primaryimage\",\"url\":\"https:\\\/\\\/bender-reifen.de\\\/wp-content\\\/uploads\\\/bender_reifen_-_geschichte.jpg\",\"contentUrl\":\"https:\\\/\\\/bender-reifen.de\\\/wp-content\\\/uploads\\\/bender_reifen_-_geschichte.jpg\",\"width\":1200,\"height\":600,\"caption\":\"Bender Reifen Recycling - Geschichte - Vom Rennfahrer zum Reifendienst\"},{\"@type\":\"BreadcrumbList\",\"@id\":\"https:\\\/\\\/bender-reifen.de\\\/de\\\/ueber-uns\\\/geschichte\\\/#breadcrumb\",\"itemListElement\":[{\"@type\":\"ListItem\",\"position\":1,\"name\":\"Startseite\",\"item\":\"https:\\\/\\\/bender-reifen.de\\\/de\\\/\"},{\"@type\":\"ListItem\",\"position\":2,\"name\":\"\u00dcber Uns\",\"item\":\"https:\\\/\\\/bender-reifen.de\\\/de\\\/ueber-uns\\\/\"},{\"@type\":\"ListItem\",\"position\":3,\"name\":\"Geschichte\"}]},{\"@type\":\"WebSite\",\"@id\":\"https:\\\/\\\/bender-reifen.de\\\/de\\\/#website\",\"url\":\"https:\\\/\\\/bender-reifen.de\\\/de\\\/\",\"name\":\"Bender Reifen Recycling\",\"description\":\"Ihr Partner, wenn es um Reifen geht.\",\"potentialAction\":[{\"@type\":\"SearchAction\",\"target\":{\"@type\":\"EntryPoint\",\"urlTemplate\":\"https:\\\/\\\/bender-reifen.de\\\/de\\\/?s={search_term_string}\"},\"query-input\":{\"@type\":\"PropertyValueSpecification\",\"valueRequired\":true,\"valueName\":\"search_term_string\"}}],\"inLanguage\":\"de\"}]}<\/script>\n<!-- \/ Yoast SEO plugin. -->","yoast_head_json":{"title":"Geschichte - Bender Reifen Recycling","description":"Nach einer Ausbildung im Labor war es Hans Bender, der den Reifendienst und Vulkanisierbetrieb Bender in einer zerbombten Waschk\u00fcche gr\u00fcndete.","robots":{"index":"index","follow":"follow","max-snippet":"max-snippet:-1","max-image-preview":"max-image-preview:large","max-video-preview":"max-video-preview:-1"},"canonical":"https:\/\/bender-reifen.de\/de\/ueber-uns\/geschichte\/","og_locale":"de_DE","og_type":"article","og_title":"Geschichte - Bender Reifen Recycling","og_description":"Nach einer Ausbildung im Labor war es Hans Bender, der den Reifendienst und Vulkanisierbetrieb Bender in einer zerbombten Waschk\u00fcche gr\u00fcndete.","og_url":"https:\/\/bender-reifen.de\/de\/ueber-uns\/geschichte\/","og_site_name":"Bender Reifen Recycling","article_modified_time":"2020-11-16T11:23:58+00:00","og_image":[{"width":1200,"height":600,"url":"https:\/\/bender-reifen.de\/wp-content\/uploads\/bender_reifen_-_geschichte.jpg","type":"image\/jpeg"}],"twitter_card":"summary_large_image","twitter_misc":{"Gesch\u00e4tzte Lesezeit":"1\u00a0Minute"},"schema":{"@context":"https:\/\/schema.org","@graph":[{"@type":"WebPage","@id":"https:\/\/bender-reifen.de\/de\/ueber-uns\/geschichte\/","url":"https:\/\/bender-reifen.de\/de\/ueber-uns\/geschichte\/","name":"Geschichte - Bender Reifen Recycling","isPartOf":{"@id":"https:\/\/bender-reifen.de\/de\/#website"},"primaryImageOfPage":{"@id":"https:\/\/bender-reifen.de\/de\/ueber-uns\/geschichte\/#primaryimage"},"image":{"@id":"https:\/\/bender-reifen.de\/de\/ueber-uns\/geschichte\/#primaryimage"},"thumbnailUrl":"https:\/\/bender-reifen.de\/wp-content\/uploads\/bender_reifen_-_geschichte.jpg","datePublished":"2018-08-01T10:45:02+00:00","dateModified":"2020-11-16T11:23:58+00:00","description":"Nach einer Ausbildung im Labor war es Hans Bender, der den Reifendienst und Vulkanisierbetrieb Bender in einer zerbombten Waschk\u00fcche gr\u00fcndete.","breadcrumb":{"@id":"https:\/\/bender-reifen.de\/de\/ueber-uns\/geschichte\/#breadcrumb"},"inLanguage":"de","potentialAction":[{"@type":"ReadAction","target":["https:\/\/bender-reifen.de\/de\/ueber-uns\/geschichte\/"]}]},{"@type":"ImageObject","inLanguage":"de","@id":"https:\/\/bender-reifen.de\/de\/ueber-uns\/geschichte\/#primaryimage","url":"https:\/\/bender-reifen.de\/wp-content\/uploads\/bender_reifen_-_geschichte.jpg","contentUrl":"https:\/\/bender-reifen.de\/wp-content\/uploads\/bender_reifen_-_geschichte.jpg","width":1200,"height":600,"caption":"Bender Reifen Recycling - Geschichte - Vom Rennfahrer zum Reifendienst"},{"@type":"BreadcrumbList","@id":"https:\/\/bender-reifen.de\/de\/ueber-uns\/geschichte\/#breadcrumb","itemListElement":[{"@type":"ListItem","position":1,"name":"Startseite","item":"https:\/\/bender-reifen.de\/de\/"},{"@type":"ListItem","position":2,"name":"\u00dcber Uns","item":"https:\/\/bender-reifen.de\/de\/ueber-uns\/"},{"@type":"ListItem","position":3,"name":"Geschichte"}]},{"@type":"WebSite","@id":"https:\/\/bender-reifen.de\/de\/#website","url":"https:\/\/bender-reifen.de\/de\/","name":"Bender Reifen Recycling","description":"Ihr Partner, wenn es um Reifen geht.","potentialAction":[{"@type":"SearchAction","target":{"@type":"EntryPoint","urlTemplate":"https:\/\/bender-reifen.de\/de\/?s={search_term_string}"},"query-input":{"@type":"PropertyValueSpecification","valueRequired":true,"valueName":"search_term_string"}}],"inLanguage":"de"}]}},"_links":{"self":[{"href":"https:\/\/bender-reifen.de\/de\/wp-json\/wp\/v2\/pages\/24974","targetHints":{"allow":["GET"]}}],"collection":[{"href":"https:\/\/bender-reifen.de\/de\/wp-json\/wp\/v2\/pages"}],"about":[{"href":"https:\/\/bender-reifen.de\/de\/wp-json\/wp\/v2\/types\/page"}],"author":[{"embeddable":true,"href":"https:\/\/bender-reifen.de\/de\/wp-json\/wp\/v2\/users\/2"}],"replies":[{"embeddable":true,"href":"https:\/\/bender-reifen.de\/de\/wp-json\/wp\/v2\/comments?post=24974"}],"version-history":[{"count":0,"href":"https:\/\/bender-reifen.de\/de\/wp-json\/wp\/v2\/pages\/24974\/revisions"}],"up":[{"embeddable":true,"href":"https:\/\/bender-reifen.de\/de\/wp-json\/wp\/v2\/pages\/24775"}],"wp:featuredmedia":[{"embeddable":true,"href":"https:\/\/bender-reifen.de\/de\/wp-json\/wp\/v2\/media\/25304"}],"wp:attachment":[{"href":"https:\/\/bender-reifen.de\/de\/wp-json\/wp\/v2\/media?parent=24974"}],"curies":[{"name":"wp","href":"https:\/\/api.w.org\/{rel}","templated":true}]}}