{"id":24978,"date":"2018-08-01T12:44:39","date_gmt":"2018-08-01T10:44:39","guid":{"rendered":"https:\/\/bender-reifen.de\/?page_id=24978"},"modified":"2020-11-16T12:36:07","modified_gmt":"2020-11-16T11:36:07","slug":"ansprechpartner","status":"publish","type":"page","link":"https:\/\/bender-reifen.de\/de\/ueber-uns\/ansprechpartner\/","title":{"rendered":"Ansprechpartner"},"content":{"rendered":"\t\t<div data-elementor-type=\"wp-page\" data-elementor-id=\"24978\" class=\"elementor elementor-24978\" data-elementor-post-type=\"page\">\n\t\t\t\t\t\t<section class=\"elementor-section elementor-top-section elementor-element elementor-element-28634bf elementor-section-boxed elementor-section-height-default elementor-section-height-default\" data-id=\"28634bf\" data-element_type=\"section\" data-e-type=\"section\">\n\t\t\t\t\t\t<div class=\"elementor-container elementor-column-gap-default\">\n\t\t\t\t\t<div class=\"elementor-column elementor-col-100 elementor-top-column elementor-element elementor-element-6f40922\" data-id=\"6f40922\" data-element_type=\"column\" data-e-type=\"column\">\n\t\t\t<div class=\"elementor-widget-wrap elementor-element-populated\">\n\t\t\t\t\t\t<div class=\"elementor-element elementor-element-3f1df2f elementor-widget elementor-widget-heading\" data-id=\"3f1df2f\" data-element_type=\"widget\" data-e-type=\"widget\" data-widget_type=\"heading.default\">\n\t\t\t\t<div class=\"elementor-widget-container\">\n\t\t\t\t\t<h2 class=\"elementor-heading-title elementor-size-default\">Wir sind gerne f\u00fcr Sie da!\n<\/h2>\t\t\t\t<\/div>\n\t\t\t\t<\/div>\n\t\t\t\t<div class=\"elementor-element elementor-element-3585a2c elementor-widget elementor-widget-text-editor\" data-id=\"3585a2c\" data-element_type=\"widget\" data-e-type=\"widget\" data-widget_type=\"text-editor.default\">\n\t\t\t\t<div class=\"elementor-widget-container\">\n\t\t\t\t\t\t\t\t\t<p>Unser gesamtes Team steht Ihnen f\u00fcr Ihre Anliegen und Anfragen gerne zur Verf\u00fcgung. Selbstverst\u00e4ndlich packt bei uns auch der Chef noch selbst mit an und freut sich \u00fcber Ihren Anruf und Ihre Fragen zu Altreifen.<\/p><p>Was Ihnen sonst niemand beantworten kann, <b>Dipl.-Ing. J\u00fcrgen Bender<\/b> kann es.<\/p><p>Sie haben Fragen zu der fachgerechten Altreifenentsorgung oder m\u00f6chten Neu- oder Gebrauchtreifen bei uns ankaufen? Sprechen Sie uns einfach an. Wir helfen Ihnen gerne weiter!<\/p><p><b>Bender Reifen Recycling GmbH<\/b><br \/>R\u00f6telstr. 21-22<br \/>DE-74172 Neckarsulm<\/p><p><\/p>\t\t\t\t\t\t\t\t<\/div>\n\t\t\t\t<\/div>\n\t\t\t\t<div class=\"elementor-element elementor-element-81799d1 elementor-icon-list--layout-traditional elementor-list-item-link-full_width elementor-widget elementor-widget-icon-list\" data-id=\"81799d1\" data-element_type=\"widget\" data-e-type=\"widget\" data-widget_type=\"icon-list.default\">\n\t\t\t\t<div class=\"elementor-widget-container\">\n\t\t\t\t\t\t\t<ul class=\"elementor-icon-list-items\">\n\t\t\t\t\t\t\t<li class=\"elementor-icon-list-item\">\n\t\t\t\t\t\t\t\t\t\t\t<a href=\"tel:004971325927\">\n\n\t\t\t\t\t\t\t\t\t\t\t\t<span class=\"elementor-icon-list-icon\">\n\t\t\t\t\t\t\t<svg aria-hidden=\"true\" class=\"e-font-icon-svg e-fas-phone\" viewBox=\"0 0 512 512\" xmlns=\"http:\/\/www.w3.org\/2000\/svg\"><path d=\"M493.4 24.6l-104-24c-11.3-2.6-22.9 3.3-27.5 13.9l-48 112c-4.2 9.8-1.4 21.3 6.9 28l60.6 49.6c-36 76.7-98.9 140.5-177.2 177.2l-49.6-60.6c-6.8-8.3-18.2-11.1-28-6.9l-112 48C3.9 366.5-2 378.1.6 389.4l24 104C27.1 504.2 36.7 512 48 512c256.1 0 464-207.5 464-464 0-11.2-7.7-20.9-18.6-23.4z\"><\/path><\/svg>\t\t\t\t\t\t<\/span>\n\t\t\t\t\t\t\t\t\t\t<span class=\"elementor-icon-list-text\">07132\/5927<\/span>\n\t\t\t\t\t\t\t\t\t\t\t<\/a>\n\t\t\t\t\t\t\t\t\t<\/li>\n\t\t\t\t\t\t\t\t<li class=\"elementor-icon-list-item\">\n\t\t\t\t\t\t\t\t\t\t\t<span class=\"elementor-icon-list-icon\">\n\t\t\t\t\t\t\t<svg aria-hidden=\"true\" class=\"e-font-icon-svg e-fas-fax\" viewBox=\"0 0 512 512\" xmlns=\"http:\/\/www.w3.org\/2000\/svg\"><path d=\"M480 160V77.25a32 32 0 0 0-9.38-22.63L425.37 9.37A32 32 0 0 0 402.75 0H160a32 32 0 0 0-32 32v448a32 32 0 0 0 32 32h320a32 32 0 0 0 32-32V192a32 32 0 0 0-32-32zM288 432a16 16 0 0 1-16 16h-32a16 16 0 0 1-16-16v-32a16 16 0 0 1 16-16h32a16 16 0 0 1 16 16zm0-128a16 16 0 0 1-16 16h-32a16 16 0 0 1-16-16v-32a16 16 0 0 1 16-16h32a16 16 0 0 1 16 16zm128 128a16 16 0 0 1-16 16h-32a16 16 0 0 1-16-16v-32a16 16 0 0 1 16-16h32a16 16 0 0 1 16 16zm0-128a16 16 0 0 1-16 16h-32a16 16 0 0 1-16-16v-32a16 16 0 0 1 16-16h32a16 16 0 0 1 16 16zm0-112H192V64h160v48a16 16 0 0 0 16 16h48zM64 128H32a32 32 0 0 0-32 32v320a32 32 0 0 0 32 32h32a32 32 0 0 0 32-32V160a32 32 0 0 0-32-32z\"><\/path><\/svg>\t\t\t\t\t\t<\/span>\n\t\t\t\t\t\t\t\t\t\t<span class=\"elementor-icon-list-text\">07132\/7879<\/span>\n\t\t\t\t\t\t\t\t\t<\/li>\n\t\t\t\t\t\t\t\t<li class=\"elementor-icon-list-item\">\n\t\t\t\t\t\t\t\t\t\t\t<a href=\"mailto:info@bender-reifen.de\">\n\n\t\t\t\t\t\t\t\t\t\t\t\t<span class=\"elementor-icon-list-icon\">\n\t\t\t\t\t\t\t<svg aria-hidden=\"true\" class=\"e-font-icon-svg e-fas-envelope\" viewBox=\"0 0 512 512\" xmlns=\"http:\/\/www.w3.org\/2000\/svg\"><path d=\"M502.3 190.8c3.9-3.1 9.7-.2 9.7 4.7V400c0 26.5-21.5 48-48 48H48c-26.5 0-48-21.5-48-48V195.6c0-5 5.7-7.8 9.7-4.7 22.4 17.4 52.1 39.5 154.1 113.6 21.1 15.4 56.7 47.8 92.2 47.6 35.7.3 72-32.8 92.3-47.6 102-74.1 131.6-96.3 154-113.7zM256 320c23.2.4 56.6-29.2 73.4-41.4 132.7-96.3 142.8-104.7 173.4-128.7 5.8-4.5 9.2-11.5 9.2-18.9v-19c0-26.5-21.5-48-48-48H48C21.5 64 0 85.5 0 112v19c0 7.4 3.4 14.3 9.2 18.9 30.6 23.9 40.7 32.4 173.4 128.7 16.8 12.2 50.2 41.8 73.4 41.4z\"><\/path><\/svg>\t\t\t\t\t\t<\/span>\n\t\t\t\t\t\t\t\t\t\t<span class=\"elementor-icon-list-text\">info@bender-reifen.de<\/span>\n\t\t\t\t\t\t\t\t\t\t\t<\/a>\n\t\t\t\t\t\t\t\t\t<\/li>\n\t\t\t\t\t\t<\/ul>\n\t\t\t\t\t\t<\/div>\n\t\t\t\t<\/div>\n\t\t\t\t\t<\/div>\n\t\t<\/div>\n\t\t\t\t\t<\/div>\n\t\t<\/section>\n\t\t\t\t<section class=\"elementor-section elementor-top-section elementor-element elementor-element-bdc6bd7 elementor-section-boxed elementor-section-height-default elementor-section-height-default\" data-id=\"bdc6bd7\" data-element_type=\"section\" data-e-type=\"section\">\n\t\t\t\t\t\t<div class=\"elementor-container elementor-column-gap-default\">\n\t\t\t\t\t<div class=\"elementor-column elementor-col-100 elementor-top-column elementor-element elementor-element-ed4b30c\" data-id=\"ed4b30c\" data-element_type=\"column\" data-e-type=\"column\">\n\t\t\t<div class=\"elementor-widget-wrap elementor-element-populated\">\n\t\t\t\t\t\t<div class=\"elementor-element elementor-element-8b7a47b elementor-widget elementor-widget-heading\" data-id=\"8b7a47b\" data-element_type=\"widget\" data-e-type=\"widget\" data-widget_type=\"heading.default\">\n\t\t\t\t<div class=\"elementor-widget-container\">\n\t\t\t\t\t<h3 class=\"elementor-heading-title elementor-size-default\">Wenn Sie es ganz schnell brauchen<\/h3>\t\t\t\t<\/div>\n\t\t\t\t<\/div>\n\t\t\t\t<div class=\"elementor-element elementor-element-1b99a4f elementor-widget elementor-widget-text-editor\" data-id=\"1b99a4f\" data-element_type=\"widget\" data-e-type=\"widget\" data-widget_type=\"text-editor.default\">\n\t\t\t\t<div class=\"elementor-widget-container\">\n\t\t\t\t\t\t\t\t\t<p>W\u00e4hlen Sie hier einfach Ihr Anliegen \u2013 wir leiten Sie an die richtige Stelle.<\/p><p><\/p>\t\t\t\t\t\t\t\t<\/div>\n\t\t\t\t<\/div>\n\t\t\t\t\t<\/div>\n\t\t<\/div>\n\t\t\t\t\t<\/div>\n\t\t<\/section>\n\t\t\t\t<section class=\"elementor-section elementor-top-section elementor-element elementor-element-560f538 elementor-section-boxed elementor-section-height-default elementor-section-height-default\" data-id=\"560f538\" data-element_type=\"section\" data-e-type=\"section\">\n\t\t\t\t\t\t<div class=\"elementor-container elementor-column-gap-default\">\n\t\t\t\t\t<div class=\"elementor-column elementor-col-33 elementor-top-column elementor-element elementor-element-ae6649c\" data-id=\"ae6649c\" data-element_type=\"column\" data-e-type=\"column\">\n\t\t\t<div class=\"elementor-widget-wrap elementor-element-populated\">\n\t\t\t\t\t\t<div class=\"elementor-element elementor-element-8ae6adb elementor-cta--skin-classic elementor-animated-content elementor-bg-transform elementor-bg-transform-zoom-in elementor-widget elementor-widget-call-to-action\" data-id=\"8ae6adb\" data-element_type=\"widget\" data-e-type=\"widget\" data-widget_type=\"call-to-action.default\">\n\t\t\t\t<div class=\"elementor-widget-container\">\n\t\t\t\t\t\t\t<a class=\"elementor-cta\" href=\"https:\/\/bender-reifen.de\/de\/kontakt\/\">\n\t\t\t\t\t\t\t<div class=\"elementor-cta__content\">\n\t\t\t\t\t\t\t\t\t<div class=\"elementor-content-item elementor-cta__content-item elementor-icon-wrapper elementor-cta__icon elementor-view-default\">\n\t\t\t\t\t\t<div class=\"elementor-icon\">\n\t\t\t\t\t\t\t<svg aria-hidden=\"true\" class=\"e-font-icon-svg e-fas-envelope\" viewBox=\"0 0 512 512\" xmlns=\"http:\/\/www.w3.org\/2000\/svg\"><path d=\"M502.3 190.8c3.9-3.1 9.7-.2 9.7 4.7V400c0 26.5-21.5 48-48 48H48c-26.5 0-48-21.5-48-48V195.6c0-5 5.7-7.8 9.7-4.7 22.4 17.4 52.1 39.5 154.1 113.6 21.1 15.4 56.7 47.8 92.2 47.6 35.7.3 72-32.8 92.3-47.6 102-74.1 131.6-96.3 154-113.7zM256 320c23.2.4 56.6-29.2 73.4-41.4 132.7-96.3 142.8-104.7 173.4-128.7 5.8-4.5 9.2-11.5 9.2-18.9v-19c0-26.5-21.5-48-48-48H48C21.5 64 0 85.5 0 112v19c0 7.4 3.4 14.3 9.2 18.9 30.6 23.9 40.7 32.4 173.4 128.7 16.8 12.2 50.2 41.8 73.4 41.4z\"><\/path><\/svg>\t\t\t\t\t\t<\/div>\n\t\t\t\t\t<\/div>\n\t\t\t\t\n\t\t\t\t\t\t\t\t\t<h4 class=\"elementor-cta__title elementor-cta__content-item elementor-content-item\">\n\t\t\t\t\t\tKontaktformular\t\t\t\t\t<\/h4>\n\t\t\t\t\n\t\t\t\t\n\t\t\t\t\t\t\t<\/div>\n\t\t\t\t\t\t<\/a>\n\t\t\t\t\t\t<\/div>\n\t\t\t\t<\/div>\n\t\t\t\t\t<\/div>\n\t\t<\/div>\n\t\t\t\t<div class=\"elementor-column elementor-col-33 elementor-top-column elementor-element elementor-element-803a5af\" data-id=\"803a5af\" data-element_type=\"column\" data-e-type=\"column\">\n\t\t\t<div class=\"elementor-widget-wrap elementor-element-populated\">\n\t\t\t\t\t\t<div class=\"elementor-element elementor-element-bcb3b41 elementor-cta--skin-classic elementor-animated-content elementor-bg-transform elementor-bg-transform-zoom-in elementor-widget elementor-widget-call-to-action\" data-id=\"bcb3b41\" data-element_type=\"widget\" data-e-type=\"widget\" data-widget_type=\"call-to-action.default\">\n\t\t\t\t<div class=\"elementor-widget-container\">\n\t\t\t\t\t\t\t<a class=\"elementor-cta\" href=\"https:\/\/bender-reifen.de\/de\/staplerreifenrecycling\/auftrag-zur-altreifenabholung\/\">\n\t\t\t\t\t\t\t<div class=\"elementor-cta__content\">\n\t\t\t\t\t\t\t\t\t<div class=\"elementor-content-item elementor-cta__content-item elementor-icon-wrapper elementor-cta__icon elementor-view-default\">\n\t\t\t\t\t\t<div class=\"elementor-icon\">\n\t\t\t\t\t\t\t<svg aria-hidden=\"true\" class=\"e-font-icon-svg e-fas-truck-moving\" viewBox=\"0 0 640 512\" xmlns=\"http:\/\/www.w3.org\/2000\/svg\"><path d=\"M621.3 237.3l-58.5-58.5c-12-12-28.3-18.7-45.3-18.7H480V64c0-17.7-14.3-32-32-32H32C14.3 32 0 46.3 0 64v336c0 44.2 35.8 80 80 80 26.3 0 49.4-12.9 64-32.4 14.6 19.6 37.7 32.4 64 32.4 44.2 0 80-35.8 80-80 0-5.5-.6-10.8-1.6-16h163.2c-1.1 5.2-1.6 10.5-1.6 16 0 44.2 35.8 80 80 80s80-35.8 80-80c0-5.5-.6-10.8-1.6-16H624c8.8 0 16-7.2 16-16v-85.5c0-17-6.7-33.2-18.7-45.2zM80 432c-17.6 0-32-14.4-32-32s14.4-32 32-32 32 14.4 32 32-14.4 32-32 32zm128 0c-17.6 0-32-14.4-32-32s14.4-32 32-32 32 14.4 32 32-14.4 32-32 32zm272-224h37.5c4.3 0 8.3 1.7 11.3 4.7l43.3 43.3H480v-48zm48 224c-17.6 0-32-14.4-32-32s14.4-32 32-32 32 14.4 32 32-14.4 32-32 32z\"><\/path><\/svg>\t\t\t\t\t\t<\/div>\n\t\t\t\t\t<\/div>\n\t\t\t\t\n\t\t\t\t\t\t\t\t\t<h4 class=\"elementor-cta__title elementor-cta__content-item elementor-content-item\">\n\t\t\t\t\t\tAuftrag zur Altreifenabholung\t\t\t\t\t<\/h4>\n\t\t\t\t\n\t\t\t\t\n\t\t\t\t\t\t\t<\/div>\n\t\t\t\t\t\t<\/a>\n\t\t\t\t\t\t<\/div>\n\t\t\t\t<\/div>\n\t\t\t\t\t<\/div>\n\t\t<\/div>\n\t\t\t\t<div class=\"elementor-column elementor-col-33 elementor-top-column elementor-element elementor-element-d190e5f\" data-id=\"d190e5f\" data-element_type=\"column\" data-e-type=\"column\">\n\t\t\t<div class=\"elementor-widget-wrap elementor-element-populated\">\n\t\t\t\t\t\t<div class=\"elementor-element elementor-element-56fe481 elementor-cta--skin-classic elementor-animated-content elementor-bg-transform elementor-bg-transform-zoom-in elementor-widget elementor-widget-call-to-action\" data-id=\"56fe481\" data-element_type=\"widget\" data-e-type=\"widget\" data-widget_type=\"call-to-action.default\">\n\t\t\t\t<div class=\"elementor-widget-container\">\n\t\t\t\t\t\t\t<a class=\"elementor-cta\" href=\"https:\/\/bender-reifen.de\/de\/reifenmontage\/\">\n\t\t\t\t\t\t\t<div class=\"elementor-cta__content\">\n\t\t\t\t\t\t\t\t\t<div class=\"elementor-content-item elementor-cta__content-item elementor-icon-wrapper elementor-cta__icon elementor-view-default\">\n\t\t\t\t\t\t<div class=\"elementor-icon\">\n\t\t\t\t\t\t\t<svg aria-hidden=\"true\" class=\"e-font-icon-svg e-fas-tools\" viewBox=\"0 0 512 512\" xmlns=\"http:\/\/www.w3.org\/2000\/svg\"><path d=\"M501.1 395.7L384 278.6c-23.1-23.1-57.6-27.6-85.4-13.9L192 158.1V96L64 0 0 64l96 128h62.1l106.6 106.6c-13.6 27.8-9.2 62.3 13.9 85.4l117.1 117.1c14.6 14.6 38.2 14.6 52.7 0l52.7-52.7c14.5-14.6 14.5-38.2 0-52.7zM331.7 225c28.3 0 54.9 11 74.9 31l19.4 19.4c15.8-6.9 30.8-16.5 43.8-29.5 37.1-37.1 49.7-89.3 37.9-136.7-2.2-9-13.5-12.1-20.1-5.5l-74.4 74.4-67.9-11.3L334 98.9l74.4-74.4c6.6-6.6 3.4-17.9-5.7-20.2-47.4-11.7-99.6.9-136.6 37.9-28.5 28.5-41.9 66.1-41.2 103.6l82.1 82.1c8.1-1.9 16.5-2.9 24.7-2.9zm-103.9 82l-56.7-56.7L18.7 402.8c-25 25-25 65.5 0 90.5s65.5 25 90.5 0l123.6-123.6c-7.6-19.9-9.9-41.6-5-62.7zM64 472c-13.2 0-24-10.8-24-24 0-13.3 10.7-24 24-24s24 10.7 24 24c0 13.2-10.7 24-24 24z\"><\/path><\/svg>\t\t\t\t\t\t<\/div>\n\t\t\t\t\t<\/div>\n\t\t\t\t\n\t\t\t\t\t\t\t\t\t<h4 class=\"elementor-cta__title elementor-cta__content-item elementor-content-item\">\n\t\t\t\t\t\tReifenmontage\t\t\t\t\t<\/h4>\n\t\t\t\t\n\t\t\t\t\n\t\t\t\t\t\t\t<\/div>\n\t\t\t\t\t\t<\/a>\n\t\t\t\t\t\t<\/div>\n\t\t\t\t<\/div>\n\t\t\t\t\t<\/div>\n\t\t<\/div>\n\t\t\t\t\t<\/div>\n\t\t<\/section>\n\t\t\t\t<\/div>\n\t\t","protected":false},"excerpt":{"rendered":"<p>Wir sind gerne f\u00fcr Sie da! Unser gesamtes Team steht Ihnen f\u00fcr Ihre Anliegen und Anfragen gerne zur Verf\u00fcgung. Selbstverst\u00e4ndlich packt bei uns auch der Chef noch selbst mit an und freut sich \u00fcber Ihren Anruf und Ihre Fragen zu Altreifen. Was Ihnen sonst niemand beantworten kann, Dipl.-Ing. J\u00fcrgen Bender kann es. Sie haben Fragen [&hellip;]<\/p>\n","protected":false},"author":2,"featured_media":25302,"parent":24775,"menu_order":0,"comment_status":"closed","ping_status":"closed","template":"","meta":{"footnotes":""},"class_list":["post-24978","page","type-page","status-publish","has-post-thumbnail","hentry"],"yoast_head":"<!-- This site is optimized with the Yoast SEO plugin v27.2 - https:\/\/yoast.com\/product\/yoast-seo-wordpress\/ -->\n<title>Ansprechpartner - Bender Reifen Recycling<\/title>\n<meta name=\"description\" content=\"Unser gesamtes Team steht Ihnen f\u00fcr Ihre Anliegen und Anfragen gerne zur Verf\u00fcgung. Wir freuen uns auf Ihre Anfragen zum Thema Altreifen!\" \/>\n<meta name=\"robots\" content=\"index, follow, max-snippet:-1, max-image-preview:large, max-video-preview:-1\" \/>\n<link rel=\"canonical\" href=\"https:\/\/bender-reifen.de\/de\/ueber-uns\/ansprechpartner\/\" \/>\n<meta property=\"og:locale\" content=\"de_DE\" \/>\n<meta property=\"og:type\" content=\"article\" \/>\n<meta property=\"og:title\" content=\"Ansprechpartner - Bender Reifen Recycling\" \/>\n<meta property=\"og:description\" content=\"Unser gesamtes Team steht Ihnen f\u00fcr Ihre Anliegen und Anfragen gerne zur Verf\u00fcgung. Wir freuen uns auf Ihre Anfragen zum Thema Altreifen!\" \/>\n<meta property=\"og:url\" content=\"https:\/\/bender-reifen.de\/de\/ueber-uns\/ansprechpartner\/\" \/>\n<meta property=\"og:site_name\" content=\"Bender Reifen Recycling\" \/>\n<meta property=\"article:modified_time\" content=\"2020-11-16T11:36:07+00:00\" \/>\n<meta property=\"og:image\" content=\"https:\/\/bender-reifen.de\/wp-content\/uploads\/bender_reifen_-_ansprechpartner.jpg\" \/>\n\t<meta property=\"og:image:width\" content=\"1200\" \/>\n\t<meta property=\"og:image:height\" content=\"600\" \/>\n\t<meta property=\"og:image:type\" content=\"image\/jpeg\" \/>\n<meta name=\"twitter:card\" content=\"summary_large_image\" \/>\n<meta name=\"twitter:label1\" content=\"Gesch\u00e4tzte Lesezeit\" \/>\n\t<meta name=\"twitter:data1\" content=\"1\u00a0Minute\" \/>\n<script type=\"application\/ld+json\" class=\"yoast-schema-graph\">{\"@context\":\"https:\/\/schema.org\",\"@graph\":[{\"@type\":\"WebPage\",\"@id\":\"https:\/\/bender-reifen.de\/de\/ueber-uns\/ansprechpartner\/\",\"url\":\"https:\/\/bender-reifen.de\/de\/ueber-uns\/ansprechpartner\/\",\"name\":\"Ansprechpartner - Bender Reifen Recycling\",\"isPartOf\":{\"@id\":\"https:\/\/bender-reifen.de\/de\/#website\"},\"primaryImageOfPage\":{\"@id\":\"https:\/\/bender-reifen.de\/de\/ueber-uns\/ansprechpartner\/#primaryimage\"},\"image\":{\"@id\":\"https:\/\/bender-reifen.de\/de\/ueber-uns\/ansprechpartner\/#primaryimage\"},\"thumbnailUrl\":\"https:\/\/bender-reifen.de\/wp-content\/uploads\/bender_reifen_-_ansprechpartner.jpg\",\"datePublished\":\"2018-08-01T10:44:39+00:00\",\"dateModified\":\"2020-11-16T11:36:07+00:00\",\"description\":\"Unser gesamtes Team steht Ihnen f\u00fcr Ihre Anliegen und Anfragen gerne zur Verf\u00fcgung. Wir freuen uns auf Ihre Anfragen zum Thema Altreifen!\",\"breadcrumb\":{\"@id\":\"https:\/\/bender-reifen.de\/de\/ueber-uns\/ansprechpartner\/#breadcrumb\"},\"inLanguage\":\"de\",\"potentialAction\":[{\"@type\":\"ReadAction\",\"target\":[\"https:\/\/bender-reifen.de\/de\/ueber-uns\/ansprechpartner\/\"]}]},{\"@type\":\"ImageObject\",\"inLanguage\":\"de\",\"@id\":\"https:\/\/bender-reifen.de\/de\/ueber-uns\/ansprechpartner\/#primaryimage\",\"url\":\"https:\/\/bender-reifen.de\/wp-content\/uploads\/bender_reifen_-_ansprechpartner.jpg\",\"contentUrl\":\"https:\/\/bender-reifen.de\/wp-content\/uploads\/bender_reifen_-_ansprechpartner.jpg\",\"width\":1200,\"height\":600,\"caption\":\"Bender Reifen Recycling - Ansprechpartner zum Thema Altreifen\"},{\"@type\":\"BreadcrumbList\",\"@id\":\"https:\/\/bender-reifen.de\/de\/ueber-uns\/ansprechpartner\/#breadcrumb\",\"itemListElement\":[{\"@type\":\"ListItem\",\"position\":1,\"name\":\"Startseite\",\"item\":\"https:\/\/bender-reifen.de\/de\/\"},{\"@type\":\"ListItem\",\"position\":2,\"name\":\"\u00dcber Uns\",\"item\":\"https:\/\/bender-reifen.de\/de\/ueber-uns\/\"},{\"@type\":\"ListItem\",\"position\":3,\"name\":\"Ansprechpartner\"}]},{\"@type\":\"WebSite\",\"@id\":\"https:\/\/bender-reifen.de\/de\/#website\",\"url\":\"https:\/\/bender-reifen.de\/de\/\",\"name\":\"Bender Reifen Recycling\",\"description\":\"Ihr Partner, wenn es um Reifen geht.\",\"potentialAction\":[{\"@type\":\"SearchAction\",\"target\":{\"@type\":\"EntryPoint\",\"urlTemplate\":\"https:\/\/bender-reifen.de\/de\/?s={search_term_string}\"},\"query-input\":{\"@type\":\"PropertyValueSpecification\",\"valueRequired\":true,\"valueName\":\"search_term_string\"}}],\"inLanguage\":\"de\"}]}<\/script>\n<!-- \/ Yoast SEO plugin. -->","yoast_head_json":{"title":"Ansprechpartner - Bender Reifen Recycling","description":"Unser gesamtes Team steht Ihnen f\u00fcr Ihre Anliegen und Anfragen gerne zur Verf\u00fcgung. Wir freuen uns auf Ihre Anfragen zum Thema Altreifen!","robots":{"index":"index","follow":"follow","max-snippet":"max-snippet:-1","max-image-preview":"max-image-preview:large","max-video-preview":"max-video-preview:-1"},"canonical":"https:\/\/bender-reifen.de\/de\/ueber-uns\/ansprechpartner\/","og_locale":"de_DE","og_type":"article","og_title":"Ansprechpartner - Bender Reifen Recycling","og_description":"Unser gesamtes Team steht Ihnen f\u00fcr Ihre Anliegen und Anfragen gerne zur Verf\u00fcgung. Wir freuen uns auf Ihre Anfragen zum Thema Altreifen!","og_url":"https:\/\/bender-reifen.de\/de\/ueber-uns\/ansprechpartner\/","og_site_name":"Bender Reifen Recycling","article_modified_time":"2020-11-16T11:36:07+00:00","og_image":[{"width":1200,"height":600,"url":"https:\/\/bender-reifen.de\/wp-content\/uploads\/bender_reifen_-_ansprechpartner.jpg","type":"image\/jpeg"}],"twitter_card":"summary_large_image","twitter_misc":{"Gesch\u00e4tzte Lesezeit":"1\u00a0Minute"},"schema":{"@context":"https:\/\/schema.org","@graph":[{"@type":"WebPage","@id":"https:\/\/bender-reifen.de\/de\/ueber-uns\/ansprechpartner\/","url":"https:\/\/bender-reifen.de\/de\/ueber-uns\/ansprechpartner\/","name":"Ansprechpartner - Bender Reifen Recycling","isPartOf":{"@id":"https:\/\/bender-reifen.de\/de\/#website"},"primaryImageOfPage":{"@id":"https:\/\/bender-reifen.de\/de\/ueber-uns\/ansprechpartner\/#primaryimage"},"image":{"@id":"https:\/\/bender-reifen.de\/de\/ueber-uns\/ansprechpartner\/#primaryimage"},"thumbnailUrl":"https:\/\/bender-reifen.de\/wp-content\/uploads\/bender_reifen_-_ansprechpartner.jpg","datePublished":"2018-08-01T10:44:39+00:00","dateModified":"2020-11-16T11:36:07+00:00","description":"Unser gesamtes Team steht Ihnen f\u00fcr Ihre Anliegen und Anfragen gerne zur Verf\u00fcgung. Wir freuen uns auf Ihre Anfragen zum Thema Altreifen!","breadcrumb":{"@id":"https:\/\/bender-reifen.de\/de\/ueber-uns\/ansprechpartner\/#breadcrumb"},"inLanguage":"de","potentialAction":[{"@type":"ReadAction","target":["https:\/\/bender-reifen.de\/de\/ueber-uns\/ansprechpartner\/"]}]},{"@type":"ImageObject","inLanguage":"de","@id":"https:\/\/bender-reifen.de\/de\/ueber-uns\/ansprechpartner\/#primaryimage","url":"https:\/\/bender-reifen.de\/wp-content\/uploads\/bender_reifen_-_ansprechpartner.jpg","contentUrl":"https:\/\/bender-reifen.de\/wp-content\/uploads\/bender_reifen_-_ansprechpartner.jpg","width":1200,"height":600,"caption":"Bender Reifen Recycling - Ansprechpartner zum Thema Altreifen"},{"@type":"BreadcrumbList","@id":"https:\/\/bender-reifen.de\/de\/ueber-uns\/ansprechpartner\/#breadcrumb","itemListElement":[{"@type":"ListItem","position":1,"name":"Startseite","item":"https:\/\/bender-reifen.de\/de\/"},{"@type":"ListItem","position":2,"name":"\u00dcber Uns","item":"https:\/\/bender-reifen.de\/de\/ueber-uns\/"},{"@type":"ListItem","position":3,"name":"Ansprechpartner"}]},{"@type":"WebSite","@id":"https:\/\/bender-reifen.de\/de\/#website","url":"https:\/\/bender-reifen.de\/de\/","name":"Bender Reifen Recycling","description":"Ihr Partner, wenn es um Reifen geht.","potentialAction":[{"@type":"SearchAction","target":{"@type":"EntryPoint","urlTemplate":"https:\/\/bender-reifen.de\/de\/?s={search_term_string}"},"query-input":{"@type":"PropertyValueSpecification","valueRequired":true,"valueName":"search_term_string"}}],"inLanguage":"de"}]}},"_links":{"self":[{"href":"https:\/\/bender-reifen.de\/de\/wp-json\/wp\/v2\/pages\/24978","targetHints":{"allow":["GET"]}}],"collection":[{"href":"https:\/\/bender-reifen.de\/de\/wp-json\/wp\/v2\/pages"}],"about":[{"href":"https:\/\/bender-reifen.de\/de\/wp-json\/wp\/v2\/types\/page"}],"author":[{"embeddable":true,"href":"https:\/\/bender-reifen.de\/de\/wp-json\/wp\/v2\/users\/2"}],"replies":[{"embeddable":true,"href":"https:\/\/bender-reifen.de\/de\/wp-json\/wp\/v2\/comments?post=24978"}],"version-history":[{"count":0,"href":"https:\/\/bender-reifen.de\/de\/wp-json\/wp\/v2\/pages\/24978\/revisions"}],"up":[{"embeddable":true,"href":"https:\/\/bender-reifen.de\/de\/wp-json\/wp\/v2\/pages\/24775"}],"wp:featuredmedia":[{"embeddable":true,"href":"https:\/\/bender-reifen.de\/de\/wp-json\/wp\/v2\/media\/25302"}],"wp:attachment":[{"href":"https:\/\/bender-reifen.de\/de\/wp-json\/wp\/v2\/media?parent=24978"}],"curies":[{"name":"wp","href":"https:\/\/api.w.org\/{rel}","templated":true}]}}