{"id":24995,"date":"2018-08-01T12:42:38","date_gmt":"2018-08-01T10:42:38","guid":{"rendered":"https:\/\/bender-reifen.de\/?page_id=24995"},"modified":"2021-02-11T14:51:53","modified_gmt":"2021-02-11T13:51:53","slug":"zare","status":"publish","type":"page","link":"https:\/\/bender-reifen.de\/de\/altreifen-recycling\/umwelt\/zare\/","title":{"rendered":"ZARE"},"content":{"rendered":"\t\t<div data-elementor-type=\"wp-page\" data-elementor-id=\"24995\" class=\"elementor elementor-24995\" data-elementor-post-type=\"page\">\n\t\t\t\t\t\t<section class=\"elementor-section elementor-top-section elementor-element elementor-element-4eebbc2 elementor-section-boxed elementor-section-height-default elementor-section-height-default\" data-id=\"4eebbc2\" data-element_type=\"section\" data-e-type=\"section\">\n\t\t\t\t\t\t<div class=\"elementor-container elementor-column-gap-default\">\n\t\t\t\t\t<div class=\"elementor-column elementor-col-100 elementor-top-column elementor-element elementor-element-25d2de0\" data-id=\"25d2de0\" data-element_type=\"column\" data-e-type=\"column\">\n\t\t\t<div class=\"elementor-widget-wrap elementor-element-populated\">\n\t\t\t\t\t\t<div class=\"elementor-element elementor-element-6b31920 elementor-widget elementor-widget-heading\" data-id=\"6b31920\" data-element_type=\"widget\" data-e-type=\"widget\" data-widget_type=\"heading.default\">\n\t\t\t\t<div class=\"elementor-widget-container\">\n\t\t\t\t\t<h2 class=\"elementor-heading-title elementor-size-default\">Zertifizierter ZARE Reifen Recycling Betrieb\n<\/h2>\t\t\t\t<\/div>\n\t\t\t\t<\/div>\n\t\t\t\t\t<\/div>\n\t\t<\/div>\n\t\t\t\t\t<\/div>\n\t\t<\/section>\n\t\t\t\t<section class=\"elementor-section elementor-top-section elementor-element elementor-element-3fbb22e elementor-reverse-mobile elementor-section-boxed elementor-section-height-default elementor-section-height-default\" data-id=\"3fbb22e\" data-element_type=\"section\" data-e-type=\"section\">\n\t\t\t\t\t\t<div class=\"elementor-container elementor-column-gap-default\">\n\t\t\t\t\t<div class=\"elementor-column elementor-col-50 elementor-top-column elementor-element elementor-element-37a298c\" data-id=\"37a298c\" data-element_type=\"column\" data-e-type=\"column\">\n\t\t\t<div class=\"elementor-widget-wrap elementor-element-populated\">\n\t\t\t\t\t\t<div class=\"elementor-element elementor-element-9773acf elementor-widget elementor-widget-text-editor\" data-id=\"9773acf\" data-element_type=\"widget\" data-e-type=\"widget\" data-widget_type=\"text-editor.default\">\n\t\t\t\t<div class=\"elementor-widget-container\">\n\t\t\t\t\t\t\t\t\t<p>Bender Reifen Recycling GmbH ist ein zertifizierter\u00a0<a href=\"https:\/\/zertifizierte-altreifenentsorger.de\/\" target=\"_blank\" rel=\"noopener noreferrer\">ZARE<\/a>\u00a0Reifen Entsorgungsfachbetrieb mit weltweiten Verbindungen. Die Entsorgung von Altreifen erfolgt im gesamten Bundesgebiet.<\/p><p>Bender Reifen Recycling GmbH besteht aus einem erfahrenen Team mit dem notwendigen Know-how f\u00fcr die fachgerechte Entsorgung und\u00a0<a href=\"https:\/\/bender-reifen.de\/de\/recycling\/\">Verwertung<\/a>\u00a0von Altreifen. Auf Grundlage eines ausgereiften Logistiknetzes erfolgt die Entsorgung von Altreifen im gesamten Bundesgebiet.<\/p><p><\/p>\t\t\t\t\t\t\t\t<\/div>\n\t\t\t\t<\/div>\n\t\t\t\t\t<\/div>\n\t\t<\/div>\n\t\t\t\t<div class=\"elementor-column elementor-col-50 elementor-top-column elementor-element elementor-element-dd53afa\" data-id=\"dd53afa\" data-element_type=\"column\" data-e-type=\"column\">\n\t\t\t<div class=\"elementor-widget-wrap elementor-element-populated\">\n\t\t\t\t\t\t<div class=\"elementor-element elementor-element-97c035b elementor-widget elementor-widget-image\" data-id=\"97c035b\" data-element_type=\"widget\" data-e-type=\"widget\" data-widget_type=\"image.default\">\n\t\t\t\t<div class=\"elementor-widget-container\">\n\t\t\t\t\t\t\t\t\t\t\t\t\t\t\t\t<a href=\"https:\/\/zertifizierte-altreifenentsorger.de\/\" target=\"_blank\">\n\t\t\t\t\t\t\t<img fetchpriority=\"high\" decoding=\"async\" width=\"310\" height=\"202\" src=\"https:\/\/bender-reifen.de\/wp-content\/uploads\/2016\/11\/zare-logo-1.png\" class=\"attachment-large size-large wp-image-24691\" alt=\"Bender Reifen Recycling - ZARE Zertifizierte Altreifenentsorgung Logo\" srcset=\"https:\/\/bender-reifen.de\/wp-content\/uploads\/2016\/11\/zare-logo-1.png 310w, https:\/\/bender-reifen.de\/wp-content\/uploads\/2016\/11\/zare-logo-1-300x195.png 300w\" sizes=\"(max-width: 310px) 100vw, 310px\" title=\"Bender Reifen Recycling - ZARE Zertifizierte Altreifenentsorgung Logo\" \/>\t\t\t\t\t\t\t\t<\/a>\n\t\t\t\t\t\t\t\t\t\t\t\t\t\t\t<\/div>\n\t\t\t\t<\/div>\n\t\t\t\t\t<\/div>\n\t\t<\/div>\n\t\t\t\t\t<\/div>\n\t\t<\/section>\n\t\t\t\t<section class=\"elementor-section elementor-top-section elementor-element elementor-element-60650f9 elementor-section-boxed elementor-section-height-default elementor-section-height-default\" data-id=\"60650f9\" data-element_type=\"section\" data-e-type=\"section\">\n\t\t\t\t\t\t<div class=\"elementor-container elementor-column-gap-default\">\n\t\t\t\t\t<div class=\"elementor-column elementor-col-100 elementor-top-column elementor-element elementor-element-43ec32d\" data-id=\"43ec32d\" data-element_type=\"column\" data-e-type=\"column\">\n\t\t\t<div class=\"elementor-widget-wrap elementor-element-populated\">\n\t\t\t\t\t\t<div class=\"elementor-element elementor-element-5d9516f elementor-widget elementor-widget-heading\" data-id=\"5d9516f\" data-element_type=\"widget\" data-e-type=\"widget\" data-widget_type=\"heading.default\">\n\t\t\t\t<div class=\"elementor-widget-container\">\n\t\t\t\t\t<h2 class=\"elementor-heading-title elementor-size-default\">Aus Alt mach Neu!\n<\/h2>\t\t\t\t<\/div>\n\t\t\t\t<\/div>\n\t\t\t\t<div class=\"elementor-element elementor-element-ed2933e elementor-icon-list--layout-traditional elementor-list-item-link-full_width elementor-widget elementor-widget-icon-list\" data-id=\"ed2933e\" data-element_type=\"widget\" data-e-type=\"widget\" data-widget_type=\"icon-list.default\">\n\t\t\t\t<div class=\"elementor-widget-container\">\n\t\t\t\t\t\t\t<ul class=\"elementor-icon-list-items\">\n\t\t\t\t\t\t\t<li class=\"elementor-icon-list-item\">\n\t\t\t\t\t\t\t\t\t\t\t<span class=\"elementor-icon-list-icon\">\n\t\t\t\t\t\t\t<svg aria-hidden=\"true\" class=\"e-font-icon-svg e-fas-angle-right\" viewBox=\"0 0 256 512\" xmlns=\"http:\/\/www.w3.org\/2000\/svg\"><path d=\"M224.3 273l-136 136c-9.4 9.4-24.6 9.4-33.9 0l-22.6-22.6c-9.4-9.4-9.4-24.6 0-33.9l96.4-96.4-96.4-96.4c-9.4-9.4-9.4-24.6 0-33.9L54.3 103c9.4-9.4 24.6-9.4 33.9 0l136 136c9.5 9.4 9.5 24.6.1 34z\"><\/path><\/svg>\t\t\t\t\t\t<\/span>\n\t\t\t\t\t\t\t\t\t\t<span class=\"elementor-icon-list-text\">Im Nutzfahrzeugbereich ist es durchaus \u00fcblich, Reifen durch \u201cRunderneuerung\u201d wieder einsatzf\u00e4hig zu machen. Dies trifft auf ca. 20% der Altreifen zu.<\/span>\n\t\t\t\t\t\t\t\t\t<\/li>\n\t\t\t\t\t\t\t\t<li class=\"elementor-icon-list-item\">\n\t\t\t\t\t\t\t\t\t\t\t<span class=\"elementor-icon-list-icon\">\n\t\t\t\t\t\t\t<svg aria-hidden=\"true\" class=\"e-font-icon-svg e-fas-angle-right\" viewBox=\"0 0 256 512\" xmlns=\"http:\/\/www.w3.org\/2000\/svg\"><path d=\"M224.3 273l-136 136c-9.4 9.4-24.6 9.4-33.9 0l-22.6-22.6c-9.4-9.4-9.4-24.6 0-33.9l96.4-96.4-96.4-96.4c-9.4-9.4-9.4-24.6 0-33.9L54.3 103c9.4-9.4 24.6-9.4 33.9 0l136 136c9.5 9.4 9.5 24.6.1 34z\"><\/path><\/svg>\t\t\t\t\t\t<\/span>\n\t\t\t\t\t\t\t\t\t\t<span class=\"elementor-icon-list-text\">Reifen mit einer Mindestprofiltiefe von 2 bis 4 mm werden heute zur Weiternutzung \u00fcberwiegend nach Osteuropa, S\u00fcdamerika und Afrika exportiert.<\/span>\n\t\t\t\t\t\t\t\t\t<\/li>\n\t\t\t\t\t\t\t\t<li class=\"elementor-icon-list-item\">\n\t\t\t\t\t\t\t\t\t\t\t<span class=\"elementor-icon-list-icon\">\n\t\t\t\t\t\t\t<svg aria-hidden=\"true\" class=\"e-font-icon-svg e-fas-angle-right\" viewBox=\"0 0 256 512\" xmlns=\"http:\/\/www.w3.org\/2000\/svg\"><path d=\"M224.3 273l-136 136c-9.4 9.4-24.6 9.4-33.9 0l-22.6-22.6c-9.4-9.4-9.4-24.6 0-33.9l96.4-96.4-96.4-96.4c-9.4-9.4-9.4-24.6 0-33.9L54.3 103c9.4-9.4 24.6-9.4 33.9 0l136 136c9.5 9.4 9.5 24.6.1 34z\"><\/path><\/svg>\t\t\t\t\t\t<\/span>\n\t\t\t\t\t\t\t\t\t\t<span class=\"elementor-icon-list-text\">Gut 200.000 Tonnen des j\u00e4hrlichen Altreifen-Aufkommens wandert als energiereicher Brennstoff in die Dreh\u00f6fen der Zementindustrie zur Erzeugung von W\u00e4rmeenergie.<\/span>\n\t\t\t\t\t\t\t\t\t<\/li>\n\t\t\t\t\t\t<\/ul>\n\t\t\t\t\t\t<\/div>\n\t\t\t\t<\/div>\n\t\t\t\t<div class=\"elementor-element elementor-element-27d0403 elementor-widget elementor-widget-text-editor\" data-id=\"27d0403\" data-element_type=\"widget\" data-e-type=\"widget\" data-widget_type=\"text-editor.default\">\n\t\t\t\t<div class=\"elementor-widget-container\">\n\t\t\t\t\t\t\t\t\t<p>Der Rest wird der stofflichen Wiederverwertung zugef\u00fchrt. Dabei wird der Altreifen in seine urspr\u00fcnglichen Bestandteile zerlegt. Die entstehenden Endprodukte finden in der Kraftstoff- und Kunststoffindustrie, in der Bauwirtschaft und in der chemischen Industrie Verwendung.<\/p><p><\/p>\t\t\t\t\t\t\t\t<\/div>\n\t\t\t\t<\/div>\n\t\t\t\t\t<\/div>\n\t\t<\/div>\n\t\t\t\t\t<\/div>\n\t\t<\/section>\n\t\t\t\t<section class=\"elementor-section elementor-top-section elementor-element elementor-element-a90f9e6 elementor-section-boxed elementor-section-height-default elementor-section-height-default\" data-id=\"a90f9e6\" data-element_type=\"section\" data-e-type=\"section\">\n\t\t\t\t\t\t<div class=\"elementor-container elementor-column-gap-default\">\n\t\t\t\t\t<div class=\"elementor-column elementor-col-100 elementor-top-column elementor-element elementor-element-d021c0b\" data-id=\"d021c0b\" data-element_type=\"column\" data-e-type=\"column\">\n\t\t\t<div class=\"elementor-widget-wrap elementor-element-populated\">\n\t\t\t\t\t\t<div class=\"elementor-element elementor-element-0791b0f elementor-widget elementor-widget-video\" data-id=\"0791b0f\" data-element_type=\"widget\" data-e-type=\"widget\" data-settings=\"{&quot;youtube_url&quot;:&quot;https:\\\/\\\/www.youtube.com\\\/watch?v=gt_HSkAEWJI&quot;,&quot;yt_privacy&quot;:&quot;yes&quot;,&quot;video_type&quot;:&quot;youtube&quot;,&quot;controls&quot;:&quot;yes&quot;}\" data-widget_type=\"video.default\">\n\t\t\t\t<div class=\"elementor-widget-container\">\n\t\t\t\t\t\t\t<div class=\"elementor-wrapper elementor-open-inline\">\n\t\t\t<div class=\"elementor-video\"> <div class=\"brlbs-cmpnt-container brlbs-cmpnt-content-blocker brlbs-cmpnt-with-individual-styles\" data-borlabs-cookie-content-blocker-id=\"youtube-content-blocker\" data-borlabs-cookie-content=\"PHNjcmlwdD4KKGZ1bmN0aW9uKCkgewogICAgbGV0IGQgPSBudWxsOwoKICAgIC8vIGlmIHdlIGFyZSBpbiBhIGxvb3AsIHdlIG5lZWQgdG8gc2VsZWN0IHRoZSBjb3JyZWN0IHZpZGVvIGVsZW1lbnQsIHNpbmNlIFdpZGdldCBJRCBvY2N1cnMgbXVsdGlwbGUgdGltZXMgb24gcGFnZQogICAgY29uc3QgZWxlbXNJbkxvb3AgPSBkb2N1bWVudC5xdWVyeVNlbGVjdG9yQWxsKCc6aXMoZGl2W2RhdGEtZWxlbWVudG9yLXR5cGU9Imxvb3AtaXRlbSJdLGRpdltkYXRhLWVsZW1lbnRvci10eXBlPSJqZXQtbGlzdGluZy1pdGVtcyJdLGRpdltkYXRhLXdpZGdldF90eXBlXj0icHJlbWl1bS1hZGRvbi10YWJzLiJdKSBkaXYuZWxlbWVudG9yLWVsZW1lbnQtMDc5MWIwZicpOwogICAgaWYgKGVsZW1zSW5Mb29wLmxlbmd0aCA9PT0gMSkgewogICAgICAgIGQgPSBlbGVtc0luTG9vcFswXTsKICAgIH0gZWxzZSBpZiAoZWxlbXNJbkxvb3AubGVuZ3RoID4gMSkgewogICAgICAgIGlmICh0eXBlb2YgZG9jdW1lbnQuY3VycmVudFNjcmlwdCA9PT0gJ3VuZGVmaW5lZCcgfHwgZG9jdW1lbnQuY3VycmVudFNjcmlwdCA9PSBudWxsKSB7CiAgICAgICAgICAgIHJldHVybjsKICAgICAgICB9CiAgICAgICAgY29uc3QgdG1wVmlkZW9XaWRnZXQgPSBkb2N1bWVudC5jdXJyZW50U2NyaXB0LmNsb3Nlc3QoJ1tkYXRhLXdpZGdldF90eXBlPSJicmxic192aWRlby5kZWZhdWx0Il0nKTsKICAgICAgICBpZiAodG1wVmlkZW9XaWRnZXQpIHsKICAgICAgICAgICAgZCA9IHRtcFZpZGVvV2lkZ2V0OwogICAgICAgIH0KICAgIH0KCiAgICBpZiAoZCA9PSBudWxsKSB7CiAgICAgICAgZCA9IGRvY3VtZW50LnF1ZXJ5U2VsZWN0b3IoJ2Rpdi5lbGVtZW50b3ItZWxlbWVudC0wNzkxYjBmJyk7CiAgICB9CgogICAgaWYgKGQgPT0gbnVsbCkgewogICAgICAgIHJldHVybjsKICAgIH0KICAgIGQuZGF0YXNldC53aWRnZXRfdHlwZSA9IGQuZGF0YXNldC53aWRnZXRfdHlwZS5yZXBsYWNlKCdicmxic18nLCAnJyk7CiAgICBkLmRhdGFzZXQuYnJsYnNVbmJsb2NrZWQgPSAndHJ1ZSc7CgogICAgY29uc3QgaW50ZXJ2YWwgPSBzZXRJbnRlcnZhbCgoKSA9PiB7CiAgICAgICAgaWYgKHR5cGVvZiBlbGVtZW50b3JGcm9udGVuZCAhPT0gJ3VuZGVmaW5lZCcgJiYgdHlwZW9mIGVsZW1lbnRvckZyb250ZW5kLmhvb2tzICE9PSAndW5kZWZpbmVkJykgewogICAgICAgICAgICBjbGVhckludGVydmFsKGludGVydmFsKTsKICAgICAgICAgICAgZWxlbWVudG9yRnJvbnRlbmQuaG9va3MuZG9BY3Rpb24oJ2Zyb250ZW5kL2VsZW1lbnRfcmVhZHkvdmlkZW8uZGVmYXVsdCcsIGpRdWVyeShkKSwgalF1ZXJ5KQogICAgICAgIH0KICAgIH0sIDMwKQp9KSgpOwo8L3NjcmlwdD4=\"><div class=\"brlbs-cmpnt-cb-preset-c brlbs-cmpnt-cb-youtube\"> <div class=\"brlbs-cmpnt-cb-thumbnail\" style=\"background-image: url('https:\/\/bender-reifen.de\/wp-content\/uploads\/borlabs-cookie\/1\/yt_gt_HSkAEWJI_hqdefault.jpg')\"><\/div> <div class=\"brlbs-cmpnt-cb-main\"> <div class=\"brlbs-cmpnt-cb-play-button\"><\/div> <div class=\"brlbs-cmpnt-cb-content\"> <p class=\"brlbs-cmpnt-cb-description\">Sie sehen gerade einen Platzhalterinhalt von <strong>YouTube<\/strong>. Um auf den eigentlichen Inhalt zuzugreifen, klicken Sie auf die Schaltfl\u00e4che unten. Bitte beachten Sie, dass dabei Daten an Drittanbieter weitergegeben werden.<\/p> <a class=\"brlbs-cmpnt-cb-provider-toggle\" href=\"#\" data-borlabs-cookie-show-provider-information role=\"button\">Mehr Informationen<\/a> <\/div> <div class=\"brlbs-cmpnt-cb-buttons\"> <a class=\"brlbs-cmpnt-cb-btn\" href=\"#\" data-borlabs-cookie-unblock role=\"button\">Inhalt entsperren<\/a> <a class=\"brlbs-cmpnt-cb-btn\" href=\"#\" data-borlabs-cookie-accept-service role=\"button\" style=\"display: inherit\">Erforderlichen Service akzeptieren und Inhalte entsperren<\/a> <\/div> <\/div> <\/div><\/div><\/div>\t\t<\/div>\n\t\t\t\t\t\t<\/div>\n\t\t\t\t<\/div>\n\t\t\t\t\t<\/div>\n\t\t<\/div>\n\t\t\t\t\t<\/div>\n\t\t<\/section>\n\t\t\t\t<\/div>\n\t\t","protected":false},"excerpt":{"rendered":"<p>Zertifizierter ZARE Reifen Recycling Betrieb Bender Reifen Recycling GmbH ist ein zertifizierter\u00a0ZARE\u00a0Reifen Entsorgungsfachbetrieb mit weltweiten Verbindungen. Die Entsorgung von Altreifen erfolgt im gesamten Bundesgebiet. Bender Reifen Recycling GmbH besteht aus einem erfahrenen Team mit dem notwendigen Know-how f\u00fcr die fachgerechte Entsorgung und\u00a0Verwertung\u00a0von Altreifen. Auf Grundlage eines ausgereiften Logistiknetzes erfolgt die Entsorgung von Altreifen im gesamten [&hellip;]<\/p>\n","protected":false},"author":2,"featured_media":0,"parent":24966,"menu_order":0,"comment_status":"closed","ping_status":"closed","template":"","meta":{"footnotes":""},"class_list":["post-24995","page","type-page","status-publish","hentry"],"yoast_head":"<!-- This site is optimized with the Yoast SEO plugin v27.2 - https:\/\/yoast.com\/product\/yoast-seo-wordpress\/ -->\n<title>Zertifizierter Altreifen Entsorger - Bender Reifen Recycling<\/title>\n<meta name=\"description\" content=\"Zertifizierter ZARE Reifen Recycling Betrieb. Wir sind ein anerkannter Entsorgungsfachbetrieb mit weltweiten Verbindungen.\" \/>\n<meta name=\"robots\" content=\"index, follow, max-snippet:-1, max-image-preview:large, max-video-preview:-1\" \/>\n<link rel=\"canonical\" href=\"https:\/\/bender-reifen.de\/de\/altreifen-recycling\/umwelt\/zare\/\" \/>\n<meta property=\"og:locale\" content=\"de_DE\" \/>\n<meta property=\"og:type\" content=\"article\" \/>\n<meta property=\"og:title\" content=\"Zertifizierter Altreifen Entsorger - Bender Reifen Recycling\" \/>\n<meta property=\"og:description\" content=\"Zertifizierter ZARE Reifen Recycling Betrieb. Wir sind ein anerkannter Entsorgungsfachbetrieb mit weltweiten Verbindungen.\" \/>\n<meta property=\"og:url\" content=\"https:\/\/bender-reifen.de\/de\/altreifen-recycling\/umwelt\/zare\/\" \/>\n<meta property=\"og:site_name\" content=\"Bender Reifen Recycling\" \/>\n<meta property=\"article:modified_time\" content=\"2021-02-11T13:51:53+00:00\" \/>\n<meta property=\"og:image\" content=\"https:\/\/bender-reifen.de\/wp-content\/uploads\/2016\/11\/zare-logo-1.png\" \/>\n<meta name=\"twitter:card\" content=\"summary_large_image\" \/>\n<meta name=\"twitter:label1\" content=\"Gesch\u00e4tzte Lesezeit\" \/>\n\t<meta name=\"twitter:data1\" content=\"2\u00a0Minuten\" \/>\n<script type=\"application\/ld+json\" class=\"yoast-schema-graph\">{\"@context\":\"https:\/\/schema.org\",\"@graph\":[{\"@type\":\"WebPage\",\"@id\":\"https:\/\/bender-reifen.de\/de\/altreifen-recycling\/umwelt\/zare\/\",\"url\":\"https:\/\/bender-reifen.de\/de\/altreifen-recycling\/umwelt\/zare\/\",\"name\":\"Zertifizierter Altreifen Entsorger - Bender Reifen Recycling\",\"isPartOf\":{\"@id\":\"https:\/\/bender-reifen.de\/de\/#website\"},\"primaryImageOfPage\":{\"@id\":\"https:\/\/bender-reifen.de\/de\/altreifen-recycling\/umwelt\/zare\/#primaryimage\"},\"image\":{\"@id\":\"https:\/\/bender-reifen.de\/de\/altreifen-recycling\/umwelt\/zare\/#primaryimage\"},\"thumbnailUrl\":\"https:\/\/bender-reifen.de\/wp-content\/uploads\/2016\/11\/zare-logo-1.png\",\"datePublished\":\"2018-08-01T10:42:38+00:00\",\"dateModified\":\"2021-02-11T13:51:53+00:00\",\"description\":\"Zertifizierter ZARE Reifen Recycling Betrieb. Wir sind ein anerkannter Entsorgungsfachbetrieb mit weltweiten Verbindungen.\",\"breadcrumb\":{\"@id\":\"https:\/\/bender-reifen.de\/de\/altreifen-recycling\/umwelt\/zare\/#breadcrumb\"},\"inLanguage\":\"de\",\"potentialAction\":[{\"@type\":\"ReadAction\",\"target\":[\"https:\/\/bender-reifen.de\/de\/altreifen-recycling\/umwelt\/zare\/\"]}]},{\"@type\":\"ImageObject\",\"inLanguage\":\"de\",\"@id\":\"https:\/\/bender-reifen.de\/de\/altreifen-recycling\/umwelt\/zare\/#primaryimage\",\"url\":\"https:\/\/bender-reifen.de\/wp-content\/uploads\/2016\/11\/zare-logo-1.png\",\"contentUrl\":\"https:\/\/bender-reifen.de\/wp-content\/uploads\/2016\/11\/zare-logo-1.png\"},{\"@type\":\"BreadcrumbList\",\"@id\":\"https:\/\/bender-reifen.de\/de\/altreifen-recycling\/umwelt\/zare\/#breadcrumb\",\"itemListElement\":[{\"@type\":\"ListItem\",\"position\":1,\"name\":\"Startseite\",\"item\":\"https:\/\/bender-reifen.de\/de\/\"},{\"@type\":\"ListItem\",\"position\":2,\"name\":\"Altreifen Recycling\",\"item\":\"https:\/\/bender-reifen.de\/de\/altreifen-recycling\/\"},{\"@type\":\"ListItem\",\"position\":3,\"name\":\"Umwelt\",\"item\":\"https:\/\/bender-reifen.de\/de\/altreifen-recycling\/umwelt\/\"},{\"@type\":\"ListItem\",\"position\":4,\"name\":\"ZARE\"}]},{\"@type\":\"WebSite\",\"@id\":\"https:\/\/bender-reifen.de\/de\/#website\",\"url\":\"https:\/\/bender-reifen.de\/de\/\",\"name\":\"Bender Reifen Recycling\",\"description\":\"Ihr Partner, wenn es um Reifen geht.\",\"potentialAction\":[{\"@type\":\"SearchAction\",\"target\":{\"@type\":\"EntryPoint\",\"urlTemplate\":\"https:\/\/bender-reifen.de\/de\/?s={search_term_string}\"},\"query-input\":{\"@type\":\"PropertyValueSpecification\",\"valueRequired\":true,\"valueName\":\"search_term_string\"}}],\"inLanguage\":\"de\"}]}<\/script>\n<!-- \/ Yoast SEO plugin. -->","yoast_head_json":{"title":"Zertifizierter Altreifen Entsorger - Bender Reifen Recycling","description":"Zertifizierter ZARE Reifen Recycling Betrieb. Wir sind ein anerkannter Entsorgungsfachbetrieb mit weltweiten Verbindungen.","robots":{"index":"index","follow":"follow","max-snippet":"max-snippet:-1","max-image-preview":"max-image-preview:large","max-video-preview":"max-video-preview:-1"},"canonical":"https:\/\/bender-reifen.de\/de\/altreifen-recycling\/umwelt\/zare\/","og_locale":"de_DE","og_type":"article","og_title":"Zertifizierter Altreifen Entsorger - Bender Reifen Recycling","og_description":"Zertifizierter ZARE Reifen Recycling Betrieb. Wir sind ein anerkannter Entsorgungsfachbetrieb mit weltweiten Verbindungen.","og_url":"https:\/\/bender-reifen.de\/de\/altreifen-recycling\/umwelt\/zare\/","og_site_name":"Bender Reifen Recycling","article_modified_time":"2021-02-11T13:51:53+00:00","og_image":[{"url":"https:\/\/bender-reifen.de\/wp-content\/uploads\/2016\/11\/zare-logo-1.png","type":"","width":"","height":""}],"twitter_card":"summary_large_image","twitter_misc":{"Gesch\u00e4tzte Lesezeit":"2\u00a0Minuten"},"schema":{"@context":"https:\/\/schema.org","@graph":[{"@type":"WebPage","@id":"https:\/\/bender-reifen.de\/de\/altreifen-recycling\/umwelt\/zare\/","url":"https:\/\/bender-reifen.de\/de\/altreifen-recycling\/umwelt\/zare\/","name":"Zertifizierter Altreifen Entsorger - Bender Reifen Recycling","isPartOf":{"@id":"https:\/\/bender-reifen.de\/de\/#website"},"primaryImageOfPage":{"@id":"https:\/\/bender-reifen.de\/de\/altreifen-recycling\/umwelt\/zare\/#primaryimage"},"image":{"@id":"https:\/\/bender-reifen.de\/de\/altreifen-recycling\/umwelt\/zare\/#primaryimage"},"thumbnailUrl":"https:\/\/bender-reifen.de\/wp-content\/uploads\/2016\/11\/zare-logo-1.png","datePublished":"2018-08-01T10:42:38+00:00","dateModified":"2021-02-11T13:51:53+00:00","description":"Zertifizierter ZARE Reifen Recycling Betrieb. Wir sind ein anerkannter Entsorgungsfachbetrieb mit weltweiten Verbindungen.","breadcrumb":{"@id":"https:\/\/bender-reifen.de\/de\/altreifen-recycling\/umwelt\/zare\/#breadcrumb"},"inLanguage":"de","potentialAction":[{"@type":"ReadAction","target":["https:\/\/bender-reifen.de\/de\/altreifen-recycling\/umwelt\/zare\/"]}]},{"@type":"ImageObject","inLanguage":"de","@id":"https:\/\/bender-reifen.de\/de\/altreifen-recycling\/umwelt\/zare\/#primaryimage","url":"https:\/\/bender-reifen.de\/wp-content\/uploads\/2016\/11\/zare-logo-1.png","contentUrl":"https:\/\/bender-reifen.de\/wp-content\/uploads\/2016\/11\/zare-logo-1.png"},{"@type":"BreadcrumbList","@id":"https:\/\/bender-reifen.de\/de\/altreifen-recycling\/umwelt\/zare\/#breadcrumb","itemListElement":[{"@type":"ListItem","position":1,"name":"Startseite","item":"https:\/\/bender-reifen.de\/de\/"},{"@type":"ListItem","position":2,"name":"Altreifen Recycling","item":"https:\/\/bender-reifen.de\/de\/altreifen-recycling\/"},{"@type":"ListItem","position":3,"name":"Umwelt","item":"https:\/\/bender-reifen.de\/de\/altreifen-recycling\/umwelt\/"},{"@type":"ListItem","position":4,"name":"ZARE"}]},{"@type":"WebSite","@id":"https:\/\/bender-reifen.de\/de\/#website","url":"https:\/\/bender-reifen.de\/de\/","name":"Bender Reifen Recycling","description":"Ihr Partner, wenn es um Reifen geht.","potentialAction":[{"@type":"SearchAction","target":{"@type":"EntryPoint","urlTemplate":"https:\/\/bender-reifen.de\/de\/?s={search_term_string}"},"query-input":{"@type":"PropertyValueSpecification","valueRequired":true,"valueName":"search_term_string"}}],"inLanguage":"de"}]}},"_links":{"self":[{"href":"https:\/\/bender-reifen.de\/de\/wp-json\/wp\/v2\/pages\/24995","targetHints":{"allow":["GET"]}}],"collection":[{"href":"https:\/\/bender-reifen.de\/de\/wp-json\/wp\/v2\/pages"}],"about":[{"href":"https:\/\/bender-reifen.de\/de\/wp-json\/wp\/v2\/types\/page"}],"author":[{"embeddable":true,"href":"https:\/\/bender-reifen.de\/de\/wp-json\/wp\/v2\/users\/2"}],"replies":[{"embeddable":true,"href":"https:\/\/bender-reifen.de\/de\/wp-json\/wp\/v2\/comments?post=24995"}],"version-history":[{"count":0,"href":"https:\/\/bender-reifen.de\/de\/wp-json\/wp\/v2\/pages\/24995\/revisions"}],"up":[{"embeddable":true,"href":"https:\/\/bender-reifen.de\/de\/wp-json\/wp\/v2\/pages\/24966"}],"wp:attachment":[{"href":"https:\/\/bender-reifen.de\/de\/wp-json\/wp\/v2\/media?parent=24995"}],"curies":[{"name":"wp","href":"https:\/\/api.w.org\/{rel}","templated":true}]}}