{"id":24997,"date":"2018-08-01T12:46:15","date_gmt":"2018-08-01T10:46:15","guid":{"rendered":"https:\/\/bender-reifen.de\/?page_id=24997"},"modified":"2020-11-16T12:30:27","modified_gmt":"2020-11-16T11:30:27","slug":"zertifizierte-qualitaet","status":"publish","type":"page","link":"https:\/\/bender-reifen.de\/de\/ueber-uns\/zertifizierte-qualitaet\/","title":{"rendered":"Zertifizierte Qualit\u00e4t"},"content":{"rendered":"\t\t<div data-elementor-type=\"wp-page\" data-elementor-id=\"24997\" class=\"elementor elementor-24997\" data-elementor-post-type=\"page\">\n\t\t\t\t\t\t<section class=\"elementor-section elementor-top-section elementor-element elementor-element-fad6e4a elementor-section-boxed elementor-section-height-default elementor-section-height-default\" data-id=\"fad6e4a\" data-element_type=\"section\" data-e-type=\"section\">\n\t\t\t\t\t\t<div class=\"elementor-container elementor-column-gap-default\">\n\t\t\t\t\t<div class=\"elementor-column elementor-col-100 elementor-top-column elementor-element elementor-element-42abfcc\" data-id=\"42abfcc\" data-element_type=\"column\" data-e-type=\"column\">\n\t\t\t<div class=\"elementor-widget-wrap elementor-element-populated\">\n\t\t\t\t\t\t<div class=\"elementor-element elementor-element-dda754c elementor-widget elementor-widget-heading\" data-id=\"dda754c\" data-element_type=\"widget\" data-e-type=\"widget\" data-widget_type=\"heading.default\">\n\t\t\t\t<div class=\"elementor-widget-container\">\n\t\t\t\t\t<h2 class=\"elementor-heading-title elementor-size-default\">Verlassen Sie sich auf die Qualit\u00e4t unserer Arbeit\n<\/h2>\t\t\t\t<\/div>\n\t\t\t\t<\/div>\n\t\t\t\t<div class=\"elementor-element elementor-element-d8ddba8 elementor-widget elementor-widget-text-editor\" data-id=\"d8ddba8\" data-element_type=\"widget\" data-e-type=\"widget\" data-widget_type=\"text-editor.default\">\n\t\t\t\t<div class=\"elementor-widget-container\">\n\t\t\t\t\t\t\t\t\t<p>Wir sind stolz darauf, ein zertifizierter Entsorgungsfachbetrieb zu sein. Regelm\u00e4\u00dfig werden wir von unabh\u00e4ngigen Zertifizierungsstellen \u00fcberpr\u00fcft und f\u00fcr unsere Arbeit ausgezeichnet. Bei der Pr\u00fcfung kommt ein neutraler Experte in unseren Betrieb und schaut sich Prozesse, Verfahren und den Umgang mit Ressourcen genau an. Nur wenn alles stimmt, werden Unternehmen ausgezeichnet und offiziell zertifiziert.<\/p><p><\/p>\t\t\t\t\t\t\t\t<\/div>\n\t\t\t\t<\/div>\n\t\t\t\t\t<\/div>\n\t\t<\/div>\n\t\t\t\t\t<\/div>\n\t\t<\/section>\n\t\t\t\t<section class=\"elementor-section elementor-top-section elementor-element elementor-element-fce165f elementor-section-boxed elementor-section-height-default elementor-section-height-default\" data-id=\"fce165f\" data-element_type=\"section\" data-e-type=\"section\">\n\t\t\t\t\t\t<div class=\"elementor-container elementor-column-gap-default\">\n\t\t\t\t\t<div class=\"elementor-column elementor-col-100 elementor-top-column elementor-element elementor-element-6f81229\" data-id=\"6f81229\" data-element_type=\"column\" data-e-type=\"column\">\n\t\t\t<div class=\"elementor-widget-wrap elementor-element-populated\">\n\t\t\t\t\t\t<div class=\"elementor-element elementor-element-53d63f8 elementor-widget elementor-widget-heading\" data-id=\"53d63f8\" data-element_type=\"widget\" data-e-type=\"widget\" data-widget_type=\"heading.default\">\n\t\t\t\t<div class=\"elementor-widget-container\">\n\t\t\t\t\t<h2 class=\"elementor-heading-title elementor-size-default\">Zertifikate als zertifizierter Entsorgungsfachbetrieb\n<\/h2>\t\t\t\t<\/div>\n\t\t\t\t<\/div>\n\t\t\t\t<div class=\"elementor-element elementor-element-3ebf500 elementor-widget elementor-widget-text-editor\" data-id=\"3ebf500\" data-element_type=\"widget\" data-e-type=\"widget\" data-widget_type=\"text-editor.default\">\n\t\t\t\t<div class=\"elementor-widget-container\">\n\t\t\t\t\t\t\t\t\t<p>Auch unabh\u00e4ngig von den offiziellen Zertifikaten stellen wir hohe Anspr\u00fcche an die Qualit\u00e4t unserer Arbeit. Wir sind nicht einfach ein Altreifenentsorger: Unser Anspruch ist es, ein starker Partner f\u00fcr Sie zu sein. Das bedeutet, dass unser Qualit\u00e4tsanspruch nicht bei den Altreifen aufh\u00f6rt, sondern in gleichem Ma\u00dfe f\u00fcr den Service gilt, den wir Ihnen liefern.<\/p><p><\/p>\t\t\t\t\t\t\t\t<\/div>\n\t\t\t\t<\/div>\n\t\t\t\t<div class=\"elementor-element elementor-element-34201eb elementor-align-center elementor-mobile-align-justify elementor-widget elementor-widget-button\" data-id=\"34201eb\" data-element_type=\"widget\" data-e-type=\"widget\" data-widget_type=\"button.default\">\n\t\t\t\t<div class=\"elementor-widget-container\">\n\t\t\t\t\t\t\t\t\t<div class=\"elementor-button-wrapper\">\n\t\t\t\t\t<a class=\"elementor-button elementor-button-link elementor-size-sm\" href=\"https:\/\/bender-reifen.de\/de\/kontakt\/\">\n\t\t\t\t\t\t<span class=\"elementor-button-content-wrapper\">\n\t\t\t\t\t\t<span class=\"elementor-button-icon\">\n\t\t\t\t<svg aria-hidden=\"true\" class=\"e-font-icon-svg e-fas-envelope\" viewBox=\"0 0 512 512\" xmlns=\"http:\/\/www.w3.org\/2000\/svg\"><path d=\"M502.3 190.8c3.9-3.1 9.7-.2 9.7 4.7V400c0 26.5-21.5 48-48 48H48c-26.5 0-48-21.5-48-48V195.6c0-5 5.7-7.8 9.7-4.7 22.4 17.4 52.1 39.5 154.1 113.6 21.1 15.4 56.7 47.8 92.2 47.6 35.7.3 72-32.8 92.3-47.6 102-74.1 131.6-96.3 154-113.7zM256 320c23.2.4 56.6-29.2 73.4-41.4 132.7-96.3 142.8-104.7 173.4-128.7 5.8-4.5 9.2-11.5 9.2-18.9v-19c0-26.5-21.5-48-48-48H48C21.5 64 0 85.5 0 112v19c0 7.4 3.4 14.3 9.2 18.9 30.6 23.9 40.7 32.4 173.4 128.7 16.8 12.2 50.2 41.8 73.4 41.4z\"><\/path><\/svg>\t\t\t<\/span>\n\t\t\t\t\t\t\t\t\t<span class=\"elementor-button-text\">Probieren Sie es aus und testen Sie uns<\/span>\n\t\t\t\t\t<\/span>\n\t\t\t\t\t<\/a>\n\t\t\t\t<\/div>\n\t\t\t\t\t\t\t\t<\/div>\n\t\t\t\t<\/div>\n\t\t\t\t\t<\/div>\n\t\t<\/div>\n\t\t\t\t\t<\/div>\n\t\t<\/section>\n\t\t\t\t<\/div>\n\t\t","protected":false},"excerpt":{"rendered":"<p>Verlassen Sie sich auf die Qualit\u00e4t unserer Arbeit Wir sind stolz darauf, ein zertifizierter Entsorgungsfachbetrieb zu sein. Regelm\u00e4\u00dfig werden wir von unabh\u00e4ngigen Zertifizierungsstellen \u00fcberpr\u00fcft und f\u00fcr unsere Arbeit ausgezeichnet. Bei der Pr\u00fcfung kommt ein neutraler Experte in unseren Betrieb und schaut sich Prozesse, Verfahren und den Umgang mit Ressourcen genau an. Nur wenn alles stimmt, [&hellip;]<\/p>\n","protected":false},"author":2,"featured_media":0,"parent":24775,"menu_order":0,"comment_status":"closed","ping_status":"closed","template":"","meta":{"footnotes":""},"class_list":["post-24997","page","type-page","status-publish","hentry"],"yoast_head":"<!-- This site is optimized with the Yoast SEO plugin v27.3 - https:\/\/yoast.com\/product\/yoast-seo-wordpress\/ -->\n<title>Zertifizierte Qualit\u00e4t - Bender Reifen Recycling<\/title>\n<meta name=\"description\" content=\"Verlassen Sie sich auf die Qualit\u00e4t unserer Arbeit. Wir sind stolz darauf, ein zertifizierter Entsorgungsfachbetrieb zu sein.\" \/>\n<meta name=\"robots\" content=\"index, follow, max-snippet:-1, max-image-preview:large, max-video-preview:-1\" \/>\n<link rel=\"canonical\" href=\"https:\/\/bender-reifen.de\/de\/ueber-uns\/zertifizierte-qualitaet\/\" \/>\n<meta property=\"og:locale\" content=\"de_DE\" \/>\n<meta property=\"og:type\" content=\"article\" \/>\n<meta property=\"og:title\" content=\"Zertifizierte Qualit\u00e4t - Bender Reifen Recycling\" \/>\n<meta property=\"og:description\" content=\"Verlassen Sie sich auf die Qualit\u00e4t unserer Arbeit. Wir sind stolz darauf, ein zertifizierter Entsorgungsfachbetrieb zu sein.\" \/>\n<meta property=\"og:url\" content=\"https:\/\/bender-reifen.de\/de\/ueber-uns\/zertifizierte-qualitaet\/\" \/>\n<meta property=\"og:site_name\" content=\"Bender Reifen Recycling\" \/>\n<meta property=\"article:modified_time\" content=\"2020-11-16T11:30:27+00:00\" \/>\n<meta name=\"twitter:card\" content=\"summary_large_image\" \/>\n<meta name=\"twitter:label1\" content=\"Gesch\u00e4tzte Lesezeit\" \/>\n\t<meta name=\"twitter:data1\" content=\"1\u00a0Minute\" \/>\n<script type=\"application\/ld+json\" class=\"yoast-schema-graph\">{\"@context\":\"https:\\\/\\\/schema.org\",\"@graph\":[{\"@type\":\"WebPage\",\"@id\":\"https:\\\/\\\/bender-reifen.de\\\/de\\\/ueber-uns\\\/zertifizierte-qualitaet\\\/\",\"url\":\"https:\\\/\\\/bender-reifen.de\\\/de\\\/ueber-uns\\\/zertifizierte-qualitaet\\\/\",\"name\":\"Zertifizierte Qualit\u00e4t - Bender Reifen Recycling\",\"isPartOf\":{\"@id\":\"https:\\\/\\\/bender-reifen.de\\\/de\\\/#website\"},\"datePublished\":\"2018-08-01T10:46:15+00:00\",\"dateModified\":\"2020-11-16T11:30:27+00:00\",\"description\":\"Verlassen Sie sich auf die Qualit\u00e4t unserer Arbeit. Wir sind stolz darauf, ein zertifizierter Entsorgungsfachbetrieb zu sein.\",\"breadcrumb\":{\"@id\":\"https:\\\/\\\/bender-reifen.de\\\/de\\\/ueber-uns\\\/zertifizierte-qualitaet\\\/#breadcrumb\"},\"inLanguage\":\"de\",\"potentialAction\":[{\"@type\":\"ReadAction\",\"target\":[\"https:\\\/\\\/bender-reifen.de\\\/de\\\/ueber-uns\\\/zertifizierte-qualitaet\\\/\"]}]},{\"@type\":\"BreadcrumbList\",\"@id\":\"https:\\\/\\\/bender-reifen.de\\\/de\\\/ueber-uns\\\/zertifizierte-qualitaet\\\/#breadcrumb\",\"itemListElement\":[{\"@type\":\"ListItem\",\"position\":1,\"name\":\"Startseite\",\"item\":\"https:\\\/\\\/bender-reifen.de\\\/de\\\/\"},{\"@type\":\"ListItem\",\"position\":2,\"name\":\"\u00dcber Uns\",\"item\":\"https:\\\/\\\/bender-reifen.de\\\/de\\\/ueber-uns\\\/\"},{\"@type\":\"ListItem\",\"position\":3,\"name\":\"Zertifizierte Qualit\u00e4t\"}]},{\"@type\":\"WebSite\",\"@id\":\"https:\\\/\\\/bender-reifen.de\\\/de\\\/#website\",\"url\":\"https:\\\/\\\/bender-reifen.de\\\/de\\\/\",\"name\":\"Bender Reifen Recycling\",\"description\":\"Ihr Partner, wenn es um Reifen geht.\",\"potentialAction\":[{\"@type\":\"SearchAction\",\"target\":{\"@type\":\"EntryPoint\",\"urlTemplate\":\"https:\\\/\\\/bender-reifen.de\\\/de\\\/?s={search_term_string}\"},\"query-input\":{\"@type\":\"PropertyValueSpecification\",\"valueRequired\":true,\"valueName\":\"search_term_string\"}}],\"inLanguage\":\"de\"}]}<\/script>\n<!-- \/ Yoast SEO plugin. -->","yoast_head_json":{"title":"Zertifizierte Qualit\u00e4t - Bender Reifen Recycling","description":"Verlassen Sie sich auf die Qualit\u00e4t unserer Arbeit. Wir sind stolz darauf, ein zertifizierter Entsorgungsfachbetrieb zu sein.","robots":{"index":"index","follow":"follow","max-snippet":"max-snippet:-1","max-image-preview":"max-image-preview:large","max-video-preview":"max-video-preview:-1"},"canonical":"https:\/\/bender-reifen.de\/de\/ueber-uns\/zertifizierte-qualitaet\/","og_locale":"de_DE","og_type":"article","og_title":"Zertifizierte Qualit\u00e4t - Bender Reifen Recycling","og_description":"Verlassen Sie sich auf die Qualit\u00e4t unserer Arbeit. Wir sind stolz darauf, ein zertifizierter Entsorgungsfachbetrieb zu sein.","og_url":"https:\/\/bender-reifen.de\/de\/ueber-uns\/zertifizierte-qualitaet\/","og_site_name":"Bender Reifen Recycling","article_modified_time":"2020-11-16T11:30:27+00:00","twitter_card":"summary_large_image","twitter_misc":{"Gesch\u00e4tzte Lesezeit":"1\u00a0Minute"},"schema":{"@context":"https:\/\/schema.org","@graph":[{"@type":"WebPage","@id":"https:\/\/bender-reifen.de\/de\/ueber-uns\/zertifizierte-qualitaet\/","url":"https:\/\/bender-reifen.de\/de\/ueber-uns\/zertifizierte-qualitaet\/","name":"Zertifizierte Qualit\u00e4t - Bender Reifen Recycling","isPartOf":{"@id":"https:\/\/bender-reifen.de\/de\/#website"},"datePublished":"2018-08-01T10:46:15+00:00","dateModified":"2020-11-16T11:30:27+00:00","description":"Verlassen Sie sich auf die Qualit\u00e4t unserer Arbeit. Wir sind stolz darauf, ein zertifizierter Entsorgungsfachbetrieb zu sein.","breadcrumb":{"@id":"https:\/\/bender-reifen.de\/de\/ueber-uns\/zertifizierte-qualitaet\/#breadcrumb"},"inLanguage":"de","potentialAction":[{"@type":"ReadAction","target":["https:\/\/bender-reifen.de\/de\/ueber-uns\/zertifizierte-qualitaet\/"]}]},{"@type":"BreadcrumbList","@id":"https:\/\/bender-reifen.de\/de\/ueber-uns\/zertifizierte-qualitaet\/#breadcrumb","itemListElement":[{"@type":"ListItem","position":1,"name":"Startseite","item":"https:\/\/bender-reifen.de\/de\/"},{"@type":"ListItem","position":2,"name":"\u00dcber Uns","item":"https:\/\/bender-reifen.de\/de\/ueber-uns\/"},{"@type":"ListItem","position":3,"name":"Zertifizierte Qualit\u00e4t"}]},{"@type":"WebSite","@id":"https:\/\/bender-reifen.de\/de\/#website","url":"https:\/\/bender-reifen.de\/de\/","name":"Bender Reifen Recycling","description":"Ihr Partner, wenn es um Reifen geht.","potentialAction":[{"@type":"SearchAction","target":{"@type":"EntryPoint","urlTemplate":"https:\/\/bender-reifen.de\/de\/?s={search_term_string}"},"query-input":{"@type":"PropertyValueSpecification","valueRequired":true,"valueName":"search_term_string"}}],"inLanguage":"de"}]}},"_links":{"self":[{"href":"https:\/\/bender-reifen.de\/de\/wp-json\/wp\/v2\/pages\/24997","targetHints":{"allow":["GET"]}}],"collection":[{"href":"https:\/\/bender-reifen.de\/de\/wp-json\/wp\/v2\/pages"}],"about":[{"href":"https:\/\/bender-reifen.de\/de\/wp-json\/wp\/v2\/types\/page"}],"author":[{"embeddable":true,"href":"https:\/\/bender-reifen.de\/de\/wp-json\/wp\/v2\/users\/2"}],"replies":[{"embeddable":true,"href":"https:\/\/bender-reifen.de\/de\/wp-json\/wp\/v2\/comments?post=24997"}],"version-history":[{"count":0,"href":"https:\/\/bender-reifen.de\/de\/wp-json\/wp\/v2\/pages\/24997\/revisions"}],"up":[{"embeddable":true,"href":"https:\/\/bender-reifen.de\/de\/wp-json\/wp\/v2\/pages\/24775"}],"wp:attachment":[{"href":"https:\/\/bender-reifen.de\/de\/wp-json\/wp\/v2\/media?parent=24997"}],"curies":[{"name":"wp","href":"https:\/\/api.w.org\/{rel}","templated":true}]}}