{"id":24999,"date":"2018-08-01T12:43:41","date_gmt":"2018-08-01T10:43:41","guid":{"rendered":"https:\/\/bender-reifen.de\/?page_id=24999"},"modified":"2026-03-03T13:37:22","modified_gmt":"2026-03-03T12:37:22","slug":"reifenmontage","status":"publish","type":"page","link":"https:\/\/bender-reifen.de\/de\/reifenmontage\/","title":{"rendered":"Reifenmontage"},"content":{"rendered":"\t\t<div data-elementor-type=\"wp-post\" data-elementor-id=\"24999\" class=\"elementor elementor-24999\" data-elementor-post-type=\"page\">\n\t\t\t\t\t\t<section class=\"elementor-section elementor-top-section elementor-element elementor-element-ceec772 elementor-section-boxed elementor-section-height-default elementor-section-height-default\" data-id=\"ceec772\" data-element_type=\"section\" data-e-type=\"section\">\n\t\t\t\t\t\t<div class=\"elementor-container elementor-column-gap-default\">\n\t\t\t\t\t<div class=\"elementor-column elementor-col-100 elementor-top-column elementor-element elementor-element-14c9d77\" data-id=\"14c9d77\" data-element_type=\"column\" data-e-type=\"column\">\n\t\t\t<div class=\"elementor-widget-wrap elementor-element-populated\">\n\t\t\t\t\t\t<div class=\"elementor-element elementor-element-7d0c7b8 elementor-widget elementor-widget-heading\" data-id=\"7d0c7b8\" data-element_type=\"widget\" data-e-type=\"widget\" data-widget_type=\"heading.default\">\n\t\t\t\t<div class=\"elementor-widget-container\">\n\t\t\t\t\t<h2 class=\"elementor-heading-title elementor-size-default\">Wir machen Reifenmontage f\u00fcr Sie!<\/h2>\t\t\t\t<\/div>\n\t\t\t\t<\/div>\n\t\t\t\t\t<\/div>\n\t\t<\/div>\n\t\t\t\t\t<\/div>\n\t\t<\/section>\n\t\t\t\t<section class=\"elementor-section elementor-top-section elementor-element elementor-element-70936ff elementor-section-boxed elementor-section-height-default elementor-section-height-default\" data-id=\"70936ff\" data-element_type=\"section\" data-e-type=\"section\">\n\t\t\t\t\t\t<div class=\"elementor-container elementor-column-gap-default\">\n\t\t\t\t\t<div class=\"elementor-column elementor-col-100 elementor-top-column elementor-element elementor-element-758e2be\" data-id=\"758e2be\" data-element_type=\"column\" data-e-type=\"column\">\n\t\t\t<div class=\"elementor-widget-wrap elementor-element-populated\">\n\t\t\t\t\t\t<div class=\"elementor-element elementor-element-0639354 elementor-widget elementor-widget-text-editor\" data-id=\"0639354\" data-element_type=\"widget\" data-e-type=\"widget\" data-widget_type=\"text-editor.default\">\n\t\t\t\t<div class=\"elementor-widget-container\">\n\t\t\t\t\t\t\t\t\t<p>Fr\u00fcher war es ganz einfach: <strong>im Herbst wurden die Winterreifen und im Fr\u00fchling die Sommerreifen aus der Garage geholt<\/strong> und einfach auf Felge und Fahrzeug montiert. Mittlerweile hat sich aber viel getan. Unsere Autos fahren locker 200 km\/h und sind mit Reifendruckkontrollsystemen (RDKS) ausgestattet. Durch die vielen Fahrzeugtypen (SUV, Van, Oldtimer, Lkws) gibt es immer mehr Reifendimensionen \u2013 im Zusammenhang mit den <b>RDK-Systemen macht das die Reifenmontage immer anspruchsvoller<\/b>.<\/p><p><b>Wir sind echte Reifen-Profis. Egal welches Fahrzeug Sie fahren, ob Pkw, Lkw, Van, SUV, Transporter, Sportwagen, Oldtimer oder Motorrad \u2013 wir haben f\u00fcr jedes Fahrzeug die richtigen Reifen und montieren professionell.\u00a0<\/b><span style=\"font-size: 16px;\">Unsere Mitarbeiter sind technisch hoch modern ausgestattet und wissen um den Wert Ihres Fahrzeugs. Sie behandeln Ihr Auto mit Umsicht und Sorgfalt.\u00a0<\/span><\/p><p><span style=\"font-size: 16px;\"><b>Gerne f\u00fchren wir auch einen kostenlosen Sicherheitscheck an Ihrem Fahrzeug durch<\/b>. Gerade bei Saisonwechseln ist es sinnvoll, die Sicherheitsteile am Fahrzeug zu pr\u00fcfen. Unsere Reifenservice-Werkstatt im Kreis Heilbronn bietet Ihnen einen rundum sicheren und professionellen Service.<\/span><\/p><p><\/p>\t\t\t\t\t\t\t\t<\/div>\n\t\t\t\t<\/div>\n\t\t\t\t\t<\/div>\n\t\t<\/div>\n\t\t\t\t\t<\/div>\n\t\t<\/section>\n\t\t\t\t<section class=\"elementor-section elementor-top-section elementor-element elementor-element-ff044a4 elementor-section-boxed elementor-section-height-default elementor-section-height-default\" data-id=\"ff044a4\" data-element_type=\"section\" data-e-type=\"section\">\n\t\t\t\t\t\t<div class=\"elementor-container elementor-column-gap-default\">\n\t\t\t\t\t<div class=\"elementor-column elementor-col-100 elementor-top-column elementor-element elementor-element-5d567a6\" data-id=\"5d567a6\" data-element_type=\"column\" data-e-type=\"column\">\n\t\t\t<div class=\"elementor-widget-wrap elementor-element-populated\">\n\t\t\t\t\t\t<div class=\"elementor-element elementor-element-55900be elementor-widget elementor-widget-heading\" data-id=\"55900be\" data-element_type=\"widget\" data-e-type=\"widget\" data-widget_type=\"heading.default\">\n\t\t\t\t<div class=\"elementor-widget-container\">\n\t\t\t\t\t<h2 class=\"elementor-heading-title elementor-size-default\">Reifenwechsel Anfrageformular<\/h2>\t\t\t\t<\/div>\n\t\t\t\t<\/div>\n\t\t\t\t<div class=\"elementor-element elementor-element-0578dc1 elementor-widget elementor-widget-text-editor\" data-id=\"0578dc1\" data-element_type=\"widget\" data-e-type=\"widget\" data-widget_type=\"text-editor.default\">\n\t\t\t\t<div class=\"elementor-widget-container\">\n\t\t\t\t\t\t\t\t\t<p>F\u00fcllen Sie einfach das folgende Schnell-Formular aus und fordern Sie eine unverbindliche Kontaktaufnahme an. Wenn Sie gleich einen R\u00fcckruf w\u00fcnschen tragen Sie zus\u00e4tzlich Ihre Telefonnummer ein.<\/p>\t\t\t\t\t\t\t\t<\/div>\n\t\t\t\t<\/div>\n\t\t\t\t<div class=\"elementor-element elementor-element-e698076 elementor-button-align-center elementor-widget elementor-widget-form\" data-id=\"e698076\" data-element_type=\"widget\" data-e-type=\"widget\" data-settings=\"{&quot;step_next_label&quot;:&quot;N\\u00e4chster&quot;,&quot;step_previous_label&quot;:&quot;Voriger&quot;,&quot;button_width&quot;:&quot;100&quot;,&quot;step_type&quot;:&quot;number_text&quot;,&quot;step_icon_shape&quot;:&quot;circle&quot;}\" data-widget_type=\"form.default\">\n\t\t\t\t<div class=\"elementor-widget-container\">\n\t\t\t\t\t\t\t<form class=\"elementor-form\" method=\"post\" name=\"Terminanfrage\" aria-label=\"Terminanfrage\">\n\t\t\t<input type=\"hidden\" name=\"post_id\" value=\"24999\"\/>\n\t\t\t<input type=\"hidden\" name=\"form_id\" value=\"e698076\"\/>\n\t\t\t<input type=\"hidden\" name=\"referer_title\" value=\"Bender Reifen Recycling\" \/>\n\n\t\t\t\n\t\t\t<div class=\"elementor-form-fields-wrapper elementor-labels-above\">\n\t\t\t\t\t\t\t\t<div class=\"elementor-field-type-email elementor-field-group elementor-column elementor-field-group-email elementor-col-100 elementor-field-required\">\n\t\t\t\t\t\t\t\t\t\t\t\t<label for=\"form-field-email\" class=\"elementor-field-label\">\n\t\t\t\t\t\t\t\tIhre E-Mail Adresse (notwendig)\t\t\t\t\t\t\t<\/label>\n\t\t\t\t\t\t\t\t\t\t\t\t\t\t<input size=\"1\" type=\"email\" name=\"form_fields[email]\" id=\"form-field-email\" class=\"elementor-field elementor-size-sm  elementor-field-textual\" placeholder=\"E-Mail\" required=\"required\">\n\t\t\t\t\t\t\t\t\t\t\t<\/div>\n\t\t\t\t\t\t\t\t<div class=\"elementor-field-type-tel elementor-field-group elementor-column elementor-field-group-field_d1618a0 elementor-col-100\">\n\t\t\t\t\t\t\t\t\t\t\t\t<label for=\"form-field-field_d1618a0\" class=\"elementor-field-label\">\n\t\t\t\t\t\t\t\tIhre Telefonnummer\t\t\t\t\t\t\t<\/label>\n\t\t\t\t\t\t\t\t<input size=\"1\" type=\"tel\" name=\"form_fields[field_d1618a0]\" id=\"form-field-field_d1618a0\" class=\"elementor-field elementor-size-sm  elementor-field-textual\" placeholder=\"Telefon\" pattern=\"[0-9()#&amp;+*-=.]+\" title=\"Nur Nummern oder Telefon-Zeichen (#, -, *, etc) werden akzeptiert.\">\n\n\t\t\t\t\t\t<\/div>\n\t\t\t\t\t\t\t\t<div class=\"elementor-field-type-text elementor-field-group elementor-column elementor-field-group-name elementor-col-100\">\n\t\t\t\t\t\t\t\t\t\t\t\t<label for=\"form-field-name\" class=\"elementor-field-label\">\n\t\t\t\t\t\t\t\tIhr Name\t\t\t\t\t\t\t<\/label>\n\t\t\t\t\t\t\t\t\t\t\t\t\t\t<input size=\"1\" type=\"text\" name=\"form_fields[name]\" id=\"form-field-name\" class=\"elementor-field elementor-size-sm  elementor-field-textual\" placeholder=\"Name\">\n\t\t\t\t\t\t\t\t\t\t\t<\/div>\n\t\t\t\t\t\t\t\t<div class=\"elementor-field-type-textarea elementor-field-group elementor-column elementor-field-group-message elementor-col-100\">\n\t\t\t\t\t\t\t\t\t\t\t\t<label for=\"form-field-message\" class=\"elementor-field-label\">\n\t\t\t\t\t\t\t\tIhre Nachricht\t\t\t\t\t\t\t<\/label>\n\t\t\t\t\t\t<textarea class=\"elementor-field-textual elementor-field  elementor-size-sm\" name=\"form_fields[message]\" id=\"form-field-message\" rows=\"4\" placeholder=\"Nachricht\"><\/textarea>\t\t\t\t<\/div>\n\t\t\t\t\t\t\t\t<div class=\"elementor-field-type-acceptance elementor-field-group elementor-column elementor-field-group-field_db85516 elementor-col-100 elementor-field-required\">\n\t\t\t\t\t\t\t<div class=\"elementor-field-subgroup\">\n\t\t\t<span class=\"elementor-field-option\">\n\t\t\t\t<input type=\"checkbox\" name=\"form_fields[field_db85516]\" id=\"form-field-field_db85516\" class=\"elementor-field elementor-size-sm  elementor-acceptance-field\" required=\"required\">\n\t\t\t\t<label for=\"form-field-field_db85516\">Ich habe die Datenschutzerkl\u00e4rung gelesen und akzeptiere die Bestimmungen.<\/label>\t\t\t<\/span>\n\t\t<\/div>\n\t\t\t\t\t\t<\/div>\n\t\t\t\t\t\t\t\t<div class=\"elementor-field-group elementor-column elementor-field-type-submit elementor-col-100 e-form__buttons\">\n\t\t\t\t\t<button class=\"elementor-button elementor-size-sm\" type=\"submit\">\n\t\t\t\t\t\t<span class=\"elementor-button-content-wrapper\">\n\t\t\t\t\t\t\t\t\t\t\t\t\t\t\t\t\t\t\t\t\t\t<span class=\"elementor-button-text\">Absenden<\/span>\n\t\t\t\t\t\t\t\t\t\t\t\t\t<\/span>\n\t\t\t\t\t<\/button>\n\t\t\t\t<\/div>\n\t\t\t<\/div>\n\t\t<\/form>\n\t\t\t\t\t\t<\/div>\n\t\t\t\t<\/div>\n\t\t\t\t\t<\/div>\n\t\t<\/div>\n\t\t\t\t\t<\/div>\n\t\t<\/section>\n\t\t\t\t<section class=\"elementor-section elementor-top-section elementor-element elementor-element-2787a06 elementor-section-boxed elementor-section-height-default elementor-section-height-default\" data-id=\"2787a06\" data-element_type=\"section\" data-e-type=\"section\">\n\t\t\t\t\t\t<div class=\"elementor-container elementor-column-gap-default\">\n\t\t\t\t\t<div class=\"elementor-column elementor-col-100 elementor-top-column elementor-element elementor-element-8ce21a2\" data-id=\"8ce21a2\" data-element_type=\"column\" data-e-type=\"column\">\n\t\t\t<div class=\"elementor-widget-wrap\">\n\t\t\t\t\t\t\t<\/div>\n\t\t<\/div>\n\t\t\t\t\t<\/div>\n\t\t<\/section>\n\t\t\t\t<section class=\"elementor-section elementor-top-section elementor-element elementor-element-6aead59 elementor-section-boxed elementor-section-height-default elementor-section-height-default\" data-id=\"6aead59\" data-element_type=\"section\" data-e-type=\"section\">\n\t\t\t\t\t\t<div class=\"elementor-container elementor-column-gap-default\">\n\t\t\t\t\t<div class=\"elementor-column elementor-col-100 elementor-top-column elementor-element elementor-element-3028c28\" data-id=\"3028c28\" data-element_type=\"column\" data-e-type=\"column\">\n\t\t\t<div class=\"elementor-widget-wrap elementor-element-populated\">\n\t\t\t\t\t\t<div class=\"elementor-element elementor-element-2cf7ace elementor-widget elementor-widget-heading\" data-id=\"2cf7ace\" data-element_type=\"widget\" data-e-type=\"widget\" data-widget_type=\"heading.default\">\n\t\t\t\t<div class=\"elementor-widget-container\">\n\t\t\t\t\t<h3 class=\"elementor-heading-title elementor-size-default\">Reifenmontage - Wann sollten Reifen gewechselt werden?<\/h3>\t\t\t\t<\/div>\n\t\t\t\t<\/div>\n\t\t\t\t<div class=\"elementor-element elementor-element-1258c5b elementor-widget elementor-widget-text-editor\" data-id=\"1258c5b\" data-element_type=\"widget\" data-e-type=\"widget\" data-widget_type=\"text-editor.default\">\n\t\t\t\t<div class=\"elementor-widget-container\">\n\t\t\t\t\t\t\t\t\t<p>Je nachdem, ob Sie einen S-, H-Reifen oder V-Reifen fahren verschlei\u00dft der Reifen mehr oder weniger schnell. <b>Deswegen sollten Sie regelm\u00e4\u00dfig die Profiltiefe \u00fcberpr\u00fcfen. <\/b>Dabei hilft Ihnen eine 1-Euro-M\u00fcnze. Wenn der goldene Rand bereits zu erkennen ist, ist es Zeit f\u00fcr einen Reifenwechsel.<b> Reifen-Experten empfehlen Sommerreifen bis 3 mm zu fahren. Bei weniger Profiltiefe steigt die Aquaplaning Gefahr. <\/b>Bei Winterreifen sollten in jedem Fall am Start des Winters noch 4 mm Reifenprofil vorhanden sein. Bei weniger Profiltiefe verliert der Winterreifen an Grip und die Lamellen nehmen ihre Funktion nicht mehr wahr. Das hei\u00dft, der Bremsweg nimmt zu.<\/p><p><b>Der Gesetzgeber schreibt eine Mindestprofiltiefe von 1,6 mm vor<\/b> &#8211; wenn diese Marke unterschritten wird, droht bei der Fahrt mit einem Motorrad ein Bu\u00dfgeld von 25 \u20ac und bei der Fahrt mit einem Kfz ein <b>Bu\u00dfgeld in H\u00f6he von 60 \u20ac und ein Punkt<\/b>. Dies gilt f\u00fcr Reifen und Felgen jeglicher Art und Zoll Gr\u00f6\u00dfen.<\/p>\t\t\t\t\t\t\t\t<\/div>\n\t\t\t\t<\/div>\n\t\t\t\t\t<\/div>\n\t\t<\/div>\n\t\t\t\t\t<\/div>\n\t\t<\/section>\n\t\t\t\t<section class=\"elementor-section elementor-top-section elementor-element elementor-element-945ee64 elementor-section-boxed elementor-section-height-default elementor-section-height-default\" data-id=\"945ee64\" data-element_type=\"section\" data-e-type=\"section\">\n\t\t\t\t\t\t<div class=\"elementor-container elementor-column-gap-default\">\n\t\t\t\t\t<div class=\"elementor-column elementor-col-100 elementor-top-column elementor-element elementor-element-9dd6914\" data-id=\"9dd6914\" data-element_type=\"column\" data-e-type=\"column\">\n\t\t\t<div class=\"elementor-widget-wrap elementor-element-populated\">\n\t\t\t\t\t\t<div class=\"elementor-element elementor-element-0f4dce0 elementor-widget elementor-widget-heading\" data-id=\"0f4dce0\" data-element_type=\"widget\" data-e-type=\"widget\" data-widget_type=\"heading.default\">\n\t\t\t\t<div class=\"elementor-widget-container\">\n\t\t\t\t\t<h3 class=\"elementor-heading-title elementor-size-default\">Ihr Zusatznutzen durch unsere professionelle Reifenmontage<\/h3>\t\t\t\t<\/div>\n\t\t\t\t<\/div>\n\t\t\t\t<div class=\"elementor-element elementor-element-9ae4a57 elementor-widget elementor-widget-text-editor\" data-id=\"9ae4a57\" data-element_type=\"widget\" data-e-type=\"widget\" data-widget_type=\"text-editor.default\">\n\t\t\t\t<div class=\"elementor-widget-container\">\n\t\t\t\t\t\t\t\t\t<p>Da wir Ihren Radwechsel ausschlie\u00dflich von geschulten Mitarbeitern durchf\u00fchren lassen, wird der Zustand Ihrer Reifen und R\u00e4der stets von aufmerksamen Augen begutachtet. Wir erkennen bei der Reifenmontage schnell, wie es um den Zustand des Reifens bestellt ist. So nehmen wir beispielsweise wahr, <b>ob das Gummi por\u00f6s, oder das Profil Ihrer Reifen schon zu weit runtergefahren ist<\/b> und Sie eventuell \u00fcber eine Achseinstellung bzw. einen Reifenwechsel nachdenken sollten.\u00a0<\/p><p>Einseitig abgefahrene Reifen sind ein Unsicherheitsfaktor und bei scharfen Bremsman\u00f6vern kann das zu Schleudereffekten f\u00fchren. Au\u00dferdem sehen wir, ob bei Ihnen Einfahr- oder Montage-Sch\u00e4den vorliegen.<\/p><p><b>Unsere Experten checken die Reifen und Felgen Ihres Fahrzeugs, damit Sie sicher unterwegs sind \u2013 egal, auf welcher Stra\u00dfe. <a href=\"https:\/\/bender-reifen.de\/de\/kontakt\/\">Gerne informieren wir Sie<\/a>, ob Ihre Reifen noch eine Saison gefahren werden k\u00f6nnen, oder eigentlich ausgetauscht werden m\u00fcssen.<\/b> Wenn ein Reifenwechsel ansteht, haben wir mit Sicherheit f\u00fcr Ihr Fahrzeug die passenden Reifen.<\/p><p><\/p>\t\t\t\t\t\t\t\t<\/div>\n\t\t\t\t<\/div>\n\t\t\t\t<div class=\"elementor-element elementor-element-cee8c29 elementor-widget elementor-widget-image\" data-id=\"cee8c29\" data-element_type=\"widget\" data-e-type=\"widget\" data-widget_type=\"image.default\">\n\t\t\t\t<div class=\"elementor-widget-container\">\n\t\t\t\t\t\t\t\t\t\t\t\t\t\t\t<img fetchpriority=\"high\" decoding=\"async\" width=\"800\" height=\"400\" src=\"https:\/\/bender-reifen.de\/wp-content\/uploads\/bender_reifen_-_reifenmontage.jpg\" class=\"attachment-large size-large wp-image-25298\" alt=\"Bender Reifen Recycling - Reifenmontage\" srcset=\"https:\/\/bender-reifen.de\/wp-content\/uploads\/bender_reifen_-_reifenmontage.jpg 1200w, https:\/\/bender-reifen.de\/wp-content\/uploads\/bender_reifen_-_reifenmontage-500x250.jpg 500w, https:\/\/bender-reifen.de\/wp-content\/uploads\/bender_reifen_-_reifenmontage-768x384.jpg 768w, https:\/\/bender-reifen.de\/wp-content\/uploads\/bender_reifen_-_reifenmontage-1080x540.jpg 1080w\" sizes=\"(max-width: 800px) 100vw, 800px\" title=\"Bender Reifen Recycling - Reifenmontage\" \/>\t\t\t\t\t\t\t\t\t\t\t\t\t\t\t<\/div>\n\t\t\t\t<\/div>\n\t\t\t\t\t<\/div>\n\t\t<\/div>\n\t\t\t\t\t<\/div>\n\t\t<\/section>\n\t\t\t\t<\/div>\n\t\t","protected":false},"excerpt":{"rendered":"<p>Wir machen Reifenmontage f\u00fcr Sie! Fr\u00fcher war es ganz einfach: im Herbst wurden die Winterreifen und im Fr\u00fchling die Sommerreifen aus der Garage geholt und einfach auf Felge und Fahrzeug montiert. Mittlerweile hat sich aber viel getan. Unsere Autos fahren locker 200 km\/h und sind mit Reifendruckkontrollsystemen (RDKS) ausgestattet. Durch die vielen Fahrzeugtypen (SUV, Van, [&hellip;]<\/p>\n","protected":false},"author":2,"featured_media":25866,"parent":0,"menu_order":0,"comment_status":"closed","ping_status":"closed","template":"","meta":{"footnotes":""},"class_list":["post-24999","page","type-page","status-publish","has-post-thumbnail","hentry"],"yoast_head":"<!-- This site is optimized with the Yoast SEO plugin v27.2 - https:\/\/yoast.com\/product\/yoast-seo-wordpress\/ -->\n<title>Reifenmontage von Profis | Fachgerecht &amp; Sicher - Rufen Sie uns an!<\/title>\n<meta name=\"description\" content=\"Bei der Reifenmontage sind wir echte Profis und montieren Ihre Pkw und Lkw Reifen fachgerecht und professionell. Vereinbaren Sie jetzt einen Termin.\" \/>\n<meta name=\"robots\" content=\"index, follow, max-snippet:-1, max-image-preview:large, max-video-preview:-1\" \/>\n<link rel=\"canonical\" href=\"https:\/\/bender-reifen.de\/de\/reifenmontage\/\" \/>\n<meta property=\"og:locale\" content=\"de_DE\" \/>\n<meta property=\"og:type\" content=\"article\" \/>\n<meta property=\"og:title\" content=\"Reifenmontage von Profis | Fachgerecht &amp; Sicher - Rufen Sie uns an!\" \/>\n<meta property=\"og:description\" content=\"Bei der Reifenmontage sind wir echte Profis und montieren Ihre Pkw und Lkw Reifen fachgerecht und professionell. Vereinbaren Sie jetzt einen Termin.\" \/>\n<meta property=\"og:url\" content=\"https:\/\/bender-reifen.de\/de\/reifenmontage\/\" \/>\n<meta property=\"og:site_name\" content=\"Bender Reifen Recycling\" \/>\n<meta property=\"article:modified_time\" content=\"2026-03-03T12:37:22+00:00\" \/>\n<meta property=\"og:image\" content=\"https:\/\/bender-reifen.de\/wp-content\/uploads\/bender-reifen-recycling-necksarsulm_reifenmontage.jpg\" \/>\n\t<meta property=\"og:image:width\" content=\"824\" \/>\n\t<meta property=\"og:image:height\" content=\"458\" \/>\n\t<meta property=\"og:image:type\" content=\"image\/jpeg\" \/>\n<meta name=\"twitter:card\" content=\"summary_large_image\" \/>\n<meta name=\"twitter:label1\" content=\"Gesch\u00e4tzte Lesezeit\" \/>\n\t<meta name=\"twitter:data1\" content=\"4\u00a0Minuten\" \/>\n<script type=\"application\/ld+json\" class=\"yoast-schema-graph\">{\"@context\":\"https:\/\/schema.org\",\"@graph\":[{\"@type\":\"WebPage\",\"@id\":\"https:\/\/bender-reifen.de\/de\/reifenmontage\/\",\"url\":\"https:\/\/bender-reifen.de\/de\/reifenmontage\/\",\"name\":\"Reifenmontage von Profis | Fachgerecht & Sicher - Rufen Sie uns an!\",\"isPartOf\":{\"@id\":\"https:\/\/bender-reifen.de\/de\/#website\"},\"primaryImageOfPage\":{\"@id\":\"https:\/\/bender-reifen.de\/de\/reifenmontage\/#primaryimage\"},\"image\":{\"@id\":\"https:\/\/bender-reifen.de\/de\/reifenmontage\/#primaryimage\"},\"thumbnailUrl\":\"https:\/\/bender-reifen.de\/wp-content\/uploads\/bender-reifen-recycling-necksarsulm_reifenmontage.jpg\",\"datePublished\":\"2018-08-01T10:43:41+00:00\",\"dateModified\":\"2026-03-03T12:37:22+00:00\",\"description\":\"Bei der Reifenmontage sind wir echte Profis und montieren Ihre Pkw und Lkw Reifen fachgerecht und professionell. Vereinbaren Sie jetzt einen Termin.\",\"breadcrumb\":{\"@id\":\"https:\/\/bender-reifen.de\/de\/reifenmontage\/#breadcrumb\"},\"inLanguage\":\"de\",\"potentialAction\":[{\"@type\":\"ReadAction\",\"target\":[\"https:\/\/bender-reifen.de\/de\/reifenmontage\/\"]}]},{\"@type\":\"ImageObject\",\"inLanguage\":\"de\",\"@id\":\"https:\/\/bender-reifen.de\/de\/reifenmontage\/#primaryimage\",\"url\":\"https:\/\/bender-reifen.de\/wp-content\/uploads\/bender-reifen-recycling-necksarsulm_reifenmontage.jpg\",\"contentUrl\":\"https:\/\/bender-reifen.de\/wp-content\/uploads\/bender-reifen-recycling-necksarsulm_reifenmontage.jpg\",\"width\":824,\"height\":458,\"caption\":\"Bender Reifen Recycling - Reifenmontage\"},{\"@type\":\"BreadcrumbList\",\"@id\":\"https:\/\/bender-reifen.de\/de\/reifenmontage\/#breadcrumb\",\"itemListElement\":[{\"@type\":\"ListItem\",\"position\":1,\"name\":\"Startseite\",\"item\":\"https:\/\/bender-reifen.de\/de\/\"},{\"@type\":\"ListItem\",\"position\":2,\"name\":\"Reifenmontage\"}]},{\"@type\":\"WebSite\",\"@id\":\"https:\/\/bender-reifen.de\/de\/#website\",\"url\":\"https:\/\/bender-reifen.de\/de\/\",\"name\":\"Bender Reifen Recycling\",\"description\":\"Ihr Partner, wenn es um Reifen geht.\",\"potentialAction\":[{\"@type\":\"SearchAction\",\"target\":{\"@type\":\"EntryPoint\",\"urlTemplate\":\"https:\/\/bender-reifen.de\/de\/?s={search_term_string}\"},\"query-input\":{\"@type\":\"PropertyValueSpecification\",\"valueRequired\":true,\"valueName\":\"search_term_string\"}}],\"inLanguage\":\"de\"}]}<\/script>\n<!-- \/ Yoast SEO plugin. -->","yoast_head_json":{"title":"Reifenmontage von Profis | Fachgerecht & Sicher - Rufen Sie uns an!","description":"Bei der Reifenmontage sind wir echte Profis und montieren Ihre Pkw und Lkw Reifen fachgerecht und professionell. Vereinbaren Sie jetzt einen Termin.","robots":{"index":"index","follow":"follow","max-snippet":"max-snippet:-1","max-image-preview":"max-image-preview:large","max-video-preview":"max-video-preview:-1"},"canonical":"https:\/\/bender-reifen.de\/de\/reifenmontage\/","og_locale":"de_DE","og_type":"article","og_title":"Reifenmontage von Profis | Fachgerecht & Sicher - Rufen Sie uns an!","og_description":"Bei der Reifenmontage sind wir echte Profis und montieren Ihre Pkw und Lkw Reifen fachgerecht und professionell. Vereinbaren Sie jetzt einen Termin.","og_url":"https:\/\/bender-reifen.de\/de\/reifenmontage\/","og_site_name":"Bender Reifen Recycling","article_modified_time":"2026-03-03T12:37:22+00:00","og_image":[{"width":824,"height":458,"url":"https:\/\/bender-reifen.de\/wp-content\/uploads\/bender-reifen-recycling-necksarsulm_reifenmontage.jpg","type":"image\/jpeg"}],"twitter_card":"summary_large_image","twitter_misc":{"Gesch\u00e4tzte Lesezeit":"4\u00a0Minuten"},"schema":{"@context":"https:\/\/schema.org","@graph":[{"@type":"WebPage","@id":"https:\/\/bender-reifen.de\/de\/reifenmontage\/","url":"https:\/\/bender-reifen.de\/de\/reifenmontage\/","name":"Reifenmontage von Profis | Fachgerecht & Sicher - Rufen Sie uns an!","isPartOf":{"@id":"https:\/\/bender-reifen.de\/de\/#website"},"primaryImageOfPage":{"@id":"https:\/\/bender-reifen.de\/de\/reifenmontage\/#primaryimage"},"image":{"@id":"https:\/\/bender-reifen.de\/de\/reifenmontage\/#primaryimage"},"thumbnailUrl":"https:\/\/bender-reifen.de\/wp-content\/uploads\/bender-reifen-recycling-necksarsulm_reifenmontage.jpg","datePublished":"2018-08-01T10:43:41+00:00","dateModified":"2026-03-03T12:37:22+00:00","description":"Bei der Reifenmontage sind wir echte Profis und montieren Ihre Pkw und Lkw Reifen fachgerecht und professionell. Vereinbaren Sie jetzt einen Termin.","breadcrumb":{"@id":"https:\/\/bender-reifen.de\/de\/reifenmontage\/#breadcrumb"},"inLanguage":"de","potentialAction":[{"@type":"ReadAction","target":["https:\/\/bender-reifen.de\/de\/reifenmontage\/"]}]},{"@type":"ImageObject","inLanguage":"de","@id":"https:\/\/bender-reifen.de\/de\/reifenmontage\/#primaryimage","url":"https:\/\/bender-reifen.de\/wp-content\/uploads\/bender-reifen-recycling-necksarsulm_reifenmontage.jpg","contentUrl":"https:\/\/bender-reifen.de\/wp-content\/uploads\/bender-reifen-recycling-necksarsulm_reifenmontage.jpg","width":824,"height":458,"caption":"Bender Reifen Recycling - Reifenmontage"},{"@type":"BreadcrumbList","@id":"https:\/\/bender-reifen.de\/de\/reifenmontage\/#breadcrumb","itemListElement":[{"@type":"ListItem","position":1,"name":"Startseite","item":"https:\/\/bender-reifen.de\/de\/"},{"@type":"ListItem","position":2,"name":"Reifenmontage"}]},{"@type":"WebSite","@id":"https:\/\/bender-reifen.de\/de\/#website","url":"https:\/\/bender-reifen.de\/de\/","name":"Bender Reifen Recycling","description":"Ihr Partner, wenn es um Reifen geht.","potentialAction":[{"@type":"SearchAction","target":{"@type":"EntryPoint","urlTemplate":"https:\/\/bender-reifen.de\/de\/?s={search_term_string}"},"query-input":{"@type":"PropertyValueSpecification","valueRequired":true,"valueName":"search_term_string"}}],"inLanguage":"de"}]}},"_links":{"self":[{"href":"https:\/\/bender-reifen.de\/de\/wp-json\/wp\/v2\/pages\/24999","targetHints":{"allow":["GET"]}}],"collection":[{"href":"https:\/\/bender-reifen.de\/de\/wp-json\/wp\/v2\/pages"}],"about":[{"href":"https:\/\/bender-reifen.de\/de\/wp-json\/wp\/v2\/types\/page"}],"author":[{"embeddable":true,"href":"https:\/\/bender-reifen.de\/de\/wp-json\/wp\/v2\/users\/2"}],"replies":[{"embeddable":true,"href":"https:\/\/bender-reifen.de\/de\/wp-json\/wp\/v2\/comments?post=24999"}],"version-history":[{"count":6,"href":"https:\/\/bender-reifen.de\/de\/wp-json\/wp\/v2\/pages\/24999\/revisions"}],"predecessor-version":[{"id":43225,"href":"https:\/\/bender-reifen.de\/de\/wp-json\/wp\/v2\/pages\/24999\/revisions\/43225"}],"wp:featuredmedia":[{"embeddable":true,"href":"https:\/\/bender-reifen.de\/de\/wp-json\/wp\/v2\/media\/25866"}],"wp:attachment":[{"href":"https:\/\/bender-reifen.de\/de\/wp-json\/wp\/v2\/media?parent=24999"}],"curies":[{"name":"wp","href":"https:\/\/api.w.org\/{rel}","templated":true}]}}